{"id":288578,"date":"2025-03-05T08:00:39","date_gmt":"2025-03-05T08:00:39","guid":{"rendered":"https:\/\/nbg.eu\/prodcut\/magpul-prs-gen3-precision-adjustable-stock\/"},"modified":"2026-01-21T12:16:50","modified_gmt":"2026-01-21T09:16:50","slug":"magpul-prs-gen3-precision-adjustable-stock","status":"publish","type":"product","link":"https:\/\/nbg.eu\/mt\/product\/magpul-prs-gen3-precision-adjustable-stock\/","title":{"rendered":"Magpul &#8211; PRS\u00ae GEN3 Precision-Adjustable Stock"},"content":{"rendered":"<div class=\"product-description\">\n<h2>Magpul &#8211; PRS\u00ae GEN3 Stokk A\u0121\u0121ustabbli bi Pre\u010bi\u017cjoni<\/h2>\n<p>Il-PRS GEN3 huwa stokk ta&#8217; pre\u010bi\u017cjoni g\u0127al pjattaformi AR15\/M16 u AR10\/SR25, li joffri a\u0121\u0121ustament ming\u0127ajr g\u0127odda g\u0127at-tul tal-\u0121bid u l-g\u0127oli tal-bi\u010b\u010ba tal-\u0127addejn. Huwa mfassal g\u0127al snipers semi-awtomati\u010bi jew rifles tal-varmint, u jipprovdi interfa\u010bja stabbli u qisien kwa\u017ci universali.<\/p>\n<ul>\n<li>Ottimizzat g\u0127al estensjonijiet tar-ri\u010bevitur ta&#8217; tul ta&#8217; rifle<\/li>\n<li>Kompatibbli ma&#8217; \u0127afna tubi Mil-Spec Carbine u tul A5<\/li>\n<li>Pad tal-qieg\u0127 tal-lastku a\u0121\u0121ustabbli g\u0127all-inklinazzjoni\/g\u0127oli<\/li>\n<li>Kikkri tal-\u0127oloq tal-isling QD li jillimitaw ir-rotazzjoni<\/li>\n<li>Slots M-LOK\u00ae g\u0127all-immuntar ta&#8217; monopod fuq wara<\/li>\n<li>Mag\u0127mul fl-Istati Uniti<\/li>\n<\/ul>\n<p>Il-PRS GEN3 g\u0127andu buttuni ta&#8217; a\u0121\u0121ustament tal-aluminju mmaxinjati, xaftijiet tal-azzar b&#8217;finitura Melonite\u00ae, u g\u0127a\u017cliet multipli ta&#8217; mmuntar tal-isling, u huwa mibni g\u0127al durabilit\u00e0 u versatilit\u00e0 fil-qasam.<\/p>\n<\/div>\n","protected":false},"excerpt":{"rendered":"<p>Stokk tal-AR bi pre\u010bi\u017cjoni b&#8217;a\u0121\u0121ustament ming\u0127ajr g\u0127odda g\u0127at-tul tal-parti tal-ispalla u l-g\u0127oli tal-\u0127addejn.<\/p>\n","protected":false},"featured_media":238364,"template":"","meta":{"_acf_changed":false},"product_brand":[11539],"product_cat":[14158,14154,14119],"product_tag":[],"class_list":{"0":"post-288578","1":"product","2":"type-product","3":"status-publish","4":"has-post-thumbnail","6":"product_brand-magpul","7":"product_cat-rifle","8":"product_cat-stocks-tar-rifle","9":"product_cat-tuning-tar-rifle","11":"first","12":"instock","13":"taxable","14":"shipping-taxable","15":"purchasable","16":"product-type-variable","17":"wvs-archive-product-wrapper"},"acf":[],"_links":{"self":[{"href":"https:\/\/nbg.eu\/mt\/wp-json\/wp\/v2\/product\/288578","targetHints":{"allow":["GET"]}}],"collection":[{"href":"https:\/\/nbg.eu\/mt\/wp-json\/wp\/v2\/product"}],"about":[{"href":"https:\/\/nbg.eu\/mt\/wp-json\/wp\/v2\/types\/product"}],"wp:featuredmedia":[{"embeddable":true,"href":"https:\/\/nbg.eu\/mt\/wp-json\/wp\/v2\/media\/238364"}],"wp:attachment":[{"href":"https:\/\/nbg.eu\/mt\/wp-json\/wp\/v2\/media?parent=288578"}],"wp:term":[{"taxonomy":"product_brand","embeddable":true,"href":"https:\/\/nbg.eu\/mt\/wp-json\/wp\/v2\/product_brand?post=288578"},{"taxonomy":"product_cat","embeddable":true,"href":"https:\/\/nbg.eu\/mt\/wp-json\/wp\/v2\/product_cat?post=288578"},{"taxonomy":"product_tag","embeddable":true,"href":"https:\/\/nbg.eu\/mt\/wp-json\/wp\/v2\/product_tag?post=288578"}],"curies":[{"name":"wp","href":"https:\/\/api.w.org\/{rel}","templated":true}]}}