{"id":288878,"date":"2025-03-05T13:45:22","date_gmt":"2025-03-05T10:45:22","guid":{"rendered":"https:\/\/nbg.eu\/prodcut\/magpul-pmag-ar-m4-gen-m3-10rds\/"},"modified":"2026-01-21T12:18:04","modified_gmt":"2026-01-21T09:18:04","slug":"magpul-pmag-ar-m4-gen-m3-10rds","status":"publish","type":"product","link":"https:\/\/nbg.eu\/mt\/product\/magpul-pmag-ar-m4-gen-m3-10rds\/","title":{"rendered":"Magpul &#8211; PMAG\u00ae AR\/M4 GEN M3\u2122"},"content":{"rendered":"<h2>Magpul &#8211; PMAG\u00ae AR\/M4 GEN M3\u2122<\/h2>\n<p>Il-PMAG 10 GEN M3 huwa kaxxa tal-munizzjon tal-polimeru ta&#8217; 10 tiri g\u0127al armi kompatibbli ma&#8217; AR15\/M4. Dan joffri:<\/p>\n<ul>\n<li>Sa\u0127\u0127a u durabilit\u00e0 a\u0127jar bil-kostruzzjoni tal-polimeru<\/li>\n<li>Kompatibbilt\u00e0 ma&#8217; diversi pjattaformi, inklu\u017c HK\u00ae 416 u FN\u00ae SCAR\u2122 MK 16\/16S<\/li>\n<li>Alimentazzjoni affidabbli b&#8217;follower kontra t-tg\u0127awwi\u0121 fuq erba&#8217; na\u0127at<\/li>\n<li>\u017barmar fa\u010bli u protezzjoni a\u0127jar kontra waqg\u0127at bil-pjan\u010ba tal-qieg\u0127 imwessa&#8217;<\/li>\n<li>\u0120eometrija interna b&#8217;kurva kostanti<\/li>\n<li>Maqbad b&#8217;u\u010bu\u0127 ibbuzzati u strutturati<\/li>\n<\/ul>\n<p>Mag\u0127mul fl-Istati Uniti, il-PMAG 10 GEN M3 huwa adattat g\u0127al sparar fi po\u017cizzjoni mimduda u u\u017cu tattiku.<\/p>\n","protected":false},"excerpt":{"rendered":"<p>Maga\u017cin tal-AR15\/M4 b&#8217;10 tiri re\u017cistenti b&#8217;karatteristi\u010bi mtejba u kompatibbilt\u00e0.<\/p>\n","protected":false},"featured_media":239094,"template":"","meta":{"_acf_changed":false},"product_brand":[11539],"product_cat":[14165,14158],"product_tag":[],"class_list":{"0":"post-288878","1":"product","2":"type-product","3":"status-publish","4":"has-post-thumbnail","6":"product_brand-magpul","7":"product_cat-magazines-tar-rifle","8":"product_cat-rifle","10":"first","11":"instock","12":"taxable","13":"shipping-taxable","14":"product-type-variable","15":"wvs-archive-product-wrapper"},"acf":[],"_links":{"self":[{"href":"https:\/\/nbg.eu\/mt\/wp-json\/wp\/v2\/product\/288878","targetHints":{"allow":["GET"]}}],"collection":[{"href":"https:\/\/nbg.eu\/mt\/wp-json\/wp\/v2\/product"}],"about":[{"href":"https:\/\/nbg.eu\/mt\/wp-json\/wp\/v2\/types\/product"}],"wp:featuredmedia":[{"embeddable":true,"href":"https:\/\/nbg.eu\/mt\/wp-json\/wp\/v2\/media\/239094"}],"wp:attachment":[{"href":"https:\/\/nbg.eu\/mt\/wp-json\/wp\/v2\/media?parent=288878"}],"wp:term":[{"taxonomy":"product_brand","embeddable":true,"href":"https:\/\/nbg.eu\/mt\/wp-json\/wp\/v2\/product_brand?post=288878"},{"taxonomy":"product_cat","embeddable":true,"href":"https:\/\/nbg.eu\/mt\/wp-json\/wp\/v2\/product_cat?post=288878"},{"taxonomy":"product_tag","embeddable":true,"href":"https:\/\/nbg.eu\/mt\/wp-json\/wp\/v2\/product_tag?post=288878"}],"curies":[{"name":"wp","href":"https:\/\/api.w.org\/{rel}","templated":true}]}}