{"id":289348,"date":"2024-01-30T18:07:31","date_gmt":"2024-01-30T18:07:31","guid":{"rendered":"https:\/\/nbg.eu\/prodcut\/area-419-arcalock-12-m-lok-dovetail-rail-2\/"},"modified":"2026-05-16T22:04:17","modified_gmt":"2026-05-16T19:04:17","slug":"area-419-arcalock-12-m-lok-dovetail-rail-2","status":"publish","type":"product","link":"https:\/\/nbg.eu\/mt\/product\/area-419-arcalock-12-m-lok-dovetail-rail-2\/","title":{"rendered":"Area 419 &#8211; ARCALOCK 12&#8243; M-LOK Dovetail Rail"},"content":{"rendered":"<h2>Area 419 &#8211; ARCALOCK 12&#8243; M-LOK Sikketta tal-\u0126amiem<\/h2>\n<p>ARCALOCK 12&#8243; M-LOK Sikketta tal-\u0126amiem minn Area 419. Dan is-sistema ta&#8217; sikketta jinkludi:<\/p>\n<ul>\n<li>\u0120nub bis-sinna g\u0127al qfil mekkaniku ma&#8217; klamps ta&#8217; Area 419<\/li>\n<li>Kompatibbli ma&#8217; a\u010b\u010bessorji standard Arca<\/li>\n<li>Tul ta&#8217; 12&#8243; g\u0127al spazju ta&#8217; rbit ottimali<\/li>\n<li>Disinn \u0127afif ta&#8217; 111.5 grammi<\/li>\n<li>Konformi mal-istandard RRS 1.5&#8243; Sikketta tal-\u0126amiem<\/li>\n<li>Truf i\u010b\u010bamfrati g\u0127all-kumdit\u00e0 u s-sigurt\u00e0<\/li>\n<li>G\u0127a\u017cliet ta&#8217; mmuntar versatili g\u0127al konfigurazzjonijiet differenti ta&#8217; azzarini<\/li>\n<li>Kostruzzjoni tal-Aluminju 6061-T6 b&#8217;kisi iebes tat-Tip 3<\/li>\n<li>Mag\u0127mul fl-Istati Uniti b&#8217;materjali ta&#8217; kwalit\u00e0 g\u0127olja<\/li>\n<\/ul>\n<p>Is-Sistema ta&#8217; Sikketta tal-\u0126amiem ARCALOCK hija ddisinjata biex telimina l-moviment ta\u0127t pressjoni.<\/p>\n","protected":false},"excerpt":{"rendered":"<p>Barrettur ta&#8217; 12&#8243; ARCA li jissakkar g\u0127al xkubetti ta&#8217; pre\u010bi\u017cjoni. \u0120nub issegati, kompatibbli ma&#8217; M-LOK.<\/p>\n","protected":false},"featured_media":232514,"template":"","meta":{"_acf_changed":false},"product_brand":[11045],"product_cat":[14094,14953,14172,14158,14119],"product_tag":[],"class_list":{"0":"post-289348","1":"product","2":"type-product","3":"status-publish","4":"has-post-thumbnail","6":"product_brand-area-419","7":"product_cat-goqqdiet","8":"product_cat-m-lok-rail-systems-mt","9":"product_cat-rails","10":"product_cat-rifle","11":"product_cat-tuning-tar-rifle","13":"first","14":"instock","15":"sale","16":"taxable","17":"shipping-taxable","18":"purchasable","19":"product-type-variable","20":"wvs-archive-product-wrapper"},"acf":[],"_links":{"self":[{"href":"https:\/\/nbg.eu\/mt\/wp-json\/wp\/v2\/product\/289348","targetHints":{"allow":["GET"]}}],"collection":[{"href":"https:\/\/nbg.eu\/mt\/wp-json\/wp\/v2\/product"}],"about":[{"href":"https:\/\/nbg.eu\/mt\/wp-json\/wp\/v2\/types\/product"}],"wp:featuredmedia":[{"embeddable":true,"href":"https:\/\/nbg.eu\/mt\/wp-json\/wp\/v2\/media\/232514"}],"wp:attachment":[{"href":"https:\/\/nbg.eu\/mt\/wp-json\/wp\/v2\/media?parent=289348"}],"wp:term":[{"taxonomy":"product_brand","embeddable":true,"href":"https:\/\/nbg.eu\/mt\/wp-json\/wp\/v2\/product_brand?post=289348"},{"taxonomy":"product_cat","embeddable":true,"href":"https:\/\/nbg.eu\/mt\/wp-json\/wp\/v2\/product_cat?post=289348"},{"taxonomy":"product_tag","embeddable":true,"href":"https:\/\/nbg.eu\/mt\/wp-json\/wp\/v2\/product_tag?post=289348"}],"curies":[{"name":"wp","href":"https:\/\/api.w.org\/{rel}","templated":true}]}}