{"id":289792,"date":"2025-03-01T16:03:10","date_gmt":"2025-03-01T16:03:10","guid":{"rendered":"https:\/\/nbg.eu\/prodcut\/area-419-arcalock-8-universal-dovetail-rail\/"},"modified":"2026-05-13T16:03:29","modified_gmt":"2026-05-13T13:03:29","slug":"area-419-arcalock-8-universal-dovetail-rail","status":"publish","type":"product","link":"https:\/\/nbg.eu\/mt\/product\/area-419-arcalock-8-universal-dovetail-rail\/","title":{"rendered":"Area 419 &#8211; ARCALOCK 8&#8243; Universal Dovetail Rail"},"content":{"rendered":"<div class=\"product-description\">\n<h2>Area 419 &#8211; ARCALOCK 8&#8243; Rail Universali Dovetail<\/h2>\n<p>Il-rail ARCALOCK 8&#8243; Universali Dovetail minn Area 419 g\u0127andu dawn il-karatteristi\u010bi:<\/p>\n<ul>\n<li>\u0120nub isserrati g\u0127al qfil mekkaniku ma&#8217; klamps ta&#8217; Area 419<\/li>\n<li>Kompatibbli ma&#8217; a\u010b\u010bessorji standard ARCA<\/li>\n<li>Tul ta&#8217; 8&#8243; g\u0127al kopertura s\u0127i\u0127a tal-forend<\/li>\n<li>Disinn \u0127afif ta&#8217; 3 oz<\/li>\n<li>Konformi mal-istandard RRS 1.5&#8243; Dovetail<\/li>\n<li>Truf tondja g\u0127all-kumdit\u00e0 u s-sigurt\u00e0<\/li>\n<li>Finitura anodizzata Type 3 Hard Coat<\/li>\n<li>Mag\u0127mul fl-Istati Uniti minn Aluminju 6061-T6<\/li>\n<\/ul>\n<p>Il-rail ARCALOCK huwa ddisinjat biex itejjeb il-prestazzjoni tal-isparar.<\/p>\n<\/div>\n","protected":false},"excerpt":{"rendered":"<p>Area 419 ARCALOCK: Linji ta&#8217; 8 pulzieri b&#8217;sistema ta&#8217; locking dovetail g\u0127al xkubetti ta&#8217; pre\u010bi\u017cjoni.<\/p>\n","protected":false},"featured_media":232894,"template":"","meta":{"_acf_changed":false},"product_brand":[11045],"product_cat":[15573,14172],"product_tag":[],"class_list":{"0":"post-289792","1":"product","2":"type-product","3":"status-publish","4":"has-post-thumbnail","6":"product_brand-area-419","7":"product_cat-arcalock-systems-mt","8":"product_cat-rails","10":"first","11":"instock","12":"sale","13":"taxable","14":"shipping-taxable","15":"purchasable","16":"product-type-simple"},"acf":[],"_links":{"self":[{"href":"https:\/\/nbg.eu\/mt\/wp-json\/wp\/v2\/product\/289792","targetHints":{"allow":["GET"]}}],"collection":[{"href":"https:\/\/nbg.eu\/mt\/wp-json\/wp\/v2\/product"}],"about":[{"href":"https:\/\/nbg.eu\/mt\/wp-json\/wp\/v2\/types\/product"}],"wp:featuredmedia":[{"embeddable":true,"href":"https:\/\/nbg.eu\/mt\/wp-json\/wp\/v2\/media\/232894"}],"wp:attachment":[{"href":"https:\/\/nbg.eu\/mt\/wp-json\/wp\/v2\/media?parent=289792"}],"wp:term":[{"taxonomy":"product_brand","embeddable":true,"href":"https:\/\/nbg.eu\/mt\/wp-json\/wp\/v2\/product_brand?post=289792"},{"taxonomy":"product_cat","embeddable":true,"href":"https:\/\/nbg.eu\/mt\/wp-json\/wp\/v2\/product_cat?post=289792"},{"taxonomy":"product_tag","embeddable":true,"href":"https:\/\/nbg.eu\/mt\/wp-json\/wp\/v2\/product_tag?post=289792"}],"curies":[{"name":"wp","href":"https:\/\/api.w.org\/{rel}","templated":true}]}}