{"id":31052,"date":"2024-08-19T20:23:05","date_gmt":"2024-08-19T17:23:05","guid":{"rendered":"https:\/\/nbg.eu\/product\/admin-dapper-pouch\/"},"modified":"2026-01-21T11:45:09","modified_gmt":"2026-01-21T08:45:09","slug":"admin-dapper-pouch","status":"publish","type":"product","link":"https:\/\/nbg.eu\/mt\/product\/admin-dapper-pouch\/","title":{"rendered":"Admin Dapper Pouch"},"content":{"rendered":"<div class=\"product-description\">\n<h2>BlueForceGear Admin Dapper Pouch<\/h2>\n<p>Organizza l-essenzjali tieg\u0127ek bil-Admin Dapper Pouch versatili minn BlueForceGear. Dan il-pouch kompatt u \u0127afif jinkludi:<\/p>\n<ul>\n<li>Kostruzzjoni durabbli ta&#8217; Cordura 500D<\/li>\n<li>Diversi bwiet interni g\u0127al \u0127a\u017cna effi\u010bjenti<\/li>\n<li>\u010arieki elasti\u010bi g\u0127al \u017camma sigura tal-o\u0121\u0121etti<\/li>\n<li>G\u0127eluq b&#8217;zipper YKK g\u0127al a\u010b\u010bess malajr<\/li>\n<\/ul>\n<p>Perfett g\u0127all-militari, l-infurzar tal-li\u0121i, jew g\u0127all-\u0121arr ta&#8217; kuljum, l-Admin Dapper Pouch i\u017comm it-tag\u0127mir tieg\u0127ek organizzat u a\u010b\u010bessibbli. Disponibbli f&#8217;diversi kuluri biex jaqblu mal-kit jew mal-preferenzi tieg\u0127ek.<\/p>\n<\/div>\n","protected":false},"excerpt":{"rendered":"<p>Bor\u017ca kompatta u versatili g\u0127all-amministrazzjoni ta&#8217; o\u0121\u0121etti essenzjali ta&#8217; kuljum. Re\u017cistenti u eleganti.<\/p>\n","protected":false},"featured_media":22413,"template":"","meta":{"_acf_changed":false},"product_brand":[11137],"product_cat":[14156,14166],"product_tag":[],"class_list":{"0":"post-31052","1":"product","2":"type-product","3":"status-publish","4":"has-post-thumbnail","6":"product_brand-blue-force-gear","7":"product_cat-boroz","8":"product_cat-tagmir","10":"first","11":"instock","12":"taxable","13":"shipping-taxable","14":"purchasable","15":"product-type-simple"},"acf":[],"_links":{"self":[{"href":"https:\/\/nbg.eu\/mt\/wp-json\/wp\/v2\/product\/31052","targetHints":{"allow":["GET"]}}],"collection":[{"href":"https:\/\/nbg.eu\/mt\/wp-json\/wp\/v2\/product"}],"about":[{"href":"https:\/\/nbg.eu\/mt\/wp-json\/wp\/v2\/types\/product"}],"wp:featuredmedia":[{"embeddable":true,"href":"https:\/\/nbg.eu\/mt\/wp-json\/wp\/v2\/media\/22413"}],"wp:attachment":[{"href":"https:\/\/nbg.eu\/mt\/wp-json\/wp\/v2\/media?parent=31052"}],"wp:term":[{"taxonomy":"product_brand","embeddable":true,"href":"https:\/\/nbg.eu\/mt\/wp-json\/wp\/v2\/product_brand?post=31052"},{"taxonomy":"product_cat","embeddable":true,"href":"https:\/\/nbg.eu\/mt\/wp-json\/wp\/v2\/product_cat?post=31052"},{"taxonomy":"product_tag","embeddable":true,"href":"https:\/\/nbg.eu\/mt\/wp-json\/wp\/v2\/product_tag?post=31052"}],"curies":[{"name":"wp","href":"https:\/\/api.w.org\/{rel}","templated":true}]}}