{"id":31100,"date":"2024-08-18T22:53:51","date_gmt":"2024-08-18T19:53:51","guid":{"rendered":"https:\/\/nbg.eu\/product\/daa-dry-fire-practice-mag\/"},"modified":"2026-01-21T12:21:20","modified_gmt":"2026-01-21T09:21:20","slug":"daa-dry-fire-practice-mag","status":"publish","type":"product","link":"https:\/\/nbg.eu\/mt\/product\/daa-dry-fire-practice-mag\/","title":{"rendered":"Daa Dry-Fire Practice Mag"},"content":{"rendered":"<div class=\"product-description\">\n<h2>Maga\u017cin ta&#8217; Prattika Dry-Fire Daa minn Double Alpha Academy<\/h2>\n<p>Tejjeb il-\u0127iliet tal-isparar tieg\u0127ek bil-Maga\u017cin ta&#8217; Prattika Dry-Fire Daa. Din l-g\u0127odda innovattiva tippermetti ta\u0127ri\u0121 dry-fire sigur u effettiv id-dar jew fil-kamp tal-isparar.<\/p>\n<ul>\n<li>Kompatibbli mal-bi\u010b\u010ba l-kbira tal-maga\u017cini double-stack ta&#8217; 9mm\/.40<\/li>\n<li>Pi\u017c u sens realisti\u010bi g\u0127al prattika awtentika<\/li>\n<li>Kostruzzjoni re\u017cistenti g\u0127al u\u017cu fit-tul<\/li>\n<li>Jg\u0127in biex ittejjeb il-kontroll tat-trigger u l-allinjament tas-sight<\/li>\n<li>Perfett g\u0127all-kompetituri tal-IPSC u USPSA<\/li>\n<\/ul>\n<p>G\u0127olli l-prestazzjoni tal-isparar tieg\u0127ek ming\u0127ajr munizzjon \u0127aj. Ordna l-Maga\u017cin ta&#8217; Prattika Dry-Fire Daa tieg\u0127ek illum!<\/p>\n<\/div>\n","protected":false},"excerpt":{"rendered":"<p>Mag ta&#8217; Sparar Xott Daa: Prattika sigura u realistika g\u0127all-\u0127iliet tal-pistola.<\/p>\n","protected":false},"featured_media":29841,"template":"","meta":{"_acf_changed":false},"product_brand":[11279],"product_cat":[14125,14166],"product_tag":[],"class_list":{"0":"post-31100","1":"product","2":"type-product","3":"status-publish","4":"has-post-thumbnail","6":"product_brand-doublealpha","7":"product_cat-dry-fire","8":"product_cat-tagmir","10":"first","11":"instock","12":"taxable","13":"shipping-taxable","14":"purchasable","15":"product-type-variable","16":"wvs-archive-product-wrapper"},"acf":[],"_links":{"self":[{"href":"https:\/\/nbg.eu\/mt\/wp-json\/wp\/v2\/product\/31100","targetHints":{"allow":["GET"]}}],"collection":[{"href":"https:\/\/nbg.eu\/mt\/wp-json\/wp\/v2\/product"}],"about":[{"href":"https:\/\/nbg.eu\/mt\/wp-json\/wp\/v2\/types\/product"}],"wp:featuredmedia":[{"embeddable":true,"href":"https:\/\/nbg.eu\/mt\/wp-json\/wp\/v2\/media\/29841"}],"wp:attachment":[{"href":"https:\/\/nbg.eu\/mt\/wp-json\/wp\/v2\/media?parent=31100"}],"wp:term":[{"taxonomy":"product_brand","embeddable":true,"href":"https:\/\/nbg.eu\/mt\/wp-json\/wp\/v2\/product_brand?post=31100"},{"taxonomy":"product_cat","embeddable":true,"href":"https:\/\/nbg.eu\/mt\/wp-json\/wp\/v2\/product_cat?post=31100"},{"taxonomy":"product_tag","embeddable":true,"href":"https:\/\/nbg.eu\/mt\/wp-json\/wp\/v2\/product_tag?post=31100"}],"curies":[{"name":"wp","href":"https:\/\/api.w.org\/{rel}","templated":true}]}}