{"id":31293,"date":"2024-08-18T22:46:48","date_gmt":"2024-08-18T19:46:48","guid":{"rendered":"https:\/\/nbg.eu\/product\/product-4\/"},"modified":"2026-01-21T12:29:41","modified_gmt":"2026-01-21T09:29:41","slug":"product-4","status":"publish","type":"product","link":"https:\/\/nbg.eu\/mt\/product\/product-4\/","title":{"rendered":"Flex Holster Color Inlays"},"content":{"rendered":"<div class=\"product-description\">\n<h2>Inlays tal-Kulur g\u0127all-Holster Flex<\/h2>\n<p>Personalizza l-holster Flex tieg\u0127ek b&#8217;dawn l-inlays tal-logo tal-plastik maqtug\u0127in bil-laser. Disponibbli f&#8217;g\u0127a\u017cla ta&#8217; kuluri, dawn l-inlays i\u017cidu mess personali lill-holster tieg\u0127ek.<\/p>\n<ul>\n<li>Installazzjoni fa\u010bli b&#8217;tape 3M fuq wara<\/li>\n<li>Jistg\u0127u jitne\u0127\u0127ew biex tbiddel il-kulur (jistg\u0127u jinkisru waqt it-tne\u0127\u0127ija)<\/li>\n<li>Film protettiv trasparenti inklu\u017c (jista&#8217; jitne\u0127\u0127a)<\/li>\n<\/ul>\n<p>Ag\u0127\u017cel minn din is-selezzjoni ta&#8217; kuluri:<\/p>\n<ul class=\"color-options\">\n<li>Iswed<\/li>\n<li>Blu<\/li>\n<li>Ram<\/li>\n<li>Deheb<\/li>\n<li>Oran\u0121jo<\/li>\n<li>A\u0127mar<\/li>\n<li>Fidda<\/li>\n<li>Isfar<\/li>\n<\/ul>\n<p>\u017bid dawn l-inlays tal-kulur mal-holster Flex tieg\u0127ek.<\/p>\n<\/div>\n","protected":false},"excerpt":{"rendered":"<p>Inforra tal-kulur personalizzabbli g\u0127all-Flex Holster: fa\u010bli biex tinstalla, tista&#8217; tne\u0127\u0127i.<\/p>\n","protected":false},"featured_media":29703,"template":"","meta":{"_acf_changed":false},"product_brand":[11279],"product_cat":[14139,14164,14145],"product_tag":[],"class_list":{"0":"post-31293","1":"product","2":"type-product","3":"status-publish","4":"has-post-thumbnail","6":"product_brand-doublealpha","7":"product_cat-accessorji-gall-holster","8":"product_cat-holster","9":"product_cat-holster-sportiv","11":"first","12":"instock","13":"taxable","14":"shipping-taxable","15":"purchasable","16":"product-type-variable","17":"wvs-archive-product-wrapper"},"acf":[],"_links":{"self":[{"href":"https:\/\/nbg.eu\/mt\/wp-json\/wp\/v2\/product\/31293","targetHints":{"allow":["GET"]}}],"collection":[{"href":"https:\/\/nbg.eu\/mt\/wp-json\/wp\/v2\/product"}],"about":[{"href":"https:\/\/nbg.eu\/mt\/wp-json\/wp\/v2\/types\/product"}],"wp:featuredmedia":[{"embeddable":true,"href":"https:\/\/nbg.eu\/mt\/wp-json\/wp\/v2\/media\/29703"}],"wp:attachment":[{"href":"https:\/\/nbg.eu\/mt\/wp-json\/wp\/v2\/media?parent=31293"}],"wp:term":[{"taxonomy":"product_brand","embeddable":true,"href":"https:\/\/nbg.eu\/mt\/wp-json\/wp\/v2\/product_brand?post=31293"},{"taxonomy":"product_cat","embeddable":true,"href":"https:\/\/nbg.eu\/mt\/wp-json\/wp\/v2\/product_cat?post=31293"},{"taxonomy":"product_tag","embeddable":true,"href":"https:\/\/nbg.eu\/mt\/wp-json\/wp\/v2\/product_tag?post=31293"}],"curies":[{"name":"wp","href":"https:\/\/api.w.org\/{rel}","templated":true}]}}