{"id":35616,"date":"2024-07-30T14:27:38","date_gmt":"2024-07-30T14:27:38","guid":{"rendered":"https:\/\/nbg.eu\/product\/blueforcegear-grid-belt\/"},"modified":"2026-01-21T12:34:19","modified_gmt":"2026-01-21T09:34:19","slug":"blueforcegear-grid-belt","status":"publish","type":"product","link":"https:\/\/nbg.eu\/mt\/product\/blueforcegear-grid-belt\/","title":{"rendered":"BlueForceGear GRID\u2122 Belt"},"content":{"rendered":"<p>I\u010b-\u010binturin BlueForceGear GRID\u2122 huwa \u010binturin tattiku versatili u robust imfassal g\u0127all-kumdit\u00e0 u l-funzjonalit\u00e0 massima. Bl-u\u017cu tas-sistema innovattiva GRID\u2122 kompatibbli ma&#8217; MOLLE, dan i\u010b-\u010binturin jippermetti t-twa\u0127\u0127il personalizzabbli ta&#8217; pouches u a\u010b\u010bessorji. Mag\u0127mul minn materjali li jservu fit-tul, joffri sa\u0127\u0127a u durabilit\u00e0 superjuri.<\/p>\n<ul>\n<li>Disinn \u0127afif i\u017cda robust<\/li>\n<li>Bokkla cobra li tinfeta\u0127 malajr g\u0127al tqeg\u0127id u tne\u0127\u0127ija fa\u010bli<\/li>\n<li>A\u0121\u0121ustabbli g\u0127al qies perfett<\/li>\n<li>Kompatibbli ma&#8217; holsters g\u0127al u\u017cu ta&#8217; xog\u0127ol u \u0121arr mo\u0127bi<\/li>\n<li>Disponibbli f&#8217;diversi kuluri u daqsijiet<\/li>\n<\/ul>\n<p>Esperjenza appo\u0121\u0121 u flessibilit\u00e0 bla pre\u010bedent bi\u010b-\u010binturin BlueForceGear GRID\u2122, ideali g\u0127all-infurzar tal-li\u0121i, persunal militari, u entu\u017cjasti tatti\u010bi.<\/p>\n","protected":false},"excerpt":{"rendered":"<p>\u010ainturin tattiku b&#8217;sa\u0127\u0127tu u b&#8217;profil baxx g\u0127al twa\u0127\u0127il versatili ta&#8217; apparat.<\/p>\n","protected":false},"featured_media":35617,"template":"","meta":{"_acf_changed":false},"product_brand":[11137],"product_cat":[14167,14166],"product_tag":[],"class_list":{"0":"post-35616","1":"product","2":"type-product","3":"status-publish","4":"has-post-thumbnail","6":"product_brand-blue-force-gear","7":"product_cat-cineg-tattici","8":"product_cat-tagmir","10":"first","11":"instock","12":"taxable","13":"shipping-taxable","14":"purchasable","15":"product-type-variable","16":"wvs-archive-product-wrapper"},"acf":[],"_links":{"self":[{"href":"https:\/\/nbg.eu\/mt\/wp-json\/wp\/v2\/product\/35616","targetHints":{"allow":["GET"]}}],"collection":[{"href":"https:\/\/nbg.eu\/mt\/wp-json\/wp\/v2\/product"}],"about":[{"href":"https:\/\/nbg.eu\/mt\/wp-json\/wp\/v2\/types\/product"}],"wp:featuredmedia":[{"embeddable":true,"href":"https:\/\/nbg.eu\/mt\/wp-json\/wp\/v2\/media\/35617"}],"wp:attachment":[{"href":"https:\/\/nbg.eu\/mt\/wp-json\/wp\/v2\/media?parent=35616"}],"wp:term":[{"taxonomy":"product_brand","embeddable":true,"href":"https:\/\/nbg.eu\/mt\/wp-json\/wp\/v2\/product_brand?post=35616"},{"taxonomy":"product_cat","embeddable":true,"href":"https:\/\/nbg.eu\/mt\/wp-json\/wp\/v2\/product_cat?post=35616"},{"taxonomy":"product_tag","embeddable":true,"href":"https:\/\/nbg.eu\/mt\/wp-json\/wp\/v2\/product_tag?post=35616"}],"curies":[{"name":"wp","href":"https:\/\/api.w.org\/{rel}","templated":true}]}}