{"id":36016,"date":"2024-04-18T05:40:44","date_gmt":"2024-04-18T05:40:44","guid":{"rendered":"https:\/\/nbg.eu\/product\/blue-force-gear-vickers-sling-1-25\/"},"modified":"2026-01-21T12:26:32","modified_gmt":"2026-01-21T09:26:32","slug":"blue-force-gear-vickers-sling-1-25","status":"publish","type":"product","link":"https:\/\/nbg.eu\/mt\/product\/blue-force-gear-vickers-sling-1-25\/","title":{"rendered":"Blue Force Gear Vickers Sling, 1.25&#8243;"},"content":{"rendered":"<div class=\"product-description\">\n<h2>Blue Force Gear Vickers Sling, 1.25&#8243;<\/h2>\n<p>Il-Vickers Combat Applications Sling\u2122 huwa \u010binga tattika b&#8217;patent, \u017cviluppat ma&#8217; Larry Vickers, eks membru operattiv tal-1st SFOD-Delta u awtur tal-Vickers Guide.<\/p>\n<ul>\n<li>Disinn li ja\u0121\u0121usta malajr g\u0127al tran\u017cizzjonijiet rapidi<\/li>\n<li>Wisa&#8217; ta&#8217; 1.25&#8243; g\u0127al distribuzzjoni ottimali tal-pi\u017c<\/li>\n<li>U\u017cat mill-forzi militari tal-Istati Uniti<\/li>\n<li>Kostruzzjoni re\u017cistenti g\u0127al prestazzjoni fit-tul<\/li>\n<\/ul>\n<p>Din i\u010b-\u010binga hija ma\u0127suba biex ittejjeb l-immani\u0121\u0121jar u l-mobilit\u00e0 tal-arma. Hija adattata kemm g\u0127al operaturi professjonali kif ukoll g\u0127al dilettanti dedikati.<\/p>\n<\/div>\n","protected":false},"excerpt":{"rendered":"<p>\u010ainga tattika minn Larry Vickers. A\u0121\u0121ustament rapidu, ta&#8217; kwalit\u00e0 militari.<\/p>\n","protected":false},"featured_media":36017,"template":"","meta":{"_acf_changed":false},"product_brand":[11137],"product_cat":[14094,14166],"product_tag":[],"class_list":{"0":"post-36016","1":"product","2":"type-product","3":"status-publish","4":"has-post-thumbnail","6":"product_brand-blue-force-gear","7":"product_cat-goqqdiet","8":"product_cat-tagmir","10":"first","11":"instock","12":"taxable","13":"shipping-taxable","14":"purchasable","15":"product-type-variable","16":"wvs-archive-product-wrapper"},"acf":[],"_links":{"self":[{"href":"https:\/\/nbg.eu\/mt\/wp-json\/wp\/v2\/product\/36016","targetHints":{"allow":["GET"]}}],"collection":[{"href":"https:\/\/nbg.eu\/mt\/wp-json\/wp\/v2\/product"}],"about":[{"href":"https:\/\/nbg.eu\/mt\/wp-json\/wp\/v2\/types\/product"}],"wp:featuredmedia":[{"embeddable":true,"href":"https:\/\/nbg.eu\/mt\/wp-json\/wp\/v2\/media\/36017"}],"wp:attachment":[{"href":"https:\/\/nbg.eu\/mt\/wp-json\/wp\/v2\/media?parent=36016"}],"wp:term":[{"taxonomy":"product_brand","embeddable":true,"href":"https:\/\/nbg.eu\/mt\/wp-json\/wp\/v2\/product_brand?post=36016"},{"taxonomy":"product_cat","embeddable":true,"href":"https:\/\/nbg.eu\/mt\/wp-json\/wp\/v2\/product_cat?post=36016"},{"taxonomy":"product_tag","embeddable":true,"href":"https:\/\/nbg.eu\/mt\/wp-json\/wp\/v2\/product_tag?post=36016"}],"curies":[{"name":"wp","href":"https:\/\/api.w.org\/{rel}","templated":true}]}}