{"id":36306,"date":"2024-07-30T21:55:35","date_gmt":"2024-07-30T18:55:35","guid":{"rendered":"https:\/\/nbg.eu\/product\/helium-whisper-zippered-accessory-pouch\/"},"modified":"2026-01-21T12:14:32","modified_gmt":"2026-01-21T09:14:32","slug":"helium-whisper-zippered-accessory-pouch","status":"publish","type":"product","link":"https:\/\/nbg.eu\/mt\/product\/helium-whisper-zippered-accessory-pouch\/","title":{"rendered":"HELIUM WHISPER\u00ae ZIPPERED ACCESSORY POUCH"},"content":{"rendered":"<p>\nIl-HELIUM WHISPER\u00ae ZIPPERED ACCESSORY POUCH minn BlueForceGear huwa soluzzjoni versatili u \u0127afifa g\u0127all-\u0127a\u017cna tal-apparat tattiku tieg\u0127ek. Dan jinkludi:<\/p>\n<ul>\n<li>Materjal ULTRAcomp\u00ae \u0127afif \u0127afna g\u0127al durabilit\u00e0 u re\u017cistenza g\u0127all-ilma<\/li>\n<li>Sistema ta&#8217; rbit Helium Whisper\u00ae kompatibbli ma&#8217; MOLLE g\u0127al integrazzjoni fa\u010bli<\/li>\n<li>Kompartiment prin\u010bipali bi\u017c-\u017cipp g\u0127al \u0127a\u017cna sigura<\/li>\n<li>\u010arieki interni tal-elastiku g\u0127all-organizzazzjoni ta&#8217; o\u0121\u0121etti \u017cg\u0127ar<\/li>\n<li>Disponibbli f&#8217;diversi kuluri biex jaqblu mal-apparat tieg\u0127ek<\/li>\n<\/ul>\n<p>Perfett g\u0127all-\u0127a\u017cna ta&#8217; provvisti medi\u010bi, elettronika, jew o\u0121\u0121etti essenzjali o\u0127ra, din il-pouch tg\u0127aqqad il-funzjonalit\u00e0 mad-disinn innovattiv ta&#8217; BlueForceGear g\u0127al prestazzjoni ottima f&#8217;kull ambjent.<\/p>\n","protected":false},"excerpt":{"rendered":"<p>\u0126effa, pouch versatili g\u0127al \u0127\u017cin sigur ta&#8217; tag\u0127mir waqt il-moviment.<\/p>\n","protected":false},"featured_media":36307,"template":"","meta":{"_acf_changed":false},"product_brand":[11137],"product_cat":[14156,14166],"product_tag":[],"class_list":{"0":"post-36306","1":"product","2":"type-product","3":"status-publish","4":"has-post-thumbnail","6":"product_brand-blue-force-gear","7":"product_cat-boroz","8":"product_cat-tagmir","10":"first","11":"instock","12":"taxable","13":"shipping-taxable","14":"purchasable","15":"product-type-variable","16":"wvs-archive-product-wrapper"},"acf":[],"_links":{"self":[{"href":"https:\/\/nbg.eu\/mt\/wp-json\/wp\/v2\/product\/36306","targetHints":{"allow":["GET"]}}],"collection":[{"href":"https:\/\/nbg.eu\/mt\/wp-json\/wp\/v2\/product"}],"about":[{"href":"https:\/\/nbg.eu\/mt\/wp-json\/wp\/v2\/types\/product"}],"wp:featuredmedia":[{"embeddable":true,"href":"https:\/\/nbg.eu\/mt\/wp-json\/wp\/v2\/media\/36307"}],"wp:attachment":[{"href":"https:\/\/nbg.eu\/mt\/wp-json\/wp\/v2\/media?parent=36306"}],"wp:term":[{"taxonomy":"product_brand","embeddable":true,"href":"https:\/\/nbg.eu\/mt\/wp-json\/wp\/v2\/product_brand?post=36306"},{"taxonomy":"product_cat","embeddable":true,"href":"https:\/\/nbg.eu\/mt\/wp-json\/wp\/v2\/product_cat?post=36306"},{"taxonomy":"product_tag","embeddable":true,"href":"https:\/\/nbg.eu\/mt\/wp-json\/wp\/v2\/product_tag?post=36306"}],"curies":[{"name":"wp","href":"https:\/\/api.w.org\/{rel}","templated":true}]}}