{"id":36346,"date":"2024-07-30T18:54:40","date_gmt":"2024-07-30T18:54:40","guid":{"rendered":"https:\/\/nbg.eu\/product\/mag-now-single-m4-pouch\/"},"modified":"2026-01-21T12:31:34","modified_gmt":"2026-01-21T09:31:34","slug":"mag-now-single-m4-pouch","status":"publish","type":"product","link":"https:\/\/nbg.eu\/mt\/product\/mag-now-single-m4-pouch\/","title":{"rendered":"MAG NOW! SINGLE M4 POUCH"},"content":{"rendered":"<div class=\"product-description\">\n<h2>MAG NOW! SINGLE M4 POUCH minn BlueForceGear<\/h2>\n<p>Il-MAG NOW! SINGLE M4 POUCH huwa \u0121arrier tal-magazin versatili u re\u017cistenti ddisinjat g\u0127al a\u010b\u010bess malajr u \u017camma sigura. Il-karatteristi\u010bi jinkludu:<\/p>\n<ul>\n<li>Kostruzzjoni \u0127afifa \u0127afna bl-u\u017cu ta&#8217; materjal proprjetarju ULTRAcomp<\/li>\n<li>\u017bamma a\u0121\u0121ustabbli g\u0127al diversi tipi ta&#8217; magazini<\/li>\n<li>Sistema ta&#8217; rbit kompatibbli ma&#8217; MOLLE<\/li>\n<li>Disinn ambidestru g\u0127all-u\u017cu kemm mil-lemin kif ukoll mix-xellug<\/li>\n<li>Fattur ta&#8217; forma b&#8217;profil baxx g\u0127al inqas volum<\/li>\n<\/ul>\n<p>Perfett g\u0127al militari, infurzar tal-li\u0121i, u sparaturi kompetittivi li jirrikjedu bidliet rapidi tal-magazin u tag\u0127mir affidabbli.<\/p>\n<\/div>\n","protected":false},"excerpt":{"rendered":"<p>\u0126a\u017cna tal-munizzjon M4 sigura u b&#8217;a\u010b\u010bess rapidu. Disinn re\u017cistenti u \u0127afif.<\/p>\n","protected":false},"featured_media":34690,"template":"","meta":{"_acf_changed":false},"product_brand":[11137],"product_cat":[14156,14166,14149],"product_tag":[],"class_list":{"0":"post-36346","1":"product","2":"type-product","3":"status-publish","4":"has-post-thumbnail","6":"product_brand-blue-force-gear","7":"product_cat-boroz","8":"product_cat-tagmir","9":"product_cat-zamm-tal-magazines","11":"first","12":"instock","13":"taxable","14":"shipping-taxable","15":"purchasable","16":"product-type-variable","17":"wvs-archive-product-wrapper"},"acf":[],"_links":{"self":[{"href":"https:\/\/nbg.eu\/mt\/wp-json\/wp\/v2\/product\/36346","targetHints":{"allow":["GET"]}}],"collection":[{"href":"https:\/\/nbg.eu\/mt\/wp-json\/wp\/v2\/product"}],"about":[{"href":"https:\/\/nbg.eu\/mt\/wp-json\/wp\/v2\/types\/product"}],"wp:featuredmedia":[{"embeddable":true,"href":"https:\/\/nbg.eu\/mt\/wp-json\/wp\/v2\/media\/34690"}],"wp:attachment":[{"href":"https:\/\/nbg.eu\/mt\/wp-json\/wp\/v2\/media?parent=36346"}],"wp:term":[{"taxonomy":"product_brand","embeddable":true,"href":"https:\/\/nbg.eu\/mt\/wp-json\/wp\/v2\/product_brand?post=36346"},{"taxonomy":"product_cat","embeddable":true,"href":"https:\/\/nbg.eu\/mt\/wp-json\/wp\/v2\/product_cat?post=36346"},{"taxonomy":"product_tag","embeddable":true,"href":"https:\/\/nbg.eu\/mt\/wp-json\/wp\/v2\/product_tag?post=36346"}],"curies":[{"name":"wp","href":"https:\/\/api.w.org\/{rel}","templated":true}]}}