{"id":36394,"date":"2024-07-29T22:14:09","date_gmt":"2024-07-29T19:14:09","guid":{"rendered":"https:\/\/nbg.eu\/product\/ten-speed-cummerbund-flap-triple-m4\/"},"modified":"2026-05-13T16:48:52","modified_gmt":"2026-05-13T13:48:52","slug":"ten-speed-cummerbund-flap-triple-m4","status":"publish","type":"product","link":"https:\/\/nbg.eu\/mt\/product\/ten-speed-cummerbund-flap-triple-m4\/","title":{"rendered":"Ten-Speed\u00ae Cummerbund Flap &#8211; Triple M4"},"content":{"rendered":"<div class=\"product-description\">\n<h2>Pannell ta&#8217; Tripla Magazin Stakkabbli Ten-Speed\u00ae g\u0127al Crye Precision\u00ae AVS \/ JPC \/ AirLite minn BlueForceGear<\/h2>\n<p>Dan il-pannell ta&#8217; magazin g\u0127all-pjattaformi Crye Precision\u00ae AVS, JPC, u AirLite g\u0127andu dawn il-karatteristi\u010bi:<\/p>\n<ul>\n<li>Kostruzzjoni \u0127afifa u re\u017cistenti<\/li>\n<li>I\u017comm tlett magazini tar-rifle b&#8217;mod sigur<\/li>\n<li>Elastiku Ten-Speed\u00ae g\u0127al a\u010b\u010bess u \u017camma malajr<\/li>\n<li>Disinn stakkabbli g\u0127al konfigurazzjonijiet personalizzabbli<\/li>\n<li>Kompatibbli ma&#8217; webbing MOLLE\/PALS<\/li>\n<li>Mag\u0127mul fl-Istati Uniti<\/li>\n<\/ul>\n<p>Dan il-pannell ta&#8217; magazin minn BlueForceGear huwa ma\u0127sub biex itejjeb l-effi\u010bjenza u l-adattabilit\u00e0 fl-u\u017cu.<\/p>\n<\/div>\n","protected":false},"excerpt":{"rendered":"<p>Panell tripplu versatili g\u0127all-apparat ta&#8217; Crye Precision\u00ae. A\u010b\u010bess mg\u0127a\u0121\u0121el, disinn li jista&#8217; ji\u0121i stivat.<\/p>\n","protected":false},"featured_media":0,"template":"","meta":{"_acf_changed":false},"product_brand":[11137],"product_cat":[14156,14166,14149],"product_tag":[],"class_list":{"0":"post-36394","1":"product","2":"type-product","3":"status-publish","5":"product_brand-blue-force-gear","6":"product_cat-boroz","7":"product_cat-tagmir","8":"product_cat-zamm-tal-magazines","10":"first","11":"instock","12":"taxable","13":"shipping-taxable","14":"purchasable","15":"product-type-variable","16":"wvs-archive-product-wrapper"},"acf":[],"_links":{"self":[{"href":"https:\/\/nbg.eu\/mt\/wp-json\/wp\/v2\/product\/36394","targetHints":{"allow":["GET"]}}],"collection":[{"href":"https:\/\/nbg.eu\/mt\/wp-json\/wp\/v2\/product"}],"about":[{"href":"https:\/\/nbg.eu\/mt\/wp-json\/wp\/v2\/types\/product"}],"wp:attachment":[{"href":"https:\/\/nbg.eu\/mt\/wp-json\/wp\/v2\/media?parent=36394"}],"wp:term":[{"taxonomy":"product_brand","embeddable":true,"href":"https:\/\/nbg.eu\/mt\/wp-json\/wp\/v2\/product_brand?post=36394"},{"taxonomy":"product_cat","embeddable":true,"href":"https:\/\/nbg.eu\/mt\/wp-json\/wp\/v2\/product_cat?post=36394"},{"taxonomy":"product_tag","embeddable":true,"href":"https:\/\/nbg.eu\/mt\/wp-json\/wp\/v2\/product_tag?post=36394"}],"curies":[{"name":"wp","href":"https:\/\/api.w.org\/{rel}","templated":true}]}}