{"id":37478,"date":"2024-09-02T19:50:00","date_gmt":"2024-09-02T16:50:00","guid":{"rendered":"https:\/\/nbg.eu\/product\/slr-rifleworks-micro-gas-block-750-set-screw-steel\/"},"modified":"2026-01-21T12:09:56","modified_gmt":"2026-01-21T09:09:56","slug":"slr-rifleworks-micro-gas-block-750-set-screw-steel","status":"publish","type":"product","link":"https:\/\/nbg.eu\/mt\/product\/slr-rifleworks-micro-gas-block-750-set-screw-steel\/","title":{"rendered":"SLR RIFLEWORKS Micro Gas Block .750 Set Screw Steel"},"content":{"rendered":"<div class=\"product-description\">\n<h2>SLR RIFLEWORKS Blokka tal-Gass Mikro .750 Sett ta&#8217; Viti tal-Azzar<\/h2>\n<p>A\u0121\u0121orna r-rifle tieg\u0127ek bil-Blokka tal-Gass Mikro SLR RIFLEWORKS GB-7, iddisinjata g\u0127al kanen ta&#8217; .750. Din il-blokka tal-gass ta&#8217; kwalit\u00e0 g\u0127olja toffri pre\u010bi\u017cjoni u durabbilt\u00e0 g\u0127all-isparatur e\u017ci\u0121enti.<\/p>\n<ul>\n<li>Ma\u0127duma minn azzar billet 4140 g\u0127al sa\u0127\u0127a u lon\u0121evit\u00e0 superjuri<\/li>\n<li>Finitura Melonite QPQ ti\u017cgura re\u017cistenza e\u010b\u010bellenti g\u0127all-korru\u017cjoni u frizzjoni mnaqqsa<\/li>\n<li>Spazjar ta&#8217; vit ta&#8217; sett ta&#8217; .400&#8243; g\u0127al twa\u0127\u0127il sigur<\/li>\n<li>Tinkludi viti tas-sett u pin tar-romblu g\u0127al installazzjoni fa\u010bli<\/li>\n<li>Disinn kompatt jimminimizza l-pi\u017c u l-profil<\/li>\n<\/ul>\n<p>Esperjenza prestazzjoni u affidabbilt\u00e0 mtejba b&#8217;din il-blokka tal-gass mikro premium. Perfetta g\u0127al bini personalizzat u a\u0121\u0121ornamenti, l-SLR RIFLEWORKS GB-7 hija l-g\u0127a\u017cla ideali g\u0127al sparaturi serji u entu\u017cjasti bl-istess mod.<\/p>\n<\/div>\n","protected":false},"excerpt":{"rendered":"<p>Gas block kompatt u ta&#8217; kwalit\u00e0 g\u0127olja ta&#8217; .750. Mag\u0127mul minn azzar 4140, b&#8217;finitura Melonite. Viti tas-sett inklu\u017ci.<\/p>\n","protected":false},"featured_media":37406,"template":"","meta":{"_acf_changed":false},"product_brand":[11742],"product_cat":[14103,14158,14142,14119],"product_tag":[],"class_list":{"0":"post-37478","1":"product","2":"type-product","3":"status-publish","4":"has-post-thumbnail","6":"product_brand-slr-rifleworks","7":"product_cat-blokki-tal-gass","8":"product_cat-rifle","9":"product_cat-tuning-ar","10":"product_cat-tuning-tar-rifle","12":"first","13":"outofstock","14":"taxable","15":"shipping-taxable","16":"purchasable","17":"product-type-simple"},"acf":[],"_links":{"self":[{"href":"https:\/\/nbg.eu\/mt\/wp-json\/wp\/v2\/product\/37478","targetHints":{"allow":["GET"]}}],"collection":[{"href":"https:\/\/nbg.eu\/mt\/wp-json\/wp\/v2\/product"}],"about":[{"href":"https:\/\/nbg.eu\/mt\/wp-json\/wp\/v2\/types\/product"}],"wp:featuredmedia":[{"embeddable":true,"href":"https:\/\/nbg.eu\/mt\/wp-json\/wp\/v2\/media\/37406"}],"wp:attachment":[{"href":"https:\/\/nbg.eu\/mt\/wp-json\/wp\/v2\/media?parent=37478"}],"wp:term":[{"taxonomy":"product_brand","embeddable":true,"href":"https:\/\/nbg.eu\/mt\/wp-json\/wp\/v2\/product_brand?post=37478"},{"taxonomy":"product_cat","embeddable":true,"href":"https:\/\/nbg.eu\/mt\/wp-json\/wp\/v2\/product_cat?post=37478"},{"taxonomy":"product_tag","embeddable":true,"href":"https:\/\/nbg.eu\/mt\/wp-json\/wp\/v2\/product_tag?post=37478"}],"curies":[{"name":"wp","href":"https:\/\/api.w.org\/{rel}","templated":true}]}}