{"id":404699,"date":"2025-05-10T12:31:40","date_gmt":"2025-05-10T09:31:40","guid":{"rendered":"https:\/\/nbg.eu\/product\/pistol-glock-17-gen5-mos-fs-cal-9x19\/"},"modified":"2026-01-21T11:30:18","modified_gmt":"2026-01-21T08:30:18","slug":"pistol-glock-17-gen5-mos-fs-cal-9x19","status":"publish","type":"product","link":"https:\/\/nbg.eu\/mt\/product\/pistol-glock-17-gen5-mos-fs-cal-9x19\/","title":{"rendered":"PISTOL GLOCK 17 GEN5 MOS FS cal. 9&#215;19"},"content":{"rendered":"<div class=\"product-description\">\n<h2>GLOCK 17 Gen5 MOS FS 9x19mm<\/h2>\n<p>Il-GLOCK 17 Gen5 MOS FS huwa l-a\u0127\u0127ar ver\u017cjoni tad-disinn Gen5 bil-Sistema ta&#8217; Ottika Modulari (MOS).<\/p>\n<h2>Karatteristi\u010bi Ewlenin:<\/h2>\n<ul>\n<li>Kalibru: 9x19mm<\/li>\n<li>Kapa\u010bit\u00e0 tal-Magazin: Standard 17-il tir (g\u0127a\u017cliet ta&#8217; 10 u 24 tir disponibbli)<\/li>\n<li>Tul tal-Kanna: 114 mm (4.49 pulzieri)<\/li>\n<li>Pi\u017c (mhux mg\u0127obbi): 705 g (24.87 oz)<\/li>\n<li>\u0120bid tat-Trigger: 26 N<\/li>\n<li>Tul Totali: 202 mm (7.95 pulzieri)<\/li>\n<\/ul>\n<h2>Teknolo\u0121ija MOS<\/h2>\n<p>Is-slide jinkludi s-Sistema ta&#8217; Ottika Modulari, li tippermetti l-immuntar ta&#8217; vi\u017cwal ta&#8217; punt a\u0127mar \u017cg\u0127ir. Pjan\u010bi ta&#8217; adattament multipli ji\u017cguraw kompatibbilt\u00e0 ma&#8217; firxa wiesg\u0127a ta&#8217; otti\u010bi.<\/p>\n<h2>Titjib Gen5<\/h2>\n<p>Il-mudell Gen5 joffri:<\/p>\n<ul>\n<li>Serrations fuq quddiem tas-slide<\/li>\n<li>Finitura tal-wi\u010b\u010b nDLC<\/li>\n<li>Tessut tal-qafas Gen5 bi gripp sigur<\/li>\n<li>Kontrolli ambidestri<\/li>\n<li>Sistema ta&#8217; Backstrap Modulari GLOCK (MBS)<\/li>\n<\/ul>\n<h2>Sigurt\u00e0 u Affidabbilt\u00e0<\/h2>\n<p>Dan il-pistola g\u0127andu s-Sistema Safe Action\u00ae ta&#8217; GLOCK. Il-followers tal-magazin oran\u0121jo jtejbu l-effi\u010bjenza tar-riloading u l-kontrolli tal-kamra.<\/p>\n<h2>Applikazzjonijiet Varji<\/h2>\n<p>Il-GLOCK 17 Gen5 MOS FS huwa adattat g\u0127all-infurzar tal-li\u0121i, u\u017cu militari, sparar kompetittiv, jew difi\u017ca personali.<\/p>\n<\/div>\n","protected":false},"excerpt":{"rendered":"<p>Pistola ta&#8217; 9mm versatili b&#8217;sistema ottika modulari, kontrolli ambidestri, u kapa\u010bit\u00e0 ta&#8217; 17-il tir.<\/p>\n","protected":false},"featured_media":359081,"template":"","meta":{"_acf_changed":false},"product_brand":[11411],"product_cat":[14111,14128,14157,15004],"product_tag":[],"class_list":{"0":"post-404699","1":"product","2":"type-product","3":"status-publish","4":"has-post-thumbnail","6":"product_brand-glock","7":"product_cat-licenzjat","8":"product_cat-pistola","9":"product_cat-pistoli","10":"product_cat-semi-automatic-pistols-mt","12":"first","13":"outofstock","14":"taxable","15":"shipping-taxable","16":"purchasable","17":"product-type-simple"},"acf":[],"_links":{"self":[{"href":"https:\/\/nbg.eu\/mt\/wp-json\/wp\/v2\/product\/404699","targetHints":{"allow":["GET"]}}],"collection":[{"href":"https:\/\/nbg.eu\/mt\/wp-json\/wp\/v2\/product"}],"about":[{"href":"https:\/\/nbg.eu\/mt\/wp-json\/wp\/v2\/types\/product"}],"wp:featuredmedia":[{"embeddable":true,"href":"https:\/\/nbg.eu\/mt\/wp-json\/wp\/v2\/media\/359081"}],"wp:attachment":[{"href":"https:\/\/nbg.eu\/mt\/wp-json\/wp\/v2\/media?parent=404699"}],"wp:term":[{"taxonomy":"product_brand","embeddable":true,"href":"https:\/\/nbg.eu\/mt\/wp-json\/wp\/v2\/product_brand?post=404699"},{"taxonomy":"product_cat","embeddable":true,"href":"https:\/\/nbg.eu\/mt\/wp-json\/wp\/v2\/product_cat?post=404699"},{"taxonomy":"product_tag","embeddable":true,"href":"https:\/\/nbg.eu\/mt\/wp-json\/wp\/v2\/product_tag?post=404699"}],"curies":[{"name":"wp","href":"https:\/\/api.w.org\/{rel}","templated":true}]}}