{"id":404802,"date":"2025-05-10T12:31:51","date_gmt":"2025-05-10T09:31:51","guid":{"rendered":"https:\/\/nbg.eu\/product\/ammunition-sb-cal-357-mag-fmj-10-25g\/"},"modified":"2026-01-21T11:52:06","modified_gmt":"2026-01-21T08:52:06","slug":"ammunition-sb-cal-357-mag-fmj-10-25g","status":"publish","type":"product","link":"https:\/\/nbg.eu\/mt\/product\/ammunition-sb-cal-357-mag-fmj-10-25g\/","title":{"rendered":"AMMUNITION S&amp;B cal. 357 Mag FMJ 10.25g"},"content":{"rendered":"<div class=\"product-description\">\n<h2>S&amp;B FMJ .357 Magnum 10.25g<\/h2>\n<p>Il-kartri\u0121 .357 Magnum Full Metal Jacket ta&#8217; Sellier &amp; Bellot. Din il-munizzjon hija g\u0127al dawk li ju\u017caw ir-revolver.<\/p>\n<h3>Karatteristi\u010bi Ewlenin:<\/h3>\n<ul>\n<li>Kalibru: .357 Magnum<\/li>\n<li>Pi\u017c tal-Balla: 158gr\/10.25g Full Metal Jacket (FMJ)<\/li>\n<li>Velo\u010bit\u00e0 tal-Bokka: 385 m\/s<\/li>\n<li>Koeffi\u010bjent Ballistiku: 0.184<\/li>\n<li>Fattur ta&#8217; Qawwa: 199.6<\/li>\n<li>Daqs tal-Kaxxa: 50 rawnd<\/li>\n<\/ul>\n<p>Mag\u0127mul minn Sellier &amp; Bellot, manifattur tal-munizzjon mill-1825. Dan il-kartri\u0121 huwa tajjeb g\u0127at-ta\u0127ri\u0121, kompetizzjonijiet, u attivitajiet o\u0127ra tal-isparar.<\/p>\n<p>Din il-munizzjon .357 Magnum tintu\u017ca minn \u010bivili u persunal militari madwar id-dinja.<\/p>\n<\/div>\n","protected":false},"excerpt":{"rendered":"<p>S&amp;B .357 Mag FMJ 10.25g: Munizzjon qawwi u pre\u010bi\u017c tar-rivolver g\u0127at-ta\u0127ri\u0121<\/p>\n","protected":false},"featured_media":359130,"template":"","meta":{"_acf_changed":false},"product_brand":[11779],"product_cat":[14111,14161],"product_tag":[],"class_list":{"0":"post-404802","1":"product","2":"type-product","3":"status-publish","4":"has-post-thumbnail","6":"product_brand-sellier-and-bellot","7":"product_cat-licenzjat","8":"product_cat-munizzjon","10":"first","11":"instock","12":"taxable","13":"shipping-taxable","14":"purchasable","15":"product-type-simple"},"acf":[],"_links":{"self":[{"href":"https:\/\/nbg.eu\/mt\/wp-json\/wp\/v2\/product\/404802","targetHints":{"allow":["GET"]}}],"collection":[{"href":"https:\/\/nbg.eu\/mt\/wp-json\/wp\/v2\/product"}],"about":[{"href":"https:\/\/nbg.eu\/mt\/wp-json\/wp\/v2\/types\/product"}],"wp:featuredmedia":[{"embeddable":true,"href":"https:\/\/nbg.eu\/mt\/wp-json\/wp\/v2\/media\/359130"}],"wp:attachment":[{"href":"https:\/\/nbg.eu\/mt\/wp-json\/wp\/v2\/media?parent=404802"}],"wp:term":[{"taxonomy":"product_brand","embeddable":true,"href":"https:\/\/nbg.eu\/mt\/wp-json\/wp\/v2\/product_brand?post=404802"},{"taxonomy":"product_cat","embeddable":true,"href":"https:\/\/nbg.eu\/mt\/wp-json\/wp\/v2\/product_cat?post=404802"},{"taxonomy":"product_tag","embeddable":true,"href":"https:\/\/nbg.eu\/mt\/wp-json\/wp\/v2\/product_tag?post=404802"}],"curies":[{"name":"wp","href":"https:\/\/api.w.org\/{rel}","templated":true}]}}