{"id":404914,"date":"2025-05-09T10:46:25","date_gmt":"2025-05-09T07:46:25","guid":{"rendered":"https:\/\/nbg.eu\/product\/ammunition-cci-cal-22-lr-mini-mag-cprn-40gr-100pcs\/"},"modified":"2026-01-21T12:23:10","modified_gmt":"2026-01-21T09:23:10","slug":"ammunition-cci-cal-22-lr-mini-mag-cprn-40gr-100pcs","status":"publish","type":"product","link":"https:\/\/nbg.eu\/mt\/product\/ammunition-cci-cal-22-lr-mini-mag-cprn-40gr-100pcs\/","title":{"rendered":"AMMUNITION CCI cal. 22 LR Mini Mag CPRN 40gr \/100pcs"},"content":{"rendered":"<div class=\"product-description\">\n<h2>MUNIZZJON CCI kal. 22 LR Mini Mag CPRN 40gr \/100pcs<\/h2>\n<p>Il-Mini-Mag\u00ae huwa l-offerta ori\u0121inali ta&#8217; CCI. Dan it-tag\u0127bija ta&#8217; 22 LR hija g\u0127all-isparar fuq il-mira.<\/p>\n<h2>Karatteristi\u010bi Ewlenin:<\/h2>\n<ul>\n<li>Offerta ori\u0121inali ta&#8217; CCI<\/li>\n<li>Alimentazzjoni affidabbli<\/li>\n<li>Trab li ja\u0127raq nadif<\/li>\n<li>Priming u ram CCI\u00ae g\u0127al prestazzjoni konsistenti<\/li>\n<\/ul>\n<h2>Spe\u010bifikazzjonijiet:<\/h2>\n<table>\n<tr>\n<td>Kalibru:<\/td>\n<td>22 LR<\/td>\n<\/tr>\n<tr>\n<td>Pi\u017c tal-Qam\u0127:<\/td>\n<td>40<\/td>\n<\/tr>\n<tr>\n<td>Stil tal-Balla:<\/td>\n<td>Imnie\u0127er Tond Miksi bir-Ram (CPRN)<\/td>\n<\/tr>\n<tr>\n<td>Velo\u010bit\u00e0 tal-Bokka:<\/td>\n<td>1235 fps<\/td>\n<\/tr>\n<tr>\n<td>Koeffi\u010bjent Ballistiku:<\/td>\n<td>0.130<\/td>\n<\/tr>\n<tr>\n<td>Kwantit\u00e0 tal-Pakkett:<\/td>\n<td>100 tir<\/td>\n<\/tr>\n<tr>\n<td>U\u017cu:<\/td>\n<td>Sparar fuq il-Mira<\/td>\n<\/tr>\n<\/table>\n<h2>Ballistika:<\/h2>\n<table>\n<tr>\n<th>Medda<\/th>\n<th>Velo\u010bit\u00e0 (fps)<\/th>\n<\/tr>\n<tr>\n<td>Bokka<\/td>\n<td>1235<\/td>\n<\/tr>\n<tr>\n<td>50 Jarda<\/td>\n<td>1092<\/td>\n<\/tr>\n<tr>\n<td>75 Jarda<\/td>\n<td>1040<\/td>\n<\/tr>\n<tr>\n<td>100 Jarda<\/td>\n<td>998<\/td>\n<\/tr>\n<\/table>\n<\/div>\n","protected":false},"excerpt":{"rendered":"<p>Mini-Mag popolari ta&#8217; 22 LR: nadif, affidabbli, pre\u010bi\u017c. 40gr CPRN, pakkett ta&#8217; 100.<\/p>\n","protected":false},"featured_media":359551,"template":"","meta":{"_acf_changed":false},"product_brand":[14286],"product_cat":[14111,14161],"product_tag":[],"class_list":{"0":"post-404914","1":"product","2":"type-product","3":"status-publish","4":"has-post-thumbnail","6":"product_brand-cci-ammunition","7":"product_cat-licenzjat","8":"product_cat-munizzjon","10":"first","11":"instock","12":"taxable","13":"shipping-taxable","14":"purchasable","15":"product-type-simple"},"acf":[],"_links":{"self":[{"href":"https:\/\/nbg.eu\/mt\/wp-json\/wp\/v2\/product\/404914","targetHints":{"allow":["GET"]}}],"collection":[{"href":"https:\/\/nbg.eu\/mt\/wp-json\/wp\/v2\/product"}],"about":[{"href":"https:\/\/nbg.eu\/mt\/wp-json\/wp\/v2\/types\/product"}],"wp:featuredmedia":[{"embeddable":true,"href":"https:\/\/nbg.eu\/mt\/wp-json\/wp\/v2\/media\/359551"}],"wp:attachment":[{"href":"https:\/\/nbg.eu\/mt\/wp-json\/wp\/v2\/media?parent=404914"}],"wp:term":[{"taxonomy":"product_brand","embeddable":true,"href":"https:\/\/nbg.eu\/mt\/wp-json\/wp\/v2\/product_brand?post=404914"},{"taxonomy":"product_cat","embeddable":true,"href":"https:\/\/nbg.eu\/mt\/wp-json\/wp\/v2\/product_cat?post=404914"},{"taxonomy":"product_tag","embeddable":true,"href":"https:\/\/nbg.eu\/mt\/wp-json\/wp\/v2\/product_tag?post=404914"}],"curies":[{"name":"wp","href":"https:\/\/api.w.org\/{rel}","templated":true}]}}