{"id":405461,"date":"2025-05-02T12:51:09","date_gmt":"2025-05-02T09:51:09","guid":{"rendered":"https:\/\/nbg.eu\/product\/optic-nightforce-nx8-1-8x24-f1-fc-dmx\/"},"modified":"2026-01-21T12:04:46","modified_gmt":"2026-01-21T09:04:46","slug":"optic-nightforce-nx8-1-8x24-f1-fc-dmx","status":"publish","type":"product","link":"https:\/\/nbg.eu\/mt\/product\/optic-nightforce-nx8-1-8x24-f1-fc-dmx\/","title":{"rendered":"Optic Nightforce NX8 1-8&#215;24 F1 FC-DMx"},"content":{"rendered":"<div class=\"product-description\">\n<h1>Nightforce NX8 1-8x24mm F1 FC-DMx<\/h1>\n<p>In-Nightforce NX8 1-8x24mm F1 FC-DMx huwa ottika varjabbli b&#8217;qawwa baxxa, kompatta u \u0127afifa. Huwa adattat g\u0127all-karbini u xkubetti \u0127fief.<\/p>\n<h2>Karatteristi\u010bi Ewlenin:<\/h2>\n<ul>\n<li>Disinn kompatt u \u0127afif<\/li>\n<li>Tkabbir ta&#8217; 8x<\/li>\n<li>Tkabbir veru ta&#8217; 1x<\/li>\n<li>Illuminazzjoni vi\u017cibbli fid-dawl tax-xemx<\/li>\n<li>Lieva ta&#8217; Qawwa Inkorporata g\u0127al bidliet rapidi fit-tkabbir<\/li>\n<li>Reticle tal-Pjan Fokali tal-Ewwel (F1\/FFP)<\/li>\n<li>Karatteristika ta&#8217; elevazzjoni ZeroStop<\/li>\n<\/ul>\n<h2>Spe\u010bifikazzjonijiet Tekni\u010bi:<\/h2>\n<table>\n<tr>\n<td>Dijametru tat-Tubu tal-Korp:<\/td>\n<td>30mm<\/td>\n<\/tr>\n<tr>\n<td>Valur tal-Klikk:<\/td>\n<td>.500 MOA jew .2 MRAD<\/td>\n<\/tr>\n<tr>\n<td>Ser\u0127an tal-G\u0127ajn:<\/td>\n<td>3.7 pulzieri\/95 mm<\/td>\n<\/tr>\n<tr>\n<td>Firxa ta&#8217; Tkabbir:<\/td>\n<td>1-8x<\/td>\n<\/tr>\n<tr>\n<td>Tul ta&#8217; Mmuntar:<\/td>\n<td>5.7 pulzieri\/144 mm<\/td>\n<\/tr>\n<tr>\n<td>Tul Totali:<\/td>\n<td>8.7 pulzieri\/222 mm<\/td>\n<\/tr>\n<tr>\n<td>A\u0121\u0121ustament tal-Parallassi:<\/td>\n<td>Fiss @ 125 m<\/td>\n<\/tr>\n<tr>\n<td>Pi\u017c:<\/td>\n<td>17.6 uqija\/499 g<\/td>\n<\/tr>\n<tr>\n<td>G\u0127a\u017cliet ta&#8217; Reticle:<\/td>\n<td>FC-MOA, FC-MIL<\/td>\n<\/tr>\n<\/table>\n<p>In-Nightforce NX8 1-8x24mm F1 FC-DMx joffri tkabbir veru ta&#8217; 1x u illuminazzjoni vi\u017cibbli fid-dawl tax-xemx g\u0127al meded qosra, u tkabbir ta&#8217; 8x g\u0127al sparar fuq meded itwal.<\/p>\n<p>Din l-ottika g\u0127andha Lieva ta&#8217; Qawwa Inkorporata g\u0127al bidliet rapidi fit-tkabbir. Ir-reticle tal-pjan fokali tal-ewwel i\u017comm id-daqs tieg\u0127u relattiv g\u0127all-mira fil-livelli kollha ta&#8217; tkabbir.<\/p>\n<p>Bid-disinn kompatt u l-kostruzzjoni \u0127afifa tieg\u0127u, in-NX8 1-8x24mm F1 huwa g\u0127a\u017cla g\u0127all-ka\u010b\u010baturi u sparaturi tatti\u010bi li je\u0127tie\u0121u versatilit\u00e0 ming\u0127ajr ma jikkompromettu l-pi\u017c jew il-prestazzjoni.<\/p>\n<\/div>\n","protected":false},"excerpt":{"rendered":"<p>Ottika kompatta ta&#8217; 1-8x24mm g\u0127all-karbini. Illuminazzjoni ta&#8217; matul il-jum, tkabbir ta&#8217; 8x, ZeroStop, FFP.<\/p>\n","protected":false},"featured_media":352128,"template":"","meta":{"_acf_changed":false},"product_brand":[15168],"product_cat":[14109,14122],"product_tag":[],"class_list":{"0":"post-405461","1":"product","2":"type-product","3":"status-publish","4":"has-post-thumbnail","6":"product_brand-nightforce-optics","7":"product_cat-immira","8":"product_cat-ottici-magnifikati","10":"first","11":"outofstock","12":"taxable","13":"shipping-taxable","14":"purchasable","15":"product-type-simple"},"acf":[],"_links":{"self":[{"href":"https:\/\/nbg.eu\/mt\/wp-json\/wp\/v2\/product\/405461","targetHints":{"allow":["GET"]}}],"collection":[{"href":"https:\/\/nbg.eu\/mt\/wp-json\/wp\/v2\/product"}],"about":[{"href":"https:\/\/nbg.eu\/mt\/wp-json\/wp\/v2\/types\/product"}],"wp:featuredmedia":[{"embeddable":true,"href":"https:\/\/nbg.eu\/mt\/wp-json\/wp\/v2\/media\/352128"}],"wp:attachment":[{"href":"https:\/\/nbg.eu\/mt\/wp-json\/wp\/v2\/media?parent=405461"}],"wp:term":[{"taxonomy":"product_brand","embeddable":true,"href":"https:\/\/nbg.eu\/mt\/wp-json\/wp\/v2\/product_brand?post=405461"},{"taxonomy":"product_cat","embeddable":true,"href":"https:\/\/nbg.eu\/mt\/wp-json\/wp\/v2\/product_cat?post=405461"},{"taxonomy":"product_tag","embeddable":true,"href":"https:\/\/nbg.eu\/mt\/wp-json\/wp\/v2\/product_tag?post=405461"}],"curies":[{"name":"wp","href":"https:\/\/api.w.org\/{rel}","templated":true}]}}