{"id":405596,"date":"2025-05-05T23:43:01","date_gmt":"2025-05-05T20:43:01","guid":{"rendered":"https:\/\/nbg.eu\/product\/surefire-plr-c-edc-flashlight-stiletto-pro-ii\/"},"modified":"2026-01-21T11:34:27","modified_gmt":"2026-01-21T08:34:27","slug":"surefire-plr-c-edc-flashlight-stiletto-pro-ii","status":"publish","type":"product","link":"https:\/\/nbg.eu\/mt\/product\/surefire-plr-c-edc-flashlight-stiletto-pro-ii\/","title":{"rendered":"Surefire PLR-C EDC Flashlight &#8211; Stiletto Pro II"},"content":{"rendered":"<h2>Tor\u010ba EDC Surefire PLR-C &#8211; Stiletto Pro II<\/h2>\n<p>It-tor\u010ba Stiletto Pro II hija \u017cg\u0127ira u b&#8217;sa\u0127\u0127itha, li tag\u0127ti sa 1,500 lumens ta&#8217; dawl Hybrid Beam li jil\u0127aq 375 metru.<\/p>\n<ul>\n<li>Ottika doppja tipprovdi 35,000 candela g\u0127al illuminazzjoni ta&#8217; distanza twila<\/li>\n<li>Tliet settings programmabbli: G\u0127oli (1,500 lumens), Medju (500 lumens), u Baxx (25 lumens)<\/li>\n<li>Korp tal-aluminju aerospazjali<\/li>\n<li>Swi\u010b\u010b tattiku fil-koda b&#8217;strobe ta&#8217; frekwenza g\u0127olja fakultattiv<\/li>\n<li>Batterija tal-litju polymer rikarikabbli USB-C integrata<\/li>\n<li>LED Fuel Gauge g\u0127al monitora\u0121\u0121 tal-istat tal-batterija<\/li>\n<li>Klipp tal-but tal-azzar bil-molla miksija bil-Melonite riversibbli<\/li>\n<li>Re\u017cistenti g\u0127all-ilma IPX7 sa metru g\u0127al 30 minuta<\/li>\n<\/ul>\n<p>L-Stiletto Pro II hija adattata g\u0127an-navigazzjoni fit-toroq mudlama jew g\u0127all-avventuri barra. Hija tajba g\u0127all-infurzar tal-li\u0121i, persunal militari, u utenti ta&#8217; kuljum.<\/p>\n","protected":false},"excerpt":{"rendered":"<p>Dawl EDC irqiq u qawwi b&#8217;1,500 lumens u ra\u0121\u0121 ta&#8217; medda twila.<\/p>\n","protected":false},"featured_media":352345,"template":"","meta":{"_acf_changed":false},"product_brand":[11878],"product_cat":[14088,14120,14143],"product_tag":[],"class_list":{"0":"post-405596","1":"product","2":"type-product","3":"status-publish","4":"has-post-thumbnail","6":"product_brand-surefire","7":"product_cat-dwal","8":"product_cat-dwal-edc","9":"product_cat-edc","11":"first","12":"instock","13":"taxable","14":"shipping-taxable","15":"purchasable","16":"product-type-simple"},"acf":[],"_links":{"self":[{"href":"https:\/\/nbg.eu\/mt\/wp-json\/wp\/v2\/product\/405596","targetHints":{"allow":["GET"]}}],"collection":[{"href":"https:\/\/nbg.eu\/mt\/wp-json\/wp\/v2\/product"}],"about":[{"href":"https:\/\/nbg.eu\/mt\/wp-json\/wp\/v2\/types\/product"}],"wp:featuredmedia":[{"embeddable":true,"href":"https:\/\/nbg.eu\/mt\/wp-json\/wp\/v2\/media\/352345"}],"wp:attachment":[{"href":"https:\/\/nbg.eu\/mt\/wp-json\/wp\/v2\/media?parent=405596"}],"wp:term":[{"taxonomy":"product_brand","embeddable":true,"href":"https:\/\/nbg.eu\/mt\/wp-json\/wp\/v2\/product_brand?post=405596"},{"taxonomy":"product_cat","embeddable":true,"href":"https:\/\/nbg.eu\/mt\/wp-json\/wp\/v2\/product_cat?post=405596"},{"taxonomy":"product_tag","embeddable":true,"href":"https:\/\/nbg.eu\/mt\/wp-json\/wp\/v2\/product_tag?post=405596"}],"curies":[{"name":"wp","href":"https:\/\/api.w.org\/{rel}","templated":true}]}}