{"id":405755,"date":"2025-05-07T23:00:30","date_gmt":"2025-05-07T20:00:30","guid":{"rendered":"https:\/\/nbg.eu\/product\/surefire-plr-b-edc-flashlight-stiletto-pro\/"},"modified":"2026-01-21T11:59:10","modified_gmt":"2026-01-21T08:59:10","slug":"surefire-plr-b-edc-flashlight-stiletto-pro","status":"publish","type":"product","link":"https:\/\/nbg.eu\/mt\/product\/surefire-plr-b-edc-flashlight-stiletto-pro\/","title":{"rendered":"Surefire PLR-B EDC Flashlight &#8211; Stiletto Pro"},"content":{"rendered":"<h2>Tor\u010ba EDC Surefire PLR-B &#8211; Stiletto Pro<\/h2>\n<p>It-tor\u010ba Stiletto Pro tipprovdi 1,000 lumens ta&#8217; dawl LED abjad permezz tar-riflettur MaxVision Beam\u00ae ta&#8217; SureFire.<\/p>\n<ul>\n<li>Tliet settings programmabbli: 1,000 lumens (g\u0127oli), 300 lumens (medju), u 25 lumens (baxx)<\/li>\n<li>Korp tal-aluminju tal-ajruspazju rqiq<\/li>\n<li>Finitura anodizzata Mil-Spec b&#8217;re\u017cistenza g\u0127all-ilma IPX7<\/li>\n<li>Swi\u010b\u010b tattiku fin-na\u0127a ta&#8217; wara g\u0127al output g\u0127oli istantanju u strobe fakultattiv<\/li>\n<li>Batterija tal-polymer tal-litju rikarikabbli USB-C integrata<\/li>\n<li>LED Fuel Gauge g\u0127all-monitora\u0121\u0121 tal-istat tal-batterija<\/li>\n<li>Klipp tal-but tal-azzar bil-molla miksija bil-Melonite\u00ae riversibbli<\/li>\n<\/ul>\n<p>It-tul tat-tor\u010ba huwa ta&#8217; 4.5 pulzieri u ti\u017cen 4 uqijiet. It-tor\u010ba Stiletto Pro tipprovdi illuminazzjoni ta&#8217; livell professjonali.<\/p>\n","protected":false},"excerpt":{"rendered":"<p>Dawl EDC kompatt u qawwi ta&#8217; 1000 lumen b&#8217;teknolo\u0121ija MaxVision Beam\u00ae.<\/p>\n","protected":false},"featured_media":352669,"template":"","meta":{"_acf_changed":false},"product_brand":[11878],"product_cat":[14088,14120,14143],"product_tag":[],"class_list":{"0":"post-405755","1":"product","2":"type-product","3":"status-publish","4":"has-post-thumbnail","6":"product_brand-surefire","7":"product_cat-dwal","8":"product_cat-dwal-edc","9":"product_cat-edc","11":"first","12":"instock","13":"taxable","14":"shipping-taxable","15":"purchasable","16":"product-type-simple"},"acf":[],"_links":{"self":[{"href":"https:\/\/nbg.eu\/mt\/wp-json\/wp\/v2\/product\/405755","targetHints":{"allow":["GET"]}}],"collection":[{"href":"https:\/\/nbg.eu\/mt\/wp-json\/wp\/v2\/product"}],"about":[{"href":"https:\/\/nbg.eu\/mt\/wp-json\/wp\/v2\/types\/product"}],"wp:featuredmedia":[{"embeddable":true,"href":"https:\/\/nbg.eu\/mt\/wp-json\/wp\/v2\/media\/352669"}],"wp:attachment":[{"href":"https:\/\/nbg.eu\/mt\/wp-json\/wp\/v2\/media?parent=405755"}],"wp:term":[{"taxonomy":"product_brand","embeddable":true,"href":"https:\/\/nbg.eu\/mt\/wp-json\/wp\/v2\/product_brand?post=405755"},{"taxonomy":"product_cat","embeddable":true,"href":"https:\/\/nbg.eu\/mt\/wp-json\/wp\/v2\/product_cat?post=405755"},{"taxonomy":"product_tag","embeddable":true,"href":"https:\/\/nbg.eu\/mt\/wp-json\/wp\/v2\/product_tag?post=405755"}],"curies":[{"name":"wp","href":"https:\/\/api.w.org\/{rel}","templated":true}]}}