{"id":405863,"date":"2025-05-08T16:51:58","date_gmt":"2025-05-08T13:51:58","guid":{"rendered":"https:\/\/nbg.eu\/product\/surefire-scout-infrared-light-m640v-pro-tan\/"},"modified":"2026-01-21T11:38:20","modified_gmt":"2026-01-21T08:38:20","slug":"surefire-scout-infrared-light-m640v-pro-tan","status":"publish","type":"product","link":"https:\/\/nbg.eu\/mt\/product\/surefire-scout-infrared-light-m640v-pro-tan\/","title":{"rendered":"SureFire Scout Infrared Light &#8211; M640V PRO &#8211; Tan"},"content":{"rendered":"<h2>Dawl Infra\u0127mar SureFire Scout &#8211; M640V PRO &#8211; Kulur Kannella \u010aar<\/h2>\n<p>L-M640V PRO Scout Dawl Infra\u0127mar g\u0127andu dawn il-karatteristi\u010bi:<\/p>\n<ul>\n<li>350 lumens ta&#8217; dawl abjad u 120 mW ta&#8217; output IR<\/li>\n<li>Mount \u0121did b&#8217;profil baxx g\u0127al po\u017cizzjonament fuq linji MIL-STD-1913 jew M-LOK<\/li>\n<li>Lenti TIR proprjetarja g\u0127al ra\u0121\u0121 b&#8217;distanza twila u dawl madwar<\/li>\n<li>Bidla bejn modi abjad u IR<\/li>\n<li>Kostruzzjoni tal-aluminju b&#8217;finitura anodizzata skont l-istandards militari<\/li>\n<li>Re\u017cistenza g\u0127all-ilma IPX7<\/li>\n<li>Swi\u010b\u010b tal-buttuna fil-parti ta&#8217; wara g\u0127all-attivazzjoni<\/li>\n<\/ul>\n<p>B&#8217;\u0127in ta&#8217; \u0127idma ta&#8217; 2.5 sig\u0127at fuq qawwa g\u0127olja u distanza tar-ra\u0121\u0121 ta&#8217; 214 metri, l-M640V PRO huwa adattat g\u0127al operazzjonijiet ta&#8217; distanza medja sa twila.<\/p>\n","protected":false},"excerpt":{"rendered":"<p>Dawl versatili g\u0127all-arma b&#8217;IR\/abjad b&#8217;350 lumens u 120 mW \u0127ru\u0121 IR.<\/p>\n","protected":false},"featured_media":353025,"template":"","meta":{"_acf_changed":false},"product_brand":[11878],"product_cat":[14088,14120,14863],"product_tag":[],"class_list":{"0":"post-405863","1":"product","2":"type-product","3":"status-publish","4":"has-post-thumbnail","6":"product_brand-surefire","7":"product_cat-dwal","8":"product_cat-dwal-edc","9":"product_cat-dwal-tar-rifle","11":"first","12":"instock","13":"taxable","14":"shipping-taxable","15":"purchasable","16":"product-type-simple"},"acf":[],"_links":{"self":[{"href":"https:\/\/nbg.eu\/mt\/wp-json\/wp\/v2\/product\/405863","targetHints":{"allow":["GET"]}}],"collection":[{"href":"https:\/\/nbg.eu\/mt\/wp-json\/wp\/v2\/product"}],"about":[{"href":"https:\/\/nbg.eu\/mt\/wp-json\/wp\/v2\/types\/product"}],"wp:featuredmedia":[{"embeddable":true,"href":"https:\/\/nbg.eu\/mt\/wp-json\/wp\/v2\/media\/353025"}],"wp:attachment":[{"href":"https:\/\/nbg.eu\/mt\/wp-json\/wp\/v2\/media?parent=405863"}],"wp:term":[{"taxonomy":"product_brand","embeddable":true,"href":"https:\/\/nbg.eu\/mt\/wp-json\/wp\/v2\/product_brand?post=405863"},{"taxonomy":"product_cat","embeddable":true,"href":"https:\/\/nbg.eu\/mt\/wp-json\/wp\/v2\/product_cat?post=405863"},{"taxonomy":"product_tag","embeddable":true,"href":"https:\/\/nbg.eu\/mt\/wp-json\/wp\/v2\/product_tag?post=405863"}],"curies":[{"name":"wp","href":"https:\/\/api.w.org\/{rel}","templated":true}]}}