{"id":409672,"date":"2025-05-09T10:47:47","date_gmt":"2025-05-09T07:47:47","guid":{"rendered":"https:\/\/nbg.eu\/product\/surefire-m340v-tn-pro-scout-light-pro\/"},"modified":"2026-01-21T11:44:36","modified_gmt":"2026-01-21T08:44:36","slug":"surefire-m340v-tn-pro-scout-light-pro","status":"publish","type":"product","link":"https:\/\/nbg.eu\/mt\/product\/surefire-m340v-tn-pro-scout-light-pro\/","title":{"rendered":"Surefire M340V-TN-PRO Scout Light Pro"},"content":{"rendered":"<h2>Surefire M340V-TN-PRO Scout Light Pro<\/h2>\n<p>Il-Mini Infrared Scout Light\u00ae Pro huwa dawl ta&#8217; arma ta&#8217; 3 volts. Dan l-g\u0127odda ta&#8217; illuminazzjoni joffri:<\/p>\n<ul>\n<li>250 lumens ta&#8217; dawl abjad<\/li>\n<li>100 mW ta&#8217; illuminazzjoni infra\u0127amra invi\u017cibbli g\u0127al apparat ta&#8217; vi\u017cjoni bil-lejl<\/li>\n<li>M&#8217;hemmx b\u017conn ta&#8217; filtri IR jew lampi \u017cejda<\/li>\n<li>Mount \u0121did ta&#8217; Profil Baxx (LPM) ta&#8217; SureFire<\/li>\n<li>Bidla fa\u010bli bejn dawl abjad, di\u017cattivat, u modi infra\u0127omor<\/li>\n<li>Lenti TIR g\u0127al ra\u0121\u0121 dejjaq adattat g\u0127al applikazzjonijiet ta&#8217; distanza qasira sa medja<\/li>\n<\/ul>\n<h3>Kostruzzjoni Robusta<\/h3>\n<p>L-M340V-TN-PRO g\u0127andu:<\/p>\n<ul>\n<li>Korp tal-aluminju aerospazjali b&#8217;sa\u0127\u0127tu<\/li>\n<li>Anodizzazzjoni iebsa Mil-Spec g\u0127al re\u017cistenza g\u0127all-korru\u017cjoni<\/li>\n<li>LEDs infra\u0127omor u bojod<\/li>\n<li>Klassifikazzjoni ta&#8217; re\u017cistenza g\u0127all-ilma IPX7<\/li>\n<\/ul>\n<h3>Spe\u010bifikazzjonijiet Ewlenin<\/h3>\n<ul>\n<li>Output: 250 lumens (abjad) \/ 100 mW (IR)<\/li>\n<li>\u0126in ta&#8217; t\u0127addim: 1.5 sig\u0127at (abjad) \/ 6.0 sig\u0127at (IR)<\/li>\n<li>Intensit\u00e0 massima tar-ra\u0121\u0121: 9,300 candela<\/li>\n<li>Distanza tar-ra\u0121\u0121: 190 metri<\/li>\n<li>Tul: 4.1 pulzieri (10.4 cm)<\/li>\n<li>Pi\u017c: 3.4 oz (96.4 g) bil-batterija<\/li>\n<li>Ener\u0121ija: Batterija wa\u0127da tal-litju 123A (inklu\u017ca)<\/li>\n<\/ul>\n","protected":false},"excerpt":{"rendered":"<p>Dawl tattiku versatili b&#8217;250 lumens abjad\/100mW IR, disinn robust, immuntat fuq linji gwida.<\/p>\n","protected":false},"featured_media":400321,"template":"","meta":{"_acf_changed":false},"product_brand":[11878],"product_cat":[14088,14863],"product_tag":[],"class_list":{"0":"post-409672","1":"product","2":"type-product","3":"status-publish","4":"has-post-thumbnail","6":"product_brand-surefire","7":"product_cat-dwal","8":"product_cat-dwal-tar-rifle","10":"first","11":"outofstock","12":"taxable","13":"shipping-taxable","14":"purchasable","15":"product-type-simple"},"acf":[],"_links":{"self":[{"href":"https:\/\/nbg.eu\/mt\/wp-json\/wp\/v2\/product\/409672","targetHints":{"allow":["GET"]}}],"collection":[{"href":"https:\/\/nbg.eu\/mt\/wp-json\/wp\/v2\/product"}],"about":[{"href":"https:\/\/nbg.eu\/mt\/wp-json\/wp\/v2\/types\/product"}],"wp:featuredmedia":[{"embeddable":true,"href":"https:\/\/nbg.eu\/mt\/wp-json\/wp\/v2\/media\/400321"}],"wp:attachment":[{"href":"https:\/\/nbg.eu\/mt\/wp-json\/wp\/v2\/media?parent=409672"}],"wp:term":[{"taxonomy":"product_brand","embeddable":true,"href":"https:\/\/nbg.eu\/mt\/wp-json\/wp\/v2\/product_brand?post=409672"},{"taxonomy":"product_cat","embeddable":true,"href":"https:\/\/nbg.eu\/mt\/wp-json\/wp\/v2\/product_cat?post=409672"},{"taxonomy":"product_tag","embeddable":true,"href":"https:\/\/nbg.eu\/mt\/wp-json\/wp\/v2\/product_tag?post=409672"}],"curies":[{"name":"wp","href":"https:\/\/api.w.org\/{rel}","templated":true}]}}