{"id":410445,"date":"2025-05-09T10:48:01","date_gmt":"2025-05-09T07:48:01","guid":{"rendered":"https:\/\/nbg.eu\/product\/surefire-csp-07-push-button-switch\/"},"modified":"2026-01-21T12:28:35","modified_gmt":"2026-01-21T09:28:35","slug":"surefire-csp-07-push-button-switch","status":"publish","type":"product","link":"https:\/\/nbg.eu\/mt\/product\/surefire-csp-07-push-button-switch\/","title":{"rendered":"Surefire CSP-07 Push Button Switch"},"content":{"rendered":"<div class=\"product-description\">\n<h2>Swi\u010b\u010b tal-Buttuna CSP-07 ta&#8217; Surefire<\/h2>\n<h2>Kontroll mill-Bog\u0127od. Iffrankar ta&#8217; Spazju.<\/h2>\n<p>Is-Swi\u010b\u010b tal-Buttuna CSP-07 huwa soluzzjoni g\u0127all-attivazzjoni mill-bog\u0127od ta&#8217; WeaponLight SureFire waqt li jiffranka spazju fuq l-arma tan-nar. Dan is-swi\u010b\u010b joffri funzjonalit\u00e0 kemm ta&#8217; dawl momentanju kif ukoll kostanti minn kontroll wie\u0127ed.<\/p>\n<h3>Karatteristi\u010bi Ewlenin:<\/h3>\n<ul>\n<li>Attivazzjoni mill-bog\u0127od g\u0127al WeaponLights SureFire b&#8217;sokkits tal-plagg<\/li>\n<li>Disinn kompatt g\u0127all-u\u017cu effi\u010bjenti tal-ispazju<\/li>\n<li>Dawl momentanju b&#8217;pressjoni \u0127afifa, dawl kostanti bi klikk s\u0127i\u0127<\/li>\n<li>Kaxxa tal-polimer g\u0127al prestazzjoni fit-tul<\/li>\n<li>Twa\u0127\u0127il fa\u010bli ma&#8217; linji Picatinny<\/li>\n<li>Kejbil ta&#8217; 7 pulzieri adattat g\u0127all-bi\u010b\u010ba l-kbira tal-applikazzjonijiet tar-rifle\/carbine<\/li>\n<li>Swi\u010b\u010b u plagg re\u017cistenti g\u0127at-temp<\/li>\n<\/ul>\n<h3>Kompatibbilt\u00e0:<\/h3>\n<p>Is-CSP-07 huwa kompatibbli ma&#8217; WeaponLights SureFire b&#8217;sokkits tal-plagg, inklu\u017c:<\/p>\n<ul>\n<li>Millennium Universal<\/li>\n<li>Classic Universal<\/li>\n<li>Scout Light (b&#8217;tailcap b&#8217;sokkit)<\/li>\n<li>X300<\/li>\n<li>X400 (b&#8217;assembla\u0121\u0121 tat-tailcap XT)<\/li>\n<\/ul>\n<h3>G\u0127aliex Tag\u0127\u017cel is-CSP-07?<\/h3>\n<p>Is-CSP-07 ji\u017cgura li l-WeaponLight tieg\u0127ek ikun lest meta jkollok b\u017connu. Id-disinn tieg\u0127u li jiffranka l-ispazju u l-installazzjoni ming\u0127ajr g\u0127odda jag\u0127mluh g\u0127a\u017cla g\u0127all-professjonisti tatti\u010bi u l-entu\u017cjasti. Is-CSP-07 jipprovdi illuminazzjoni istantanja f&#8217;kull sitwazzjoni.<\/p>\n<\/div>\n","protected":false},"excerpt":{"rendered":"<p>Attivazzjoni remota tad-dawl tal-arma. Disinn kompatt. Modalitajiet ta&#8217; mument u dawl kontinwu.<\/p>\n","protected":false},"featured_media":399942,"template":"","meta":{"_acf_changed":false},"product_brand":[11878],"product_cat":[14110,14088,14863],"product_tag":[],"class_list":{"0":"post-410445","1":"product","2":"type-product","3":"status-publish","4":"has-post-thumbnail","6":"product_brand-surefire","7":"product_cat-accessorji-tad-dawl","8":"product_cat-dwal","9":"product_cat-dwal-tar-rifle","11":"first","12":"instock","13":"taxable","14":"shipping-taxable","15":"purchasable","16":"product-type-simple"},"acf":[],"_links":{"self":[{"href":"https:\/\/nbg.eu\/mt\/wp-json\/wp\/v2\/product\/410445","targetHints":{"allow":["GET"]}}],"collection":[{"href":"https:\/\/nbg.eu\/mt\/wp-json\/wp\/v2\/product"}],"about":[{"href":"https:\/\/nbg.eu\/mt\/wp-json\/wp\/v2\/types\/product"}],"wp:featuredmedia":[{"embeddable":true,"href":"https:\/\/nbg.eu\/mt\/wp-json\/wp\/v2\/media\/399942"}],"wp:attachment":[{"href":"https:\/\/nbg.eu\/mt\/wp-json\/wp\/v2\/media?parent=410445"}],"wp:term":[{"taxonomy":"product_brand","embeddable":true,"href":"https:\/\/nbg.eu\/mt\/wp-json\/wp\/v2\/product_brand?post=410445"},{"taxonomy":"product_cat","embeddable":true,"href":"https:\/\/nbg.eu\/mt\/wp-json\/wp\/v2\/product_cat?post=410445"},{"taxonomy":"product_tag","embeddable":true,"href":"https:\/\/nbg.eu\/mt\/wp-json\/wp\/v2\/product_tag?post=410445"}],"curies":[{"name":"wp","href":"https:\/\/api.w.org\/{rel}","templated":true}]}}