{"id":44093,"date":"2024-03-14T09:38:02","date_gmt":"2024-03-14T09:38:02","guid":{"rendered":"https:\/\/nbg.eu\/product\/product-6\/"},"modified":"2026-01-21T12:20:13","modified_gmt":"2026-01-21T09:20:13","slug":"product-6","status":"publish","type":"product","link":"https:\/\/nbg.eu\/mt\/product\/product-6\/","title":{"rendered":"Bore Tech COTTON SWABS &#8211; 100 PACK"},"content":{"rendered":"<p>Swabs tal-Qoton ta&#8217; Bore Tech: G\u0127at-tindif ta&#8217; punti spe\u010bifi\u010bi u g\u0127all-applikazzjoni pre\u010bi\u017ca ta&#8217; solventi. Karatteristi\u010bi:<\/p>\n<ul>\n<li>Ponta tal-qoton b&#8217;lint baxx<\/li>\n<li>Manku flessibbli tal-bamb\u00f9 ta&#8217; 6 pulzieri<\/li>\n<li>G\u0127al partijiet tal-AR, gruppi tat-trigger, u \u017coni diffi\u010bli biex til\u0127aqhom<\/li>\n<li>G\u0127all-applikazzjoni ta&#8217; gri\u017c u tindif ta&#8217; rkejjen \u017cg\u0127ar<\/li>\n<\/ul>\n<p>Pakkett ta&#8217; 100 g\u0127all-b\u017connijiet ta&#8217; manutenzjoni tal-armi tan-nar.<\/p>\n","protected":false},"excerpt":{"rendered":"<p>Mqaret tat-tindif ta&#8217; pre\u010bi\u017cjoni g\u0127all-armi tan-nar. Manku tal-bamb\u00f9 ta&#8217; 6 pulzieri, tarf b&#8217;ftit tnietex.<\/p>\n","protected":false},"featured_media":44094,"template":"","meta":{"_acf_changed":false},"product_brand":[11160],"product_cat":[14100,14117],"product_tag":[],"class_list":{"0":"post-44093","1":"product","2":"type-product","3":"status-publish","4":"has-post-thumbnail","6":"product_brand-boretech","7":"product_cat-tindif-tal-armi","8":"product_cat-xkupini","10":"first","11":"instock","12":"taxable","13":"shipping-taxable","14":"purchasable","15":"product-type-simple"},"acf":[],"_links":{"self":[{"href":"https:\/\/nbg.eu\/mt\/wp-json\/wp\/v2\/product\/44093","targetHints":{"allow":["GET"]}}],"collection":[{"href":"https:\/\/nbg.eu\/mt\/wp-json\/wp\/v2\/product"}],"about":[{"href":"https:\/\/nbg.eu\/mt\/wp-json\/wp\/v2\/types\/product"}],"wp:featuredmedia":[{"embeddable":true,"href":"https:\/\/nbg.eu\/mt\/wp-json\/wp\/v2\/media\/44094"}],"wp:attachment":[{"href":"https:\/\/nbg.eu\/mt\/wp-json\/wp\/v2\/media?parent=44093"}],"wp:term":[{"taxonomy":"product_brand","embeddable":true,"href":"https:\/\/nbg.eu\/mt\/wp-json\/wp\/v2\/product_brand?post=44093"},{"taxonomy":"product_cat","embeddable":true,"href":"https:\/\/nbg.eu\/mt\/wp-json\/wp\/v2\/product_cat?post=44093"},{"taxonomy":"product_tag","embeddable":true,"href":"https:\/\/nbg.eu\/mt\/wp-json\/wp\/v2\/product_tag?post=44093"}],"curies":[{"name":"wp","href":"https:\/\/api.w.org\/{rel}","templated":true}]}}