{"id":44441,"date":"2024-08-18T19:22:32","date_gmt":"2024-08-18T19:22:32","guid":{"rendered":"https:\/\/nbg.eu\/product\/flex-holster-insert-block\/"},"modified":"2026-01-21T12:13:13","modified_gmt":"2026-01-21T09:13:13","slug":"flex-holster-insert-block","status":"publish","type":"product","link":"https:\/\/nbg.eu\/mt\/product\/flex-holster-insert-block\/","title":{"rendered":"Flex Holster Insert Block"},"content":{"rendered":"<div class=\"product-description\">\n<h2>Blokk ta&#8217; Inserzjoni tal-Holster Flex: Qisien Personalizzabbli g\u0127all-Pistola Tieg\u0127ek<\/h2>\n<p>Il-Blokk ta&#8217; Inserzjoni tal-Holster Flex rivoluzzjonarju joffri a\u0121\u0121ustabbilt\u00e0 bla pre\u010bedent biex ji\u017cgura qisien perfetti g\u0127al kwa\u017ci kull mudell ta&#8217; pistola. Disponibbli fit-Tip-A u Tip-B, dan id-disinn innovattiv jippermettilek tirfina l-inserzjoni tal-holster tieg\u0127ek g\u0127al prestazzjoni u kumdit\u00e0 ottimali.<\/p>\n<h3>Karatteristi\u010bi Ewlenin:<\/h3>\n<ul>\n<li>Snien tal-islide-lock a\u0121\u0121ustabbli g\u0127al qisien pre\u010bi\u017ci<\/li>\n<li>Spazjaturi tal-\u0121enb u shims g\u0127al allinjament personalizzat<\/li>\n<li>Spazjatur ta&#8217; quddiem fakultattiv g\u0127al a\u0121\u0121ustabbilt\u00e0 addizzjonali<\/li>\n<li>Slide-lock tal-aluminju b&#8217;inga\u0121\u0121 manjetiku<\/li>\n<li>Lever ta&#8217; sigurt\u00e0 wiesa&#8217; u \u010batt tal-azzar inossidabbli g\u0127al attivazzjoni fa\u010bli<\/li>\n<\/ul>\n<p>L-Assembla\u0121\u0121 tal-Blokk ta&#8217; Inserzjoni Flex isolvi problemi komuni ta&#8217; qisien ikkaw\u017cati minn varjazzjonijiet fil-manifattura, ji\u017cgura qisien issikkati u siguri g\u0127all-arma tan-nar spe\u010bifika tieg\u0127ek. Bid-disinn fa\u010bli g\u0127all-utent, tista&#8217; fa\u010bilment ta\u0121\u0121usta l-inserzjoni biex takkomoda d-dimensjonijiet uni\u010bi tal-gwardja tat-trigger tal-pistola tieg\u0127ek.<\/p>\n<p>Esperjenza l-livell li jmiss ta&#8217; personalizzazzjoni tal-holster bil-Blokk ta&#8217; Inserzjoni tal-Holster Flex \u2013 is-soluzzjoni a\u0127\u0127arija g\u0127al sparaturi e\u017ci\u0121enti li jitolbu pre\u010bi\u017cjoni u affidabbilt\u00e0.<\/p>\n<\/div>\n","protected":false},"excerpt":{"rendered":"<p>Insert tal-g\u0127ant li jista&#8217; ji\u0121i personalizzat g\u0127al qbid u sigurt\u00e0 perfetti tal-pistola.<\/p>\n","protected":false},"featured_media":28622,"template":"","meta":{"_acf_changed":false},"product_brand":[11279],"product_cat":[14139,14164,14145,14166],"product_tag":[],"class_list":{"0":"post-44441","1":"product","2":"type-product","3":"status-publish","4":"has-post-thumbnail","6":"product_brand-doublealpha","7":"product_cat-accessorji-gall-holster","8":"product_cat-holster","9":"product_cat-holster-sportiv","10":"product_cat-tagmir","12":"first","13":"instock","14":"taxable","15":"shipping-taxable","16":"purchasable","17":"product-type-variable","18":"wvs-archive-product-wrapper"},"acf":[],"_links":{"self":[{"href":"https:\/\/nbg.eu\/mt\/wp-json\/wp\/v2\/product\/44441","targetHints":{"allow":["GET"]}}],"collection":[{"href":"https:\/\/nbg.eu\/mt\/wp-json\/wp\/v2\/product"}],"about":[{"href":"https:\/\/nbg.eu\/mt\/wp-json\/wp\/v2\/types\/product"}],"wp:featuredmedia":[{"embeddable":true,"href":"https:\/\/nbg.eu\/mt\/wp-json\/wp\/v2\/media\/28622"}],"wp:attachment":[{"href":"https:\/\/nbg.eu\/mt\/wp-json\/wp\/v2\/media?parent=44441"}],"wp:term":[{"taxonomy":"product_brand","embeddable":true,"href":"https:\/\/nbg.eu\/mt\/wp-json\/wp\/v2\/product_brand?post=44441"},{"taxonomy":"product_cat","embeddable":true,"href":"https:\/\/nbg.eu\/mt\/wp-json\/wp\/v2\/product_cat?post=44441"},{"taxonomy":"product_tag","embeddable":true,"href":"https:\/\/nbg.eu\/mt\/wp-json\/wp\/v2\/product_tag?post=44441"}],"curies":[{"name":"wp","href":"https:\/\/api.w.org\/{rel}","templated":true}]}}