{"id":44481,"date":"2024-08-18T09:39:38","date_gmt":"2024-08-18T09:39:38","guid":{"rendered":"https:\/\/nbg.eu\/product\/sordin-silicone-gel-replacement-ear-pads\/"},"modified":"2026-01-21T11:44:58","modified_gmt":"2026-01-21T08:44:58","slug":"sordin-silicone-gel-replacement-ear-pads","status":"publish","type":"product","link":"https:\/\/nbg.eu\/mt\/product\/sordin-silicone-gel-replacement-ear-pads\/","title":{"rendered":"Sordin Silicone Gel Replacement Ear Pads"},"content":{"rendered":"<div class=\"product-description\">\n<h2>Pads tal-Widnejn tas-Silikonju \u0120el ta&#8217; Sostituzzjoni Sordin<\/h2>\n<p>A\u0121\u0121orna d-difensuri tal-widnejn Sordin tieg\u0127ek bil-Kit ta&#8217; Sostituzzjoni tas-Silikonju \u0120el tag\u0127na, li jinkludi:<\/p>\n<ul>\n<li>2 Pads tal-Widnejn tas-Silikonju \u0120el<\/li>\n<li>2 Kuxxinetti ta&#8217; I\u017colazzjoni<\/li>\n<\/ul>\n<p>Esperjenza kumdit\u00e0 superjuri u protezzjoni tal-\u0127oss b&#8217;dawn il-pads tal-\u0121el innovattivi li jiffurmaw mal-kontorni ta&#8217; rasek. Perfetti biex jintu\u017caw ma&#8217; nu\u010b\u010balijiet tal-isparar, jadattaw madwar id-dirg\u0127ajn g\u0127al protezzjoni u kumdit\u00e0 mtejba.<\/p>\n<p>Kompatibbli mal-mudelli kollha ta&#8217; Sordin: Supreme Pro, Pro-X, u Pro+3. Fa\u010bli biex tinstalla ming\u0127ajr modifiki me\u0127tie\u0121a.<\/p>\n<p>Tejjeb l-i\u0121jene u l-prestazzjoni billi tissostitwixxi l-pads tal-widnejn tieg\u0127ek regolarment. Ipprova dawn il-pads tal-\u0121el biex verament tapprezza d-differenza fil-kumdit\u00e0 u l-i\u017colazzjoni tal-\u0127oss.<\/p>\n<\/div>\n","protected":false},"excerpt":{"rendered":"<p>Kuxxinetti tal-widnejn tal-\u0121ell tas-silikon g\u0127all-headsets ta&#8217; Sordin. Kumdit\u00e0 mtejba u protezzjoni tal-\u0127oss.<\/p>\n","protected":false},"featured_media":28599,"template":"","meta":{"_acf_changed":false},"product_brand":[11849],"product_cat":[14127,14166],"product_tag":[],"class_list":{"0":"post-44481","1":"product","2":"type-product","3":"status-publish","4":"has-post-thumbnail","6":"product_brand-sordin","7":"product_cat-protezzjoni-tal-widnejn","8":"product_cat-tagmir","10":"first","11":"outofstock","12":"taxable","13":"shipping-taxable","14":"purchasable","15":"product-type-simple"},"acf":[],"_links":{"self":[{"href":"https:\/\/nbg.eu\/mt\/wp-json\/wp\/v2\/product\/44481","targetHints":{"allow":["GET"]}}],"collection":[{"href":"https:\/\/nbg.eu\/mt\/wp-json\/wp\/v2\/product"}],"about":[{"href":"https:\/\/nbg.eu\/mt\/wp-json\/wp\/v2\/types\/product"}],"wp:featuredmedia":[{"embeddable":true,"href":"https:\/\/nbg.eu\/mt\/wp-json\/wp\/v2\/media\/28599"}],"wp:attachment":[{"href":"https:\/\/nbg.eu\/mt\/wp-json\/wp\/v2\/media?parent=44481"}],"wp:term":[{"taxonomy":"product_brand","embeddable":true,"href":"https:\/\/nbg.eu\/mt\/wp-json\/wp\/v2\/product_brand?post=44481"},{"taxonomy":"product_cat","embeddable":true,"href":"https:\/\/nbg.eu\/mt\/wp-json\/wp\/v2\/product_cat?post=44481"},{"taxonomy":"product_tag","embeddable":true,"href":"https:\/\/nbg.eu\/mt\/wp-json\/wp\/v2\/product_tag?post=44481"}],"curies":[{"name":"wp","href":"https:\/\/api.w.org\/{rel}","templated":true}]}}