{"id":44503,"date":"2024-08-18T09:39:25","date_gmt":"2024-08-18T09:39:25","guid":{"rendered":"https:\/\/nbg.eu\/product\/corn-cob-media-4kg\/"},"modified":"2026-01-21T12:00:20","modified_gmt":"2026-01-21T09:00:20","slug":"corn-cob-media-4kg","status":"publish","type":"product","link":"https:\/\/nbg.eu\/mt\/product\/corn-cob-media-4kg\/","title":{"rendered":"Corn Cob Media 4Kg"},"content":{"rendered":"<h2>Midja tal-G\u0127ana tal-Qam\u0127irrum 4Kg<\/h2>\n<p>G\u0127olli l-livell tat-tindif tal-brass tieg\u0127ek bil-Midja tal-G\u0127ana tal-Qam\u0127irrum premium ta&#8217; 4kg tag\u0127na. Din il-midja ta&#8217; kwalit\u00e0 g\u0127olja hija mfassla biex:<\/p>\n<ul>\n<li>Tne\u0127\u0127i r-ramel, il-\u0127mie\u0121, u r-residwu tat-trab mill-kejsijiet tieg\u0127ek<\/li>\n<li>Tag\u0127ti lill-brass tieg\u0127ek lostru sabi\u0127<\/li>\n<li>Tnaddaf anke l-i\u017cg\u0127ar spazji tar-rimi tal-kejsijiet u l-bwiet tal-primers<\/li>\n<\/ul>\n<p>Perfetta g\u0127all-u\u017cu f&#8217;tumblers u vibrators \u017cg\u0127ar sa medji, il-midja tag\u0127na b&#8217;\u0127bub \u017cg\u0127ar ti\u017cgura tindif bir-reqqa tal-kejsijiet tal-brass tieg\u0127ek. Il-kwantit\u00e0 ta&#8217; 4kg tippermetti u\u017cu multiplu, u tipprovdi valur e\u010b\u010bellenti g\u0127all-flus.<\/p>\n<p>Filwaqt li din il-midja tista&#8217; tintu\u017ca ripetutament, nirrakkomandaw li tinbidel perjodikament biex jin\u017cammu ri\u017cultati ottimi ta&#8217; tindif. Investi fil-Midja tal-G\u0127ana tal-Qam\u0127irrum tag\u0127na llum u esperjenza d-differenza fil-pro\u010bess tar-rikargar tieg\u0127ek!<\/p>\n","protected":false},"excerpt":{"rendered":"<p>Midja ta&#8217; 4kg ta&#8217; zkuk tal-qam\u0127irrum: Tnaddaf u tillostja l-kaxex tal-brass, tista&#8217; ter\u0121a&#8217; tu\u017caha.<\/p>\n","protected":false},"featured_media":28576,"template":"","meta":{"_acf_changed":false},"product_brand":[],"product_cat":[14101,14144],"product_tag":[],"class_list":{"0":"post-44503","1":"product","2":"type-product","3":"status-publish","4":"has-post-thumbnail","6":"product_cat-preparazzjoni-tal-kazi","7":"product_cat-rikargar-mill-gdid","9":"first","10":"outofstock","11":"taxable","12":"shipping-taxable","13":"purchasable","14":"product-type-simple"},"acf":[],"_links":{"self":[{"href":"https:\/\/nbg.eu\/mt\/wp-json\/wp\/v2\/product\/44503","targetHints":{"allow":["GET"]}}],"collection":[{"href":"https:\/\/nbg.eu\/mt\/wp-json\/wp\/v2\/product"}],"about":[{"href":"https:\/\/nbg.eu\/mt\/wp-json\/wp\/v2\/types\/product"}],"wp:featuredmedia":[{"embeddable":true,"href":"https:\/\/nbg.eu\/mt\/wp-json\/wp\/v2\/media\/28576"}],"wp:attachment":[{"href":"https:\/\/nbg.eu\/mt\/wp-json\/wp\/v2\/media?parent=44503"}],"wp:term":[{"taxonomy":"product_brand","embeddable":true,"href":"https:\/\/nbg.eu\/mt\/wp-json\/wp\/v2\/product_brand?post=44503"},{"taxonomy":"product_cat","embeddable":true,"href":"https:\/\/nbg.eu\/mt\/wp-json\/wp\/v2\/product_cat?post=44503"},{"taxonomy":"product_tag","embeddable":true,"href":"https:\/\/nbg.eu\/mt\/wp-json\/wp\/v2\/product_tag?post=44503"}],"curies":[{"name":"wp","href":"https:\/\/api.w.org\/{rel}","templated":true}]}}