{"id":44604,"date":"2024-08-18T12:38:23","date_gmt":"2024-08-18T09:38:23","guid":{"rendered":"https:\/\/nbg.eu\/product\/flex-alpha-x-racer-x-extended-ball-joint-rod\/"},"modified":"2026-01-21T12:28:17","modified_gmt":"2026-01-21T09:28:17","slug":"flex-alpha-x-racer-x-extended-ball-joint-rod","status":"publish","type":"product","link":"https:\/\/nbg.eu\/mt\/product\/flex-alpha-x-racer-x-extended-ball-joint-rod\/","title":{"rendered":"Flex \/ Alpha-X \/ Racer-X Extended Ball-Joint Rod"},"content":{"rendered":"<p>Ir-<strong>Rod tal-\u0120onta tal-Ballun Esti\u017ca Flex \/ Alpha-X \/ Racer-X<\/strong> hija soluzzjoni mag\u0127mula apposta g\u0127al dawk li jispjegaw li jippreferu l-arma tag\u0127hom iktar &#8216;il bog\u0127od minn \u0121isimhom jew i\u010b-\u010binturin tag\u0127hom. Dan l-a\u010b\u010bessorju j\u017cid 8mm fit-tul tal-g\u0127onq tal-\u0121onta tal-ballun, u jipprovdi:<\/p>\n<ul>\n<li>Distanza akbar bejn il-holster u l-hanger<\/li>\n<li>A\u0121\u0121ustabbilt\u00e0 mtejba g\u0127all-kumdit\u00e0 personali<\/li>\n<li>Aktar libert\u00e0 fl-angolu u l-po\u017cizzjonament tal-arma<\/li>\n<\/ul>\n<p>Ideali g\u0127al dawk li jispjegaw b&#8217;binjiet differenti jew bi preferenzi spe\u010bifi\u010bi ta&#8217; kif jilbsuha, din ir-rod toffri bilan\u010b perfett bejn l-a\u010b\u010bessibbilt\u00e0 u l-kumdit\u00e0.<\/p>\n","protected":false},"excerpt":{"rendered":"<p>Estendi d-distanza tal-holster b&#8217;virga ta&#8217; \u0121onta ta&#8217; 8mm mag\u0127mula apposta.<\/p>\n","protected":false},"featured_media":28116,"template":"","meta":{"_acf_changed":false},"product_brand":[11279],"product_cat":[14139,14164,14145],"product_tag":[],"class_list":{"0":"post-44604","1":"product","2":"type-product","3":"status-publish","4":"has-post-thumbnail","6":"product_brand-doublealpha","7":"product_cat-accessorji-gall-holster","8":"product_cat-holster","9":"product_cat-holster-sportiv","11":"first","12":"instock","13":"taxable","14":"shipping-taxable","15":"purchasable","16":"product-type-simple"},"acf":[],"_links":{"self":[{"href":"https:\/\/nbg.eu\/mt\/wp-json\/wp\/v2\/product\/44604","targetHints":{"allow":["GET"]}}],"collection":[{"href":"https:\/\/nbg.eu\/mt\/wp-json\/wp\/v2\/product"}],"about":[{"href":"https:\/\/nbg.eu\/mt\/wp-json\/wp\/v2\/types\/product"}],"wp:featuredmedia":[{"embeddable":true,"href":"https:\/\/nbg.eu\/mt\/wp-json\/wp\/v2\/media\/28116"}],"wp:attachment":[{"href":"https:\/\/nbg.eu\/mt\/wp-json\/wp\/v2\/media?parent=44604"}],"wp:term":[{"taxonomy":"product_brand","embeddable":true,"href":"https:\/\/nbg.eu\/mt\/wp-json\/wp\/v2\/product_brand?post=44604"},{"taxonomy":"product_cat","embeddable":true,"href":"https:\/\/nbg.eu\/mt\/wp-json\/wp\/v2\/product_cat?post=44604"},{"taxonomy":"product_tag","embeddable":true,"href":"https:\/\/nbg.eu\/mt\/wp-json\/wp\/v2\/product_tag?post=44604"}],"curies":[{"name":"wp","href":"https:\/\/api.w.org\/{rel}","templated":true}]}}