{"id":44626,"date":"2024-08-18T12:37:54","date_gmt":"2024-08-18T09:37:54","guid":{"rendered":"https:\/\/nbg.eu\/product\/daa-primer-pickup-tubes-5-pack-small\/"},"modified":"2026-01-21T12:02:44","modified_gmt":"2026-01-21T09:02:44","slug":"daa-primer-pickup-tubes-5-pack-small","status":"publish","type":"product","link":"https:\/\/nbg.eu\/mt\/product\/daa-primer-pickup-tubes-5-pack-small\/","title":{"rendered":"Daa Primer Pickup Tubes, 5-Pack, Small"},"content":{"rendered":"<div class=\"product-description\">\n<h2>Tubi ta&#8217; Pickup tal-Primer DAA, Pakkett ta&#8217; 5, \u017bg\u0127ar<\/h2>\n<p>G\u0127olli l-esperjenza tieg\u0127ek ta&#8217; rikargar bit-Tubi ta&#8217; Pickup tal-Primer DAA. Ma\u0127duma minn aluminju ta&#8217; kwalit\u00e0 g\u0127olja bl-u\u017cu ta&#8217; g\u0127odod ta&#8217; estru\u017cjoni mag\u0127mula apposta, dawn it-tubi joffru pre\u010bi\u017cjoni u finitura bla paragun. Il-finitura anodizzata \u0127amra g\u0127al primers \u017cg\u0127ar ti\u017cgura identifikazzjoni fa\u010bli u \u017c\u017cid dehra eleganti.<\/p>\n<ul>\n<li>Tarf ergonomiku tal-pickup b&#8217;\u017cona usa&#8217; ta&#8217; appo\u0121\u0121 g\u0127as-swaba&#8217; jipprevjeni l-g\u0127eja tal-id<\/li>\n<li>Ponta ridisinjata b&#8217;\u017cew\u0121 snien g\u0127al qabda sigura tal-primer<\/li>\n<li>Bi\u010b\u010biet tat-tarf traslu\u010benti g\u0127al vi\u017cibilit\u00e0 fa\u010bli tal-primer<\/li>\n<li>Truf li jaqblu sew jipprevjenu qlug\u0127 a\u010b\u010bidentali<\/li>\n<li>\u010aamfrin intern u estern konsistenti g\u0127al alimentazzjoni ottimali<\/li>\n<\/ul>\n<p>Esperjenza l-kumdit\u00e0 u l-effi\u010bjenza tat-Tubi ta&#8217; Pickup tal-Primer DAA fil-pro\u010bess tieg\u0127ek ta&#8217; rikargar. A\u0121\u0121orna s-setup tieg\u0127ek illum!<\/p>\n<\/div>\n","protected":false},"excerpt":{"rendered":"<p>Tubi ta&#8217; Pickup tal-Primer DAA: Pakkett ta&#8217; 5, \u017cg\u0127ar, aluminju anodizzat a\u0127mar, disinn ergonomiku.<\/p>\n","protected":false},"featured_media":28047,"template":"","meta":{"_acf_changed":false},"product_brand":[11279],"product_cat":[14133,14144],"product_tag":[],"class_list":{"0":"post-44626","1":"product","2":"type-product","3":"status-publish","4":"has-post-thumbnail","6":"product_brand-doublealpha","7":"product_cat-accessorji-gat-tgabbija-mill-gdid","8":"product_cat-rikargar-mill-gdid","10":"first","11":"outofstock","12":"taxable","13":"shipping-taxable","14":"purchasable","15":"product-type-simple"},"acf":[],"_links":{"self":[{"href":"https:\/\/nbg.eu\/mt\/wp-json\/wp\/v2\/product\/44626","targetHints":{"allow":["GET"]}}],"collection":[{"href":"https:\/\/nbg.eu\/mt\/wp-json\/wp\/v2\/product"}],"about":[{"href":"https:\/\/nbg.eu\/mt\/wp-json\/wp\/v2\/types\/product"}],"wp:featuredmedia":[{"embeddable":true,"href":"https:\/\/nbg.eu\/mt\/wp-json\/wp\/v2\/media\/28047"}],"wp:attachment":[{"href":"https:\/\/nbg.eu\/mt\/wp-json\/wp\/v2\/media?parent=44626"}],"wp:term":[{"taxonomy":"product_brand","embeddable":true,"href":"https:\/\/nbg.eu\/mt\/wp-json\/wp\/v2\/product_brand?post=44626"},{"taxonomy":"product_cat","embeddable":true,"href":"https:\/\/nbg.eu\/mt\/wp-json\/wp\/v2\/product_cat?post=44626"},{"taxonomy":"product_tag","embeddable":true,"href":"https:\/\/nbg.eu\/mt\/wp-json\/wp\/v2\/product_tag?post=44626"}],"curies":[{"name":"wp","href":"https:\/\/api.w.org\/{rel}","templated":true}]}}