{"id":44648,"date":"2024-08-18T12:37:34","date_gmt":"2024-08-18T09:37:34","guid":{"rendered":"https:\/\/nbg.eu\/product\/flex-holster-spare-slide-lock-teeth-set\/"},"modified":"2026-01-21T11:50:07","modified_gmt":"2026-01-21T08:50:07","slug":"flex-holster-spare-slide-lock-teeth-set","status":"publish","type":"product","link":"https:\/\/nbg.eu\/mt\/product\/flex-holster-spare-slide-lock-teeth-set\/","title":{"rendered":"Flex Holster &#8211; Spare Slide-Lock Teeth Set"},"content":{"rendered":"<div class=\"product-description\">\n<h2>Flex Holster &#8211; Sett ta&#8217; Snien ta&#8217; Sostituzzjoni g\u0127all-Slide-Lock<\/h2>\n<p>Tejjeb il-holster Flex tieg\u0127ek b&#8217;dan is-sett ta&#8217; sostituzzjoni ta&#8217; Snien Slide-lock \u0127omor. Kompatibbli kemm ma&#8217; blokki tal-inserzjoni tat-Tip A kif ukoll tat-Tip B, dan il-kit jinkludi:<\/p>\n<ul>\n<li>Snien Slide-lock \u0126omor<\/li>\n<li>\u0126ardwer tal-assembla\u0121\u0121 (viti u skorfini)<\/li>\n<\/ul>\n<p>Fa\u010bilment a\u0121\u0121orna jew ibdel is-snien e\u017cistenti tieg\u0127ek g\u0127al prestazzjoni ottimali u qbil sigur.<\/p>\n<\/div>\n","protected":false},"excerpt":{"rendered":"<p>Sostituzzjoni ta&#8217; snien \u0127omor tal-Slide-lock g\u0127all-\u0127olster Flex, bil-\u0127ardwer.<\/p>\n","protected":false},"featured_media":30504,"template":"","meta":{"_acf_changed":false},"product_brand":[11279],"product_cat":[14139,14164,14145],"product_tag":[],"class_list":{"0":"post-44648","1":"product","2":"type-product","3":"status-publish","4":"has-post-thumbnail","6":"product_brand-doublealpha","7":"product_cat-accessorji-gall-holster","8":"product_cat-holster","9":"product_cat-holster-sportiv","11":"first","12":"instock","13":"taxable","14":"shipping-taxable","15":"purchasable","16":"product-type-simple"},"acf":[],"_links":{"self":[{"href":"https:\/\/nbg.eu\/mt\/wp-json\/wp\/v2\/product\/44648","targetHints":{"allow":["GET"]}}],"collection":[{"href":"https:\/\/nbg.eu\/mt\/wp-json\/wp\/v2\/product"}],"about":[{"href":"https:\/\/nbg.eu\/mt\/wp-json\/wp\/v2\/types\/product"}],"wp:featuredmedia":[{"embeddable":true,"href":"https:\/\/nbg.eu\/mt\/wp-json\/wp\/v2\/media\/30504"}],"wp:attachment":[{"href":"https:\/\/nbg.eu\/mt\/wp-json\/wp\/v2\/media?parent=44648"}],"wp:term":[{"taxonomy":"product_brand","embeddable":true,"href":"https:\/\/nbg.eu\/mt\/wp-json\/wp\/v2\/product_brand?post=44648"},{"taxonomy":"product_cat","embeddable":true,"href":"https:\/\/nbg.eu\/mt\/wp-json\/wp\/v2\/product_cat?post=44648"},{"taxonomy":"product_tag","embeddable":true,"href":"https:\/\/nbg.eu\/mt\/wp-json\/wp\/v2\/product_tag?post=44648"}],"curies":[{"name":"wp","href":"https:\/\/api.w.org\/{rel}","templated":true}]}}