{"id":44670,"date":"2024-08-18T12:37:01","date_gmt":"2024-08-18T09:37:01","guid":{"rendered":"https:\/\/nbg.eu\/product\/daa-carry-it-all-cia-backpack\/"},"modified":"2026-01-21T11:44:57","modified_gmt":"2026-01-21T08:44:57","slug":"daa-carry-it-all-cia-backpack","status":"publish","type":"product","link":"https:\/\/nbg.eu\/mt\/product\/daa-carry-it-all-cia-backpack\/","title":{"rendered":"Daa Carry It All (Cia) Backpack"},"content":{"rendered":"<h2>Backpack DAA Carry It All (CIA)<\/h2>\n<p>Is-sie\u0127eb perfett g\u0127all-isparaturi dedikati tal-IPSC, il-Backpack Double-Alpha CIA huwa mfassal biex jil\u0127aq u jaqbe\u017c l-aspettattivi tieg\u0127ek.<\/p>\n<h2>Karatteristi\u010bi Ewlenin:<\/h2>\n<ul>\n<li>Materjal D600 Cordura re\u017cistenti b&#8217;karatteristi\u010bi li jimbuttaw l-ilma<\/li>\n<li>Qieg\u0127 infurrat bil-Hypalon g\u0127al protezzjoni addizzjonali<\/li>\n<li>Intern infurrat bil-Velcro g\u0127al \u0127a\u017cna adattabbli<\/li>\n<li>Partizzjoni \u010bentrali li tista&#8217; titne\u0127\u0127a<\/li>\n<li>But ta&#8217; quddiem ta&#8217; fuq spazju\u017c g\u0127all-protezzjoni tas-smig\u0127<\/li>\n<li>Panel estern tal-Velcro g\u0127all-personalizzazzjoni<\/li>\n<li>\u010aineg MOLLE g\u0127al attachments addizzjonali<\/li>\n<li>\u010aineg tal-ispalla komdi u li jistg\u0127u jitne\u0127\u0127ew<\/li>\n<li>Disinn ergonomiku g\u0127al distribuzzjoni ottimali tal-pi\u017c<\/li>\n<\/ul>\n<h2>Spe\u010bifikazzjonijiet:<\/h2>\n<ul>\n<li>Dimensjonijiet: 42W x 27D x 56H cm<\/li>\n<li>Kapa\u010bit\u00e0: Madwar 37L<\/li>\n<li>Pi\u017c: 2.8 kg<\/li>\n<li>Kulur: Iswed<\/li>\n<\/ul>\n<p>Esperjenza t-ta\u0127lita perfetta ta&#8217; durabbilt\u00e0, funzjonalit\u00e0, u kumdit\u00e0 bil-Backpack DAA CIA \u2013 l-apparat essenzjali tieg\u0127ek g\u0127al snin ta&#8217; servizz affidabbli fil-kamp tal-isparar.<\/p>\n","protected":false},"excerpt":{"rendered":"<p>Backpack DAA CIA: Bor\u017ca tal-medda re\u017cistenti u versatili g\u0127all-isparaturi tal-IPSC.<\/p>\n","protected":false},"featured_media":27771,"template":"","meta":{"_acf_changed":false},"product_brand":[11279],"product_cat":[14098,14166],"product_tag":[],"class_list":{"0":"post-44670","1":"product","2":"type-product","3":"status-publish","4":"has-post-thumbnail","6":"product_brand-doublealpha","7":"product_cat-boroz-tal-kamp","8":"product_cat-tagmir","10":"first","11":"outofstock","12":"taxable","13":"shipping-taxable","14":"purchasable","15":"product-type-simple"},"acf":[],"_links":{"self":[{"href":"https:\/\/nbg.eu\/mt\/wp-json\/wp\/v2\/product\/44670","targetHints":{"allow":["GET"]}}],"collection":[{"href":"https:\/\/nbg.eu\/mt\/wp-json\/wp\/v2\/product"}],"about":[{"href":"https:\/\/nbg.eu\/mt\/wp-json\/wp\/v2\/types\/product"}],"wp:featuredmedia":[{"embeddable":true,"href":"https:\/\/nbg.eu\/mt\/wp-json\/wp\/v2\/media\/27771"}],"wp:attachment":[{"href":"https:\/\/nbg.eu\/mt\/wp-json\/wp\/v2\/media?parent=44670"}],"wp:term":[{"taxonomy":"product_brand","embeddable":true,"href":"https:\/\/nbg.eu\/mt\/wp-json\/wp\/v2\/product_brand?post=44670"},{"taxonomy":"product_cat","embeddable":true,"href":"https:\/\/nbg.eu\/mt\/wp-json\/wp\/v2\/product_cat?post=44670"},{"taxonomy":"product_tag","embeddable":true,"href":"https:\/\/nbg.eu\/mt\/wp-json\/wp\/v2\/product_tag?post=44670"}],"curies":[{"name":"wp","href":"https:\/\/api.w.org\/{rel}","templated":true}]}}