{"id":44736,"date":"2024-08-18T12:36:04","date_gmt":"2024-08-18T09:36:04","guid":{"rendered":"https:\/\/nbg.eu\/product\/lynx-belt-buckle-roll-pins-50bag\/"},"modified":"2026-02-27T15:51:16","modified_gmt":"2026-02-27T12:51:16","slug":"lynx-belt-buckle-roll-pins-50bag","status":"publish","type":"product","link":"https:\/\/nbg.eu\/mt\/product\/lynx-belt-buckle-roll-pins-50bag\/","title":{"rendered":"Lynx Belt Buckle Roll Pins (50Bag)"},"content":{"rendered":"<p>\nPinnijiet tar-romblu ta&#8217; sostituzzjoni g\u0127all-bokkli ta\u010b-\u010binturin Lynx. Pakkett ta&#8217; 50 pinn. Essenzjali g\u0127all-assembla\u0121\u0121 u t-tiswijiet ta\u010b-\u010ainturin Lynx. Ji\u017cguraw qbil sigur g\u0127all-bokkla Lynx tieg\u0127ek.<\/p>\n","protected":false},"excerpt":{"rendered":"<p>Pinnijiet tar-Romblu g\u0127all-Bokkla ta\u010b-\u010ainturin Lynx (50\/Bor\u017ca): Pinnijiet \u017cejda g\u0127a\u010b-\u010binturini Lynx tieg\u0127ek.<\/p>\n","protected":false},"featured_media":27449,"template":"","meta":{"_acf_changed":false},"product_brand":[11279],"product_cat":[14092,14166],"product_tag":[],"class_list":{"0":"post-44736","1":"product","2":"type-product","3":"status-publish","4":"has-post-thumbnail","6":"product_brand-doublealpha","7":"product_cat-cineg-tal-isport","8":"product_cat-tagmir","10":"first","11":"instock","12":"taxable","13":"shipping-taxable","14":"purchasable","15":"product-type-simple"},"acf":[],"_links":{"self":[{"href":"https:\/\/nbg.eu\/mt\/wp-json\/wp\/v2\/product\/44736","targetHints":{"allow":["GET"]}}],"collection":[{"href":"https:\/\/nbg.eu\/mt\/wp-json\/wp\/v2\/product"}],"about":[{"href":"https:\/\/nbg.eu\/mt\/wp-json\/wp\/v2\/types\/product"}],"wp:featuredmedia":[{"embeddable":true,"href":"https:\/\/nbg.eu\/mt\/wp-json\/wp\/v2\/media\/27449"}],"wp:attachment":[{"href":"https:\/\/nbg.eu\/mt\/wp-json\/wp\/v2\/media?parent=44736"}],"wp:term":[{"taxonomy":"product_brand","embeddable":true,"href":"https:\/\/nbg.eu\/mt\/wp-json\/wp\/v2\/product_brand?post=44736"},{"taxonomy":"product_cat","embeddable":true,"href":"https:\/\/nbg.eu\/mt\/wp-json\/wp\/v2\/product_cat?post=44736"},{"taxonomy":"product_tag","embeddable":true,"href":"https:\/\/nbg.eu\/mt\/wp-json\/wp\/v2\/product_tag?post=44736"}],"curies":[{"name":"wp","href":"https:\/\/api.w.org\/{rel}","templated":true}]}}