{"id":44758,"date":"2024-08-18T12:35:48","date_gmt":"2024-08-18T09:35:48","guid":{"rendered":"https:\/\/nbg.eu\/product\/uspsa-metric-cardboard-targets-white-back\/"},"modified":"2026-01-21T11:58:39","modified_gmt":"2026-01-21T08:58:39","slug":"uspsa-metric-cardboard-targets-white-back","status":"publish","type":"product","link":"https:\/\/nbg.eu\/mt\/product\/uspsa-metric-cardboard-targets-white-back\/","title":{"rendered":"Uspsa Metric Cardboard Targets White Back"},"content":{"rendered":"<p>\n100 mira tal-kartun ta&#8217; kwalit\u00e0 g\u0127olja USPSA\/Metrika. Kannella fuq na\u0127a wa\u0127da, bojod (ma tistax tispara) fuq in-na\u0127a l-o\u0127ra. Jissodisfaw id-dimensjonijiet u r-rekwi\u017citi e\u017catti tal-USPSA.<\/p>\n","protected":false},"excerpt":{"rendered":"<p>Miri Metri\u010bi USPSA: 100 mira tal-kartun b&#8217;\u017cew\u0121 na\u0127at g\u0127all-prattika.<\/p>\n","protected":false},"featured_media":27426,"template":"","meta":{"_acf_changed":false},"product_brand":[],"product_cat":[14114,14093],"product_tag":[],"class_list":{"0":"post-44758","1":"product","2":"type-product","3":"status-publish","4":"has-post-thumbnail","6":"product_cat-targets","7":"product_cat-targets-tal-karta","9":"first","10":"outofstock","11":"taxable","12":"shipping-taxable","13":"purchasable","14":"product-type-simple"},"acf":[],"_links":{"self":[{"href":"https:\/\/nbg.eu\/mt\/wp-json\/wp\/v2\/product\/44758","targetHints":{"allow":["GET"]}}],"collection":[{"href":"https:\/\/nbg.eu\/mt\/wp-json\/wp\/v2\/product"}],"about":[{"href":"https:\/\/nbg.eu\/mt\/wp-json\/wp\/v2\/types\/product"}],"wp:featuredmedia":[{"embeddable":true,"href":"https:\/\/nbg.eu\/mt\/wp-json\/wp\/v2\/media\/27426"}],"wp:attachment":[{"href":"https:\/\/nbg.eu\/mt\/wp-json\/wp\/v2\/media?parent=44758"}],"wp:term":[{"taxonomy":"product_brand","embeddable":true,"href":"https:\/\/nbg.eu\/mt\/wp-json\/wp\/v2\/product_brand?post=44758"},{"taxonomy":"product_cat","embeddable":true,"href":"https:\/\/nbg.eu\/mt\/wp-json\/wp\/v2\/product_cat?post=44758"},{"taxonomy":"product_tag","embeddable":true,"href":"https:\/\/nbg.eu\/mt\/wp-json\/wp\/v2\/product_tag?post=44758"}],"curies":[{"name":"wp","href":"https:\/\/api.w.org\/{rel}","templated":true}]}}