{"id":44828,"date":"2024-08-18T09:34:28","date_gmt":"2024-08-18T09:34:28","guid":{"rendered":"https:\/\/nbg.eu\/product\/daa-magnet-with-m5-screw-for-rm-pouch\/"},"modified":"2026-01-21T11:51:52","modified_gmt":"2026-01-21T08:51:52","slug":"daa-magnet-with-m5-screw-for-rm-pouch","status":"publish","type":"product","link":"https:\/\/nbg.eu\/mt\/product\/daa-magnet-with-m5-screw-for-rm-pouch\/","title":{"rendered":"D\u0410\u0410 Magnet With M5 Screw"},"content":{"rendered":"<h2>Kalamita Super-Qawwija DAA g\u0127al Pouches Alpha-Xi\/X u Race Master<\/h2>\n<p>Tejjeb it-tag\u0127mir tal-isparar tieg\u0127ek bil-kalamiti Super-Qawwija DAA tag\u0127na, iddisinjati g\u0127al pouches Alpha-Xi, Alpha-X, u Race Master.<\/p>\n<ul>\n<li>Miksija bi\u017c-\u017cingu g\u0127ad-durabbilt\u00e0<\/li>\n<li>Sa\u0127\u0127a ta&#8217; \u0121bid impressjonanti ta&#8217; 87kg<\/li>\n<li>Dijametru ta&#8217; 50mm, \u0127xuna ta&#8217; 12mm (inklu\u017c il-kaxxa)<\/li>\n<li>Twa\u0127\u0127il sigur bi vit M5<\/li>\n<\/ul>\n<p>L-installazzjoni hija sempli\u010bi:<\/p>\n<ol>\n<li>Ittappja t-toqba ta&#8217; 4.2mm fil-fa\u010b\u010bata tal-pouch b&#8217;tap M5<\/li>\n<li>B&#8217;attenzjoni dawwar il-kalamita<\/li>\n<li>Issikura b&#8217;LockTite g\u0127al stabbilt\u00e0 addizzjonali<\/li>\n<\/ol>\n<p>Esperjenza tqeg\u0127id u \u017camma tal-magazine fidu\u010bju\u017ci waqt movimenti dinami\u010bi. A\u0121\u0121orna l-pouch tieg\u0127ek illum g\u0127al prestazzjoni mtejba!<\/p>\n","protected":false},"excerpt":{"rendered":"<p>Kalamita b&#8217;sa\u0127\u0127itha g\u0127al kamin M5 g\u0127all-pouches tal-Alpha-Xi\/X u Race Master.<\/p>\n","protected":false},"featured_media":27334,"template":"","meta":{"_acf_changed":false},"product_brand":[11279],"product_cat":[14139,14164,14145],"product_tag":[],"class_list":{"0":"post-44828","1":"product","2":"type-product","3":"status-publish","4":"has-post-thumbnail","6":"product_brand-doublealpha","7":"product_cat-accessorji-gall-holster","8":"product_cat-holster","9":"product_cat-holster-sportiv","11":"first","12":"instock","13":"taxable","14":"shipping-taxable","15":"purchasable","16":"product-type-simple"},"acf":[],"_links":{"self":[{"href":"https:\/\/nbg.eu\/mt\/wp-json\/wp\/v2\/product\/44828","targetHints":{"allow":["GET"]}}],"collection":[{"href":"https:\/\/nbg.eu\/mt\/wp-json\/wp\/v2\/product"}],"about":[{"href":"https:\/\/nbg.eu\/mt\/wp-json\/wp\/v2\/types\/product"}],"wp:featuredmedia":[{"embeddable":true,"href":"https:\/\/nbg.eu\/mt\/wp-json\/wp\/v2\/media\/27334"}],"wp:attachment":[{"href":"https:\/\/nbg.eu\/mt\/wp-json\/wp\/v2\/media?parent=44828"}],"wp:term":[{"taxonomy":"product_brand","embeddable":true,"href":"https:\/\/nbg.eu\/mt\/wp-json\/wp\/v2\/product_brand?post=44828"},{"taxonomy":"product_cat","embeddable":true,"href":"https:\/\/nbg.eu\/mt\/wp-json\/wp\/v2\/product_cat?post=44828"},{"taxonomy":"product_tag","embeddable":true,"href":"https:\/\/nbg.eu\/mt\/wp-json\/wp\/v2\/product_tag?post=44828"}],"curies":[{"name":"wp","href":"https:\/\/api.w.org\/{rel}","templated":true}]}}