{"id":44850,"date":"2024-08-18T12:33:44","date_gmt":"2024-08-18T09:33:44","guid":{"rendered":"https:\/\/nbg.eu\/product\/pro-grip-lotion-2oz\/"},"modified":"2026-01-21T11:55:16","modified_gmt":"2026-01-21T08:55:16","slug":"pro-grip-lotion-2oz","status":"publish","type":"product","link":"https:\/\/nbg.eu\/mt\/product\/pro-grip-lotion-2oz\/","title":{"rendered":"Pro Grip Lotion 2Oz"},"content":{"rendered":"<p>\nTejjeb il-prestazzjoni tieg\u0127ek fl-isparar bil-Pro Grip Lotion 2Oz. Fdata minn kampjuni b\u0127al Jerry Barnhart, Todd Jarrett, u Saul Kirsch, din il-lotion ippakkjata b&#8217;mod konvenjenti ta\u0127dem a\u0127jar mir-rosin u l-\u0121ir. Esperjenza qabda superjuri, kontroll tal-arma, u \u0127inijiet ta&#8217; rkupru aktar velo\u010bi. \u0126a\u0121a li ma tistax tonqos mill-bor\u017ca ta&#8217; kull sparatur, il-Pro Grip hija l-arma sigrieta g\u0127as-su\u010b\u010bess fl-isparar ta&#8217; azzjoni.<\/p>\n","protected":false},"excerpt":{"rendered":"<p>Pro Grip: Lozjoni approvata mill-kampjuni g\u0127al kontroll superjuri tal-armi.<\/p>\n","protected":false},"featured_media":27288,"template":"","meta":{"_acf_changed":false},"product_brand":[11279],"product_cat":[14139,14164,14166],"product_tag":[],"class_list":{"0":"post-44850","1":"product","2":"type-product","3":"status-publish","4":"has-post-thumbnail","6":"product_brand-doublealpha","7":"product_cat-accessorji-gall-holster","8":"product_cat-holster","9":"product_cat-tagmir","11":"first","12":"instock","13":"taxable","14":"shipping-taxable","15":"purchasable","16":"product-type-simple"},"acf":[],"_links":{"self":[{"href":"https:\/\/nbg.eu\/mt\/wp-json\/wp\/v2\/product\/44850","targetHints":{"allow":["GET"]}}],"collection":[{"href":"https:\/\/nbg.eu\/mt\/wp-json\/wp\/v2\/product"}],"about":[{"href":"https:\/\/nbg.eu\/mt\/wp-json\/wp\/v2\/types\/product"}],"wp:featuredmedia":[{"embeddable":true,"href":"https:\/\/nbg.eu\/mt\/wp-json\/wp\/v2\/media\/27288"}],"wp:attachment":[{"href":"https:\/\/nbg.eu\/mt\/wp-json\/wp\/v2\/media?parent=44850"}],"wp:term":[{"taxonomy":"product_brand","embeddable":true,"href":"https:\/\/nbg.eu\/mt\/wp-json\/wp\/v2\/product_brand?post=44850"},{"taxonomy":"product_cat","embeddable":true,"href":"https:\/\/nbg.eu\/mt\/wp-json\/wp\/v2\/product_cat?post=44850"},{"taxonomy":"product_tag","embeddable":true,"href":"https:\/\/nbg.eu\/mt\/wp-json\/wp\/v2\/product_tag?post=44850"}],"curies":[{"name":"wp","href":"https:\/\/api.w.org\/{rel}","templated":true}]}}