{"id":44960,"date":"2024-08-18T12:31:20","date_gmt":"2024-08-18T09:31:20","guid":{"rendered":"https:\/\/nbg.eu\/product\/dillon-daa-click-adjustable-powder-knob-v2\/"},"modified":"2026-01-21T12:00:54","modified_gmt":"2026-01-21T09:00:54","slug":"dillon-daa-click-adjustable-powder-knob-v2","status":"publish","type":"product","link":"https:\/\/nbg.eu\/mt\/product\/dillon-daa-click-adjustable-powder-knob-v2\/","title":{"rendered":"Dillon &#8211; Daa Click-Adjustable Powder Knob V2"},"content":{"rendered":"<div class=\"product-description\">\n<h2>Dillon &#8211; DAA Click-Adjustable Powder Knob V2<\/h2>\n<p>A\u0121\u0121orna l-esperjenza tieg\u0127ek ta&#8217; rilowdjar bil-DAA Click-Adjustable Powder Knob V2, it-tieni \u0121enerazzjoni mtejba minn DAA. Dan il-pum immanifatturat bi pre\u010bi\u017cjoni jinkludi:<\/p>\n<ul>\n<li>Kostruzzjoni tal-aluminju f&#8217;\u017cew\u0121 bi\u010b\u010biet g\u0127al assembla\u0121\u0121 fa\u010bli<\/li>\n<li>Pum tond ta&#8217; 32mm tal-aluminju mmaxinjat b&#8217;in\u010bi\u017cjoni bil-lej\u017cer<\/li>\n<li>Tarf imnakkar g\u0127al qabda u kontroll a\u0127jar<\/li>\n<li>Klikks li jinstemg\u0127u g\u0127al a\u0121\u0121ustamenti pre\u010bi\u017ci ta&#8217; 18-il grad<\/li>\n<li>20 klikk g\u0127al kull rotazzjoni g\u0127al kontroll pre\u010bi\u017c tal-\u0127las tal-porvli<\/li>\n<li>Dijal in\u010bi\u017c bil-lej\u017cer li jindika \u017cieda\/tnaqqis tal-\u0127las<\/li>\n<li>Kompatibbli ma&#8217; bars ta&#8217; \u0127las \u017cg\u0127ar ta&#8217; Dillon (mhux g\u0127al bars ta&#8217; \u0127las kbar tar-rifles)<\/li>\n<\/ul>\n<p>Installa u a\u0121\u0121usta l-\u0127lasijiet tal-porvli tieg\u0127ek bla sforz b&#8217;dan il-pum eleganti, funzjonali u fa\u010bli biex tu\u017cah. G\u0127olli l-setup ta&#8217; rilowdjar tieg\u0127ek illum!<\/p>\n<\/div>\n","protected":false},"excerpt":{"rendered":"<p>A\u0121\u0121ustament pre\u010bi\u017c u fa\u010bli biex tu\u017ca g\u0127all-kwantit\u00e0 ta&#8217; porvli g\u0127all-preses Dillon.<\/p>\n","protected":false},"featured_media":27058,"template":"","meta":{"_acf_changed":false},"product_brand":[11279],"product_cat":[14133,14144],"product_tag":[],"class_list":{"0":"post-44960","1":"product","2":"type-product","3":"status-publish","4":"has-post-thumbnail","6":"product_brand-doublealpha","7":"product_cat-accessorji-gat-tgabbija-mill-gdid","8":"product_cat-rikargar-mill-gdid","10":"first","11":"outofstock","12":"taxable","13":"shipping-taxable","14":"purchasable","15":"product-type-simple"},"acf":[],"_links":{"self":[{"href":"https:\/\/nbg.eu\/mt\/wp-json\/wp\/v2\/product\/44960","targetHints":{"allow":["GET"]}}],"collection":[{"href":"https:\/\/nbg.eu\/mt\/wp-json\/wp\/v2\/product"}],"about":[{"href":"https:\/\/nbg.eu\/mt\/wp-json\/wp\/v2\/types\/product"}],"wp:featuredmedia":[{"embeddable":true,"href":"https:\/\/nbg.eu\/mt\/wp-json\/wp\/v2\/media\/27058"}],"wp:attachment":[{"href":"https:\/\/nbg.eu\/mt\/wp-json\/wp\/v2\/media?parent=44960"}],"wp:term":[{"taxonomy":"product_brand","embeddable":true,"href":"https:\/\/nbg.eu\/mt\/wp-json\/wp\/v2\/product_brand?post=44960"},{"taxonomy":"product_cat","embeddable":true,"href":"https:\/\/nbg.eu\/mt\/wp-json\/wp\/v2\/product_cat?post=44960"},{"taxonomy":"product_tag","embeddable":true,"href":"https:\/\/nbg.eu\/mt\/wp-json\/wp\/v2\/product_tag?post=44960"}],"curies":[{"name":"wp","href":"https:\/\/api.w.org\/{rel}","templated":true}]}}