{"id":44982,"date":"2024-08-18T12:31:04","date_gmt":"2024-08-18T09:31:04","guid":{"rendered":"https:\/\/nbg.eu\/product\/daa-1-die-box-end-wrench\/"},"modified":"2026-01-21T11:59:38","modified_gmt":"2026-01-21T08:59:38","slug":"daa-1-die-box-end-wrench","status":"publish","type":"product","link":"https:\/\/nbg.eu\/mt\/product\/daa-1-die-box-end-wrench\/","title":{"rendered":"Daa 1&#8243; Die, Box-End Wrench"},"content":{"rendered":"<div class=\"product-description\">\n<h2>\u010aavetta tal-Boks ta&#8217; 1&#8243; DAA<\/h2>\n<p>Is-soluzzjoni a\u0127\u0127arija g\u0127al dawk li jag\u0127mlu r-reloading li jsibuha diffi\u010bli biex ja\u0121\u0121ustaw id-dies fuq tool heads limitati. Din i\u010b-\u010bavetta mag\u0127mula apposta, maqtug\u0127a bil-laser mill-azzar inossidabbli toffri:<\/p>\n<ul>\n<li>Disinn b&#8217;\u0127itan irqaq g\u0127al a\u010b\u010bess fa\u010bli bejn id-dies<\/li>\n<li>\u0126alq multiplu g\u0127al po\u017cizzjonament ottimali<\/li>\n<li>Kostruzzjoni re\u017cistenti g\u0127al u\u017cu tul il-\u0127ajja<\/li>\n<li>Mag\u0127mula bi pre\u010bi\u017cjoni g\u0127al skorfini ta&#8217; 1&#8243;<\/li>\n<\/ul>\n<p>A\u0121\u0121orna s-setup tar-reloading tieg\u0127ek b&#8217;din l-g\u0127odda essenzjali, ma\u0127suba biex tag\u0127mel l-a\u0121\u0121ustamenti tad-die velo\u010bi u bla sforz. Kompatibbli ma&#8217; skorfini standard ta&#8217; 1&#8243;, ti\u017cgura versatilit\u00e0 u konvenjenza massima.<\/p>\n<\/div>\n","protected":false},"excerpt":{"rendered":"<p>\u010aavetta tal-Imwiet DAA ta&#8217; 1&#8243;: Irqiqa, b&#8217;sa\u0127\u0127itha, versatili. A\u010b\u010bess fa\u010bli g\u0127al dawk li jirrikarikaw.<\/p>\n","protected":false},"featured_media":27012,"template":"","meta":{"_acf_changed":false},"product_brand":[11279],"product_cat":[14133,14144],"product_tag":[],"class_list":{"0":"post-44982","1":"product","2":"type-product","3":"status-publish","4":"has-post-thumbnail","6":"product_brand-doublealpha","7":"product_cat-accessorji-gat-tgabbija-mill-gdid","8":"product_cat-rikargar-mill-gdid","10":"first","11":"outofstock","12":"taxable","13":"shipping-taxable","14":"purchasable","15":"product-type-simple"},"acf":[],"_links":{"self":[{"href":"https:\/\/nbg.eu\/mt\/wp-json\/wp\/v2\/product\/44982","targetHints":{"allow":["GET"]}}],"collection":[{"href":"https:\/\/nbg.eu\/mt\/wp-json\/wp\/v2\/product"}],"about":[{"href":"https:\/\/nbg.eu\/mt\/wp-json\/wp\/v2\/types\/product"}],"wp:featuredmedia":[{"embeddable":true,"href":"https:\/\/nbg.eu\/mt\/wp-json\/wp\/v2\/media\/27012"}],"wp:attachment":[{"href":"https:\/\/nbg.eu\/mt\/wp-json\/wp\/v2\/media?parent=44982"}],"wp:term":[{"taxonomy":"product_brand","embeddable":true,"href":"https:\/\/nbg.eu\/mt\/wp-json\/wp\/v2\/product_brand?post=44982"},{"taxonomy":"product_cat","embeddable":true,"href":"https:\/\/nbg.eu\/mt\/wp-json\/wp\/v2\/product_cat?post=44982"},{"taxonomy":"product_tag","embeddable":true,"href":"https:\/\/nbg.eu\/mt\/wp-json\/wp\/v2\/product_tag?post=44982"}],"curies":[{"name":"wp","href":"https:\/\/api.w.org\/{rel}","templated":true}]}}