{"id":45004,"date":"2024-08-18T12:30:21","date_gmt":"2024-08-18T09:30:21","guid":{"rendered":"https:\/\/nbg.eu\/product\/lynx-belt-ratchet-buckle\/"},"modified":"2026-01-21T11:46:38","modified_gmt":"2026-01-21T08:46:38","slug":"lynx-belt-ratchet-buckle","status":"publish","type":"product","link":"https:\/\/nbg.eu\/mt\/product\/lynx-belt-ratchet-buckle\/","title":{"rendered":"Lynx Belt Ratchet Buckle"},"content":{"rendered":"<div class=\"product-description\">\n<h2>Bokkla tal-\u010ainturin Ratchet DAA Lynx<\/h2>\n<p>A\u0121\u0121orna t-tag\u0127mir tal-isparar tieg\u0127ek bis-sistema tal-Bokkla tal-\u010ainturin Ratchet DAA Lynx. Din il-bokkla innovattiva toffri:<\/p>\n<ul>\n<li>A\u0121\u0121ustabbilt\u00e0 akbar fit-tul g\u0127al kumpens fa\u010bli tal-ilbies<\/li>\n<li>Illaxkar u ssikkar malajr bejn l-istadji<\/li>\n<li>Kostruzzjoni durabbli tal-azzar u l-aluminju<\/li>\n<li>\u010ainga tal-lastku wiesg\u0127a 23mm b&#8217;firxa ta&#8217; a\u0121\u0121ustament ta&#8217; 16cm<\/li>\n<li>\u017bew\u0121 \u0127oloq suwed imtaqqbin minn qabel b&#8217;inserts tal-azzar bil-kamin<\/li>\n<\/ul>\n<p>Post rakkomandat: quddiem, bejn il-holster u l-ewwel pouch. I\u010b-\u010binga tista&#8217; titqassar u d-direzzjoni tal-bokkla tista&#8217; tinqaleb jekk ikun mixtieq. Tejjeb l-esperjenza tal-isparar tieg\u0127ek b&#8217;kumdit\u00e0 u konvenjenza mtejba!<\/p>\n<\/div>\n","protected":false},"excerpt":{"rendered":"<p>Bokkla tal-iskrata\u010b g\u0127al a\u0121\u0121ustament fa\u010bli ta\u010b-\u010binturin u ssikkar mg\u0127a\u0121\u0121el.<\/p>\n","protected":false},"featured_media":26874,"template":"","meta":{"_acf_changed":false},"product_brand":[11279],"product_cat":[14092,14166],"product_tag":[],"class_list":{"0":"post-45004","1":"product","2":"type-product","3":"status-publish","4":"has-post-thumbnail","6":"product_brand-doublealpha","7":"product_cat-cineg-tal-isport","8":"product_cat-tagmir","10":"first","11":"outofstock","12":"taxable","13":"shipping-taxable","14":"purchasable","15":"product-type-simple"},"acf":[],"_links":{"self":[{"href":"https:\/\/nbg.eu\/mt\/wp-json\/wp\/v2\/product\/45004","targetHints":{"allow":["GET"]}}],"collection":[{"href":"https:\/\/nbg.eu\/mt\/wp-json\/wp\/v2\/product"}],"about":[{"href":"https:\/\/nbg.eu\/mt\/wp-json\/wp\/v2\/types\/product"}],"wp:featuredmedia":[{"embeddable":true,"href":"https:\/\/nbg.eu\/mt\/wp-json\/wp\/v2\/media\/26874"}],"wp:attachment":[{"href":"https:\/\/nbg.eu\/mt\/wp-json\/wp\/v2\/media?parent=45004"}],"wp:term":[{"taxonomy":"product_brand","embeddable":true,"href":"https:\/\/nbg.eu\/mt\/wp-json\/wp\/v2\/product_brand?post=45004"},{"taxonomy":"product_cat","embeddable":true,"href":"https:\/\/nbg.eu\/mt\/wp-json\/wp\/v2\/product_cat?post=45004"},{"taxonomy":"product_tag","embeddable":true,"href":"https:\/\/nbg.eu\/mt\/wp-json\/wp\/v2\/product_tag?post=45004"}],"curies":[{"name":"wp","href":"https:\/\/api.w.org\/{rel}","templated":true}]}}