{"id":45026,"date":"2024-08-18T12:29:56","date_gmt":"2024-08-18T09:29:56","guid":{"rendered":"https:\/\/nbg.eu\/product\/buckle-kit-lynx\/"},"modified":"2026-01-21T11:55:57","modified_gmt":"2026-01-21T08:55:57","slug":"buckle-kit-lynx","status":"publish","type":"product","link":"https:\/\/nbg.eu\/mt\/product\/buckle-kit-lynx\/","title":{"rendered":"Buckle Kit &#8211; Lynx"},"content":{"rendered":"<div class=\"product-description\">\n<h2>Sett tal-Bokkla &#8211; Lynx<\/h2>\n<p>A\u0121\u0121orna \u010b-\u010binturin Lynx tieg\u0127ek bis-Sett tal-Bokkla lest biex jintu\u017ca! Dan il-pakkett komprensiv jinkludi:<\/p>\n<ul>\n<li>Bokkla Lynx assemblata kompletament<\/li>\n<li>Bi\u010b\u010ba tat-tarf ta\u010b-\u010binturin Lynx<\/li>\n<li>50 roll-pin g\u0127all-assembla\u0121\u0121 ta\u010b-\u010binturin<\/li>\n<li>O-ring tas-Silikon \u017cejda<\/li>\n<li>G\u0127odda Mini tal-Azzar iddisinjata apposta<\/li>\n<\/ul>\n<p>Sempli\u010bement ehme\u017c il-bokkla pre-assemblata ma\u010b-\u010binturin Lynx tieg\u0127ek g\u0127al u\u017cu immedjat. Is-sett tag\u0127na jipprovdi dak kollu li g\u0127andek b\u017conn g\u0127al a\u0121\u0121ornament ta\u010b-\u010binturin malajr u bla problemi.<\/p>\n<\/div>\n","protected":false},"excerpt":{"rendered":"<p>Kit tal-Bokkla Lynx lest g\u0127all-u\u017cu b&#8217;g\u0127odod g\u0127al assembla\u0121\u0121 fa\u010bli ta\u010b-\u010binturin.<\/p>\n","protected":false},"featured_media":26782,"template":"","meta":{"_acf_changed":false},"product_brand":[11279],"product_cat":[14092,14166],"product_tag":[],"class_list":{"0":"post-45026","1":"product","2":"type-product","3":"status-publish","4":"has-post-thumbnail","6":"product_brand-doublealpha","7":"product_cat-cineg-tal-isport","8":"product_cat-tagmir","10":"first","11":"instock","12":"taxable","13":"shipping-taxable","14":"purchasable","15":"product-type-simple"},"acf":[],"_links":{"self":[{"href":"https:\/\/nbg.eu\/mt\/wp-json\/wp\/v2\/product\/45026","targetHints":{"allow":["GET"]}}],"collection":[{"href":"https:\/\/nbg.eu\/mt\/wp-json\/wp\/v2\/product"}],"about":[{"href":"https:\/\/nbg.eu\/mt\/wp-json\/wp\/v2\/types\/product"}],"wp:featuredmedia":[{"embeddable":true,"href":"https:\/\/nbg.eu\/mt\/wp-json\/wp\/v2\/media\/26782"}],"wp:attachment":[{"href":"https:\/\/nbg.eu\/mt\/wp-json\/wp\/v2\/media?parent=45026"}],"wp:term":[{"taxonomy":"product_brand","embeddable":true,"href":"https:\/\/nbg.eu\/mt\/wp-json\/wp\/v2\/product_brand?post=45026"},{"taxonomy":"product_cat","embeddable":true,"href":"https:\/\/nbg.eu\/mt\/wp-json\/wp\/v2\/product_cat?post=45026"},{"taxonomy":"product_tag","embeddable":true,"href":"https:\/\/nbg.eu\/mt\/wp-json\/wp\/v2\/product_tag?post=45026"}],"curies":[{"name":"wp","href":"https:\/\/api.w.org\/{rel}","templated":true}]}}