{"id":45070,"date":"2024-08-18T12:28:37","date_gmt":"2024-08-18T09:28:37","guid":{"rendered":"https:\/\/nbg.eu\/product\/lynx-belt-steel-mini-punch-tool\/"},"modified":"2026-01-21T11:32:51","modified_gmt":"2026-01-21T08:32:51","slug":"lynx-belt-steel-mini-punch-tool","status":"publish","type":"product","link":"https:\/\/nbg.eu\/mt\/product\/lynx-belt-steel-mini-punch-tool\/","title":{"rendered":"Lynx Belt: Steel Mini Punch Tool"},"content":{"rendered":"<p>L-G\u0127odda tal-Punch Mini tal-Azzar Lynx Belt hija punch tal-azzar mag\u0127mula apposta, kompatta, imfassla g\u0127at-tne\u0127\u0127ija rapida u fa\u010bli ta&#8217; roll pins. Perfetta g\u0127all-a\u0121\u0121ustament ta&#8217; \u0127oloq ta\u010b-\u010binturin, din l-g\u0127odda \u0127afifa tkejjel 70mm fit-tul b&#8217;dijametru tar-ras ta&#8217; 6mm u dijametru tax-xaft ta&#8217; 2.5mm. Ideali g\u0127all-kit tal-g\u0127odda fil-bor\u017ca tieg\u0127ek g\u0127all-shooting range.<\/p>\n","protected":false},"excerpt":{"rendered":"<p>G\u0127odda kompatta tal-azzar g\u0127al a\u0121\u0121ustamenti tal-\u0127oloq ta\u010b-\u010binturin malajr u fa\u010bli.<\/p>\n","protected":false},"featured_media":26713,"template":"","meta":{"_acf_changed":false},"product_brand":[11279],"product_cat":[14092,14166],"product_tag":[],"class_list":{"0":"post-45070","1":"product","2":"type-product","3":"status-publish","4":"has-post-thumbnail","6":"product_brand-doublealpha","7":"product_cat-cineg-tal-isport","8":"product_cat-tagmir","10":"first","11":"outofstock","12":"taxable","13":"shipping-taxable","14":"purchasable","15":"product-type-simple"},"acf":[],"_links":{"self":[{"href":"https:\/\/nbg.eu\/mt\/wp-json\/wp\/v2\/product\/45070","targetHints":{"allow":["GET"]}}],"collection":[{"href":"https:\/\/nbg.eu\/mt\/wp-json\/wp\/v2\/product"}],"about":[{"href":"https:\/\/nbg.eu\/mt\/wp-json\/wp\/v2\/types\/product"}],"wp:featuredmedia":[{"embeddable":true,"href":"https:\/\/nbg.eu\/mt\/wp-json\/wp\/v2\/media\/26713"}],"wp:attachment":[{"href":"https:\/\/nbg.eu\/mt\/wp-json\/wp\/v2\/media?parent=45070"}],"wp:term":[{"taxonomy":"product_brand","embeddable":true,"href":"https:\/\/nbg.eu\/mt\/wp-json\/wp\/v2\/product_brand?post=45070"},{"taxonomy":"product_cat","embeddable":true,"href":"https:\/\/nbg.eu\/mt\/wp-json\/wp\/v2\/product_cat?post=45070"},{"taxonomy":"product_tag","embeddable":true,"href":"https:\/\/nbg.eu\/mt\/wp-json\/wp\/v2\/product_tag?post=45070"}],"curies":[{"name":"wp","href":"https:\/\/api.w.org\/{rel}","templated":true}]}}