{"id":45092,"date":"2024-08-18T12:28:23","date_gmt":"2024-08-18T09:28:23","guid":{"rendered":"https:\/\/nbg.eu\/product\/daa-reloading-press-tool-holder\/"},"modified":"2026-01-21T11:52:04","modified_gmt":"2026-01-21T08:52:04","slug":"daa-reloading-press-tool-holder","status":"publish","type":"product","link":"https:\/\/nbg.eu\/mt\/product\/daa-reloading-press-tool-holder\/","title":{"rendered":"Daa Reloading-Press Tool-Holder"},"content":{"rendered":"<div class=\"product-description\">\n<h2>\u0126owlder tal-G\u0127odda g\u0127all-Press tar-Rikargar DAA<\/h2>\n<p>Organizza l-g\u0127odod tar-rikargar tieg\u0127ek b&#8217;dan il-\u0127owlder konvenjenti! Iddisinjat g\u0127all-preses Dillon RL1100\/1050\/750\/650, jitwa\u0127\u0127al fa\u010bilment ma&#8217; tubi kwadri jew tondi ta&#8217; 1&#8243;.<\/p>\n<ul>\n<li>Kostruzzjoni durabbli ta&#8217; najlon rinforzat bil-fibra tal-\u0127\u0121ie\u0121<\/li>\n<li>Kisi ta\u017c-\u017cebg\u0127a tal-gomma g\u0127al finitura attraenti<\/li>\n<li>I\u017comm 7 \u010bwievet e\u017cagonali, spanner tad-dadi, u 3 g\u0127odod addizzjonali<\/li>\n<li>Kavit\u00e0 kbira g\u0127all-\u0127\u017cin ta&#8217; partijiet \u017cg\u0127ar<\/li>\n<li>Kalamita inkorporata biex i\u017c\u017comm o\u0121\u0121etti metalli\u010bi<\/li>\n<\/ul>\n<p>Tejjeb is-setup tar-rikargar tieg\u0127ek b&#8217;dan il-\u0127owlder tal-g\u0127odda versatili! (L-g\u0127odod mhumiex inklu\u017ci)<\/p>\n<\/div>\n","protected":false},"excerpt":{"rendered":"<p>\u0126owlder versatili mmuntat fuq pressa g\u0127al g\u0127odod u partijiet tar-rikargar.<\/p>\n","protected":false},"featured_media":26575,"template":"","meta":{"_acf_changed":false},"product_brand":[11279],"product_cat":[14133,14144],"product_tag":[],"class_list":{"0":"post-45092","1":"product","2":"type-product","3":"status-publish","4":"has-post-thumbnail","6":"product_brand-doublealpha","7":"product_cat-accessorji-gat-tgabbija-mill-gdid","8":"product_cat-rikargar-mill-gdid","10":"first","11":"outofstock","12":"taxable","13":"shipping-taxable","14":"purchasable","15":"product-type-simple"},"acf":[],"_links":{"self":[{"href":"https:\/\/nbg.eu\/mt\/wp-json\/wp\/v2\/product\/45092","targetHints":{"allow":["GET"]}}],"collection":[{"href":"https:\/\/nbg.eu\/mt\/wp-json\/wp\/v2\/product"}],"about":[{"href":"https:\/\/nbg.eu\/mt\/wp-json\/wp\/v2\/types\/product"}],"wp:featuredmedia":[{"embeddable":true,"href":"https:\/\/nbg.eu\/mt\/wp-json\/wp\/v2\/media\/26575"}],"wp:attachment":[{"href":"https:\/\/nbg.eu\/mt\/wp-json\/wp\/v2\/media?parent=45092"}],"wp:term":[{"taxonomy":"product_brand","embeddable":true,"href":"https:\/\/nbg.eu\/mt\/wp-json\/wp\/v2\/product_brand?post=45092"},{"taxonomy":"product_cat","embeddable":true,"href":"https:\/\/nbg.eu\/mt\/wp-json\/wp\/v2\/product_cat?post=45092"},{"taxonomy":"product_tag","embeddable":true,"href":"https:\/\/nbg.eu\/mt\/wp-json\/wp\/v2\/product_tag?post=45092"}],"curies":[{"name":"wp","href":"https:\/\/api.w.org\/{rel}","templated":true}]}}