{"id":45114,"date":"2024-08-18T12:27:48","date_gmt":"2024-08-18T09:27:48","guid":{"rendered":"https:\/\/nbg.eu\/product\/thigh-pad-for-flex-alpha-x-racer-x-holsters\/"},"modified":"2026-01-21T11:41:07","modified_gmt":"2026-01-21T08:41:07","slug":"thigh-pad-for-flex-alpha-x-racer-x-holsters","status":"publish","type":"product","link":"https:\/\/nbg.eu\/mt\/product\/thigh-pad-for-flex-alpha-x-racer-x-holsters\/","title":{"rendered":"Thigh Pad For Flex \/ Alpha-X \/ Racer-X Holsters"},"content":{"rendered":"<div class=\"product-description\">\n<h2>DAA Thigh Pad g\u0127all-Holsters Flex \/ Alpha-X \/ Racer-X<\/h2>\n<p>Tejjeb l-esperjenza tal-isparar tieg\u0127ek bil-DAA Thigh Pad, kompatibbli ma&#8217; holsters Alpha-X, Racer-X, u FLEX. Dan il-pad versatili joffri:<\/p>\n<ul>\n<li>Installazzjoni fa\u010bli &#8211; l-ebda viti jew kolla mhuma me\u0127tie\u0121a<\/li>\n<li>Qag\u0127da sigura b&#8217;tabs li jikklikkjaw f&#8217;posthom<\/li>\n<li>Disinn kompatt i\u017cda effettiv<\/li>\n<li>Adattat g\u0127al holsters kemm tal-lemin kif ukoll tax-xellug<\/li>\n<\/ul>\n<p>Sempli\u010bement \u017cer\u017caq it-Thigh Pad fuq l-attachment ta\u010b-\u010binturin tal-holster sakemm it-tabs jikklikkjaw f&#8217;posthom. Ne\u0127\u0127ih billi ti\u0121bed it-tabs &#8216;il fuq u ti\u017c\u017cer\u017cqu &#8216;l barra. Dan il-pad huwa \u017c-\u017cieda perfetta g\u0127all-holster Double-Alpha tieg\u0127ek, li jipprovdi kumdit\u00e0 u stabbilt\u00e0 addizzjonali g\u0127al sparaturi ta&#8217; livell g\u0127oli madwar id-dinja.<\/p>\n<\/div>\n","protected":false},"excerpt":{"rendered":"<p>Kuxxinett tal-koxxa g\u0127all-Alpha-X\/Racer-X: Sigur, komdu, l-ebda g\u0127odda ma hi me\u0127tie\u0121a.<\/p>\n","protected":false},"featured_media":26286,"template":"","meta":{"_acf_changed":false},"product_brand":[11279],"product_cat":[14139,14145],"product_tag":[],"class_list":{"0":"post-45114","1":"product","2":"type-product","3":"status-publish","4":"has-post-thumbnail","6":"product_brand-doublealpha","7":"product_cat-accessorji-gall-holster","8":"product_cat-holster-sportiv","10":"first","11":"instock","12":"taxable","13":"shipping-taxable","14":"purchasable","15":"product-type-simple"},"acf":[],"_links":{"self":[{"href":"https:\/\/nbg.eu\/mt\/wp-json\/wp\/v2\/product\/45114","targetHints":{"allow":["GET"]}}],"collection":[{"href":"https:\/\/nbg.eu\/mt\/wp-json\/wp\/v2\/product"}],"about":[{"href":"https:\/\/nbg.eu\/mt\/wp-json\/wp\/v2\/types\/product"}],"wp:featuredmedia":[{"embeddable":true,"href":"https:\/\/nbg.eu\/mt\/wp-json\/wp\/v2\/media\/26286"}],"wp:attachment":[{"href":"https:\/\/nbg.eu\/mt\/wp-json\/wp\/v2\/media?parent=45114"}],"wp:term":[{"taxonomy":"product_brand","embeddable":true,"href":"https:\/\/nbg.eu\/mt\/wp-json\/wp\/v2\/product_brand?post=45114"},{"taxonomy":"product_cat","embeddable":true,"href":"https:\/\/nbg.eu\/mt\/wp-json\/wp\/v2\/product_cat?post=45114"},{"taxonomy":"product_tag","embeddable":true,"href":"https:\/\/nbg.eu\/mt\/wp-json\/wp\/v2\/product_tag?post=45114"}],"curies":[{"name":"wp","href":"https:\/\/api.w.org\/{rel}","templated":true}]}}