{"id":45136,"date":"2024-08-18T09:27:28","date_gmt":"2024-09-10T12:42:28","guid":{"rendered":"https:\/\/nbg.eu\/product\/dillon-precision-daa-223-fast-flow-powder-funnel\/"},"modified":"2026-01-21T11:40:56","modified_gmt":"2026-01-21T08:40:56","slug":"dillon-precision-daa-223-fast-flow-powder-funnel","status":"publish","type":"product","link":"https:\/\/nbg.eu\/mt\/product\/dillon-precision-daa-223-fast-flow-powder-funnel\/","title":{"rendered":"Dillon Precision &#8211; Daa .223 Fast-Flow Powder Funnel"},"content":{"rendered":"<div class=\"product-description\">\n<h2>Dillon Precision &#8211; Lembut tal-Porvli Velo\u010bi DAA .223<\/h2>\n<p>Tejjeb l-esperjenza tieg\u0127ek ta&#8217; rikargar ta&#8217; .223 bil-Lembut Velo\u010bi DAA .223. Imfassal f&#8217;kollaborazzjoni mal-In\u0121inier tas-Sistemi Aerospazjali Andrew Murrell, CSEP, dan il-lembut itejjeb il-konsistenza tal-fluss tal-porvli u jnaqqas it-twa\u0127\u0127il tal-porvli tal-bastun jew tal-frak.<\/p>\n<ul>\n<li>Ma\u0127dum minn azzar inossidabbli SUS303<\/li>\n<li>Finitura tal-mera elettro-illustrata<\/li>\n<li>Re\u017cistenza e\u010b\u010bellenti g\u0127as-sadid u durabilit\u00e0 g\u0127at-tkag\u0127bir<\/li>\n<li>Forma interna unika tal-lembut g\u0127al fluss a\u0127jar tal-porvli<\/li>\n<li>Kompatibbli mal-Kejl tal-Porvli ta&#8217; Dillon<\/li>\n<\/ul>\n<p>Esperjenza d-differenza bil-lembut tag\u0127na ma\u0127dum bi pre\u010bi\u017cjoni, b&#8217;tolleranzi stretti u finitura lixxa b\u0127all-\u0127\u0121ie\u0121 g\u0127all-aqwa prestazzjoni u fluss tal-porvli.<\/p>\n<\/div>\n","protected":false},"excerpt":{"rendered":"<p>Lembut tal-porvli .223 issimplifikat g\u0127al rikarika konsistenti u \u0127ielsa mill-pont.<\/p>\n","protected":false},"featured_media":26240,"template":"","meta":{"_acf_changed":false},"product_brand":[11279],"product_cat":[14133,14144],"product_tag":[],"class_list":{"0":"post-45136","1":"product","2":"type-product","3":"status-publish","4":"has-post-thumbnail","6":"product_brand-doublealpha","7":"product_cat-accessorji-gat-tgabbija-mill-gdid","8":"product_cat-rikargar-mill-gdid","10":"first","11":"instock","12":"taxable","13":"shipping-taxable","14":"purchasable","15":"product-type-simple"},"acf":[],"_links":{"self":[{"href":"https:\/\/nbg.eu\/mt\/wp-json\/wp\/v2\/product\/45136","targetHints":{"allow":["GET"]}}],"collection":[{"href":"https:\/\/nbg.eu\/mt\/wp-json\/wp\/v2\/product"}],"about":[{"href":"https:\/\/nbg.eu\/mt\/wp-json\/wp\/v2\/types\/product"}],"wp:featuredmedia":[{"embeddable":true,"href":"https:\/\/nbg.eu\/mt\/wp-json\/wp\/v2\/media\/26240"}],"wp:attachment":[{"href":"https:\/\/nbg.eu\/mt\/wp-json\/wp\/v2\/media?parent=45136"}],"wp:term":[{"taxonomy":"product_brand","embeddable":true,"href":"https:\/\/nbg.eu\/mt\/wp-json\/wp\/v2\/product_brand?post=45136"},{"taxonomy":"product_cat","embeddable":true,"href":"https:\/\/nbg.eu\/mt\/wp-json\/wp\/v2\/product_cat?post=45136"},{"taxonomy":"product_tag","embeddable":true,"href":"https:\/\/nbg.eu\/mt\/wp-json\/wp\/v2\/product_tag?post=45136"}],"curies":[{"name":"wp","href":"https:\/\/api.w.org\/{rel}","templated":true}]}}