{"id":45158,"date":"2024-08-18T09:26:36","date_gmt":"2024-08-18T09:26:36","guid":{"rendered":"https:\/\/nbg.eu\/product\/daa-magnet-cover\/"},"modified":"2026-01-21T11:42:12","modified_gmt":"2026-01-21T08:42:12","slug":"daa-magnet-cover","status":"publish","type":"product","link":"https:\/\/nbg.eu\/mt\/product\/daa-magnet-cover\/","title":{"rendered":"DAA Magnet Cover"},"content":{"rendered":"<p>\nIl-Kaver tal-Kalamita DAA: Kaver tal-najlon eleganti u re\u017cistenti g\u0127al kalamiti ta&#8217; 48mm. G\u0127andu logo tal-azzar manjetiku tad-DAA. Inaqqas il-\u0121bid manjetiku mhux mixtieq filwaqt li j\u017comm il-funzjonalit\u00e0.<\/p>\n","protected":false},"excerpt":{"rendered":"<p>G\u0127ata eleganti u protettiva g\u0127al kalamiti DAA ta&#8217; 48mm. Tnaqqas l-attrazzjoni manjetika.<\/p>\n","protected":false},"featured_media":26125,"template":"","meta":{"_acf_changed":false},"product_brand":[11279],"product_cat":[14139,14164],"product_tag":[],"class_list":{"0":"post-45158","1":"product","2":"type-product","3":"status-publish","4":"has-post-thumbnail","6":"product_brand-doublealpha","7":"product_cat-accessorji-gall-holster","8":"product_cat-holster","10":"first","11":"instock","12":"taxable","13":"shipping-taxable","14":"purchasable","15":"product-type-simple"},"acf":[],"_links":{"self":[{"href":"https:\/\/nbg.eu\/mt\/wp-json\/wp\/v2\/product\/45158","targetHints":{"allow":["GET"]}}],"collection":[{"href":"https:\/\/nbg.eu\/mt\/wp-json\/wp\/v2\/product"}],"about":[{"href":"https:\/\/nbg.eu\/mt\/wp-json\/wp\/v2\/types\/product"}],"wp:featuredmedia":[{"embeddable":true,"href":"https:\/\/nbg.eu\/mt\/wp-json\/wp\/v2\/media\/26125"}],"wp:attachment":[{"href":"https:\/\/nbg.eu\/mt\/wp-json\/wp\/v2\/media?parent=45158"}],"wp:term":[{"taxonomy":"product_brand","embeddable":true,"href":"https:\/\/nbg.eu\/mt\/wp-json\/wp\/v2\/product_brand?post=45158"},{"taxonomy":"product_cat","embeddable":true,"href":"https:\/\/nbg.eu\/mt\/wp-json\/wp\/v2\/product_cat?post=45158"},{"taxonomy":"product_tag","embeddable":true,"href":"https:\/\/nbg.eu\/mt\/wp-json\/wp\/v2\/product_tag?post=45158"}],"curies":[{"name":"wp","href":"https:\/\/api.w.org\/{rel}","templated":true}]}}