{"id":45180,"date":"2024-08-18T12:26:06","date_gmt":"2024-08-18T09:26:06","guid":{"rendered":"https:\/\/nbg.eu\/product\/premium-belt-security-loop\/"},"modified":"2026-01-21T11:51:44","modified_gmt":"2026-01-21T08:51:44","slug":"premium-belt-security-loop","status":"publish","type":"product","link":"https:\/\/nbg.eu\/mt\/product\/premium-belt-security-loop\/","title":{"rendered":"Premium Belt Security Loop"},"content":{"rendered":"<p>\u017bomm i\u010b-\u010binturin tieg\u0127ek fis-sod bil-DAA Premium Belt Security Loop. Bil-lasktu g\u0127all-kumdit\u00e0 u g\u0127al qabda a\u0127jar, i\u017comm i\u010b-\u010binturin tieg\u0127ek f&#8217;postu waqt sessjonijiet intensivi ta&#8217; sparar. Joqg\u0127od fuq il-bi\u010b\u010ba l-kbira ta\u010b-\u010binturini standard.<\/p>\n","protected":false},"excerpt":{"rendered":"<p>\u010ainga tal-\u0127\u017camma sigura: Qabda tal-lastku, tipprevjeni \u010b-\u010baqliq, taqbel ma\u010b-\u010binturini standard.<\/p>\n","protected":false},"featured_media":26102,"template":"","meta":{"_acf_changed":false},"product_brand":[11279],"product_cat":[14092,14166],"product_tag":[],"class_list":{"0":"post-45180","1":"product","2":"type-product","3":"status-publish","4":"has-post-thumbnail","6":"product_brand-doublealpha","7":"product_cat-cineg-tal-isport","8":"product_cat-tagmir","10":"first","11":"outofstock","12":"taxable","13":"shipping-taxable","14":"purchasable","15":"product-type-simple"},"acf":[],"_links":{"self":[{"href":"https:\/\/nbg.eu\/mt\/wp-json\/wp\/v2\/product\/45180","targetHints":{"allow":["GET"]}}],"collection":[{"href":"https:\/\/nbg.eu\/mt\/wp-json\/wp\/v2\/product"}],"about":[{"href":"https:\/\/nbg.eu\/mt\/wp-json\/wp\/v2\/types\/product"}],"wp:featuredmedia":[{"embeddable":true,"href":"https:\/\/nbg.eu\/mt\/wp-json\/wp\/v2\/media\/26102"}],"wp:attachment":[{"href":"https:\/\/nbg.eu\/mt\/wp-json\/wp\/v2\/media?parent=45180"}],"wp:term":[{"taxonomy":"product_brand","embeddable":true,"href":"https:\/\/nbg.eu\/mt\/wp-json\/wp\/v2\/product_brand?post=45180"},{"taxonomy":"product_cat","embeddable":true,"href":"https:\/\/nbg.eu\/mt\/wp-json\/wp\/v2\/product_cat?post=45180"},{"taxonomy":"product_tag","embeddable":true,"href":"https:\/\/nbg.eu\/mt\/wp-json\/wp\/v2\/product_tag?post=45180"}],"curies":[{"name":"wp","href":"https:\/\/api.w.org\/{rel}","templated":true}]}}