{"id":45331,"date":"2024-08-16T18:09:38","date_gmt":"2024-08-16T18:09:38","guid":{"rendered":"https:\/\/nbg.eu\/product\/weather-dot\/"},"modified":"2026-05-13T15:10:25","modified_gmt":"2026-05-13T12:10:25","slug":"weather-dot","status":"publish","type":"product","link":"https:\/\/nbg.eu\/mt\/product\/weather-dot\/","title":{"rendered":"Calypso Weather DOT"},"content":{"rendered":"<div class=\"product-description\">\n<h2>WeatherDot: Stazzjon tat-Temp Portabbli<\/h2>\n<p>Esperjenza monitora\u0121\u0121 tat-temp bi pre\u010bi\u017cjoni bil-WeatherDot, l-istazzjon tat-temp kompatt u versatili tieg\u0127ek. B&#8217;sensers tat-temperatura, pressjoni, u umdit\u00e0, dan l-apparat \u0127afif joffri:<\/p>\n<ul>\n<li>Konnettivit\u00e0 Bluetooth<\/li>\n<li>\u0126\u017cin ta&#8217; 24,000 punt ta&#8217; data<\/li>\n<li>Kompatibbilt\u00e0 ma&#8217; mount tripod<\/li>\n<li>400 sieg\u0127a ta&#8217; \u0127ajja tal-batterija b&#8217;\u010bar\u0121jar QI bla fili<\/li>\n<li>Kompatibbilt\u00e0 mal-App Anemotracker b&#8217;xejn (iOS\/Android)<\/li>\n<\/ul>\n<p>Perfett g\u0127all-u\u017cu wa\u0127du jew imqabbad mal-miter tar-ri\u0127 Ultrasonic Portable Mini tag\u0127na. Il-pakkett jinkludi l-apparat WeatherDot, \u010bar\u0121jar bla fili QI b&#8217;kejbil USB, u gwida ta&#8217; l-utent qasira.<\/p>\n<p>Ibqa&#8217; infurmat dwar l-ambjent tieg\u0127ek bil-WeatherDot \u2013 is-sie\u0127eb portabbli tat-temp tieg\u0127ek!<\/p>\n<\/div>\n","protected":false},"excerpt":{"rendered":"<p>Stazzjon tat-temp portabbli: temperatura, pressjoni, umdit\u00e0. Bluetooth, kompatibbli mal-app.<\/p>\n","protected":false},"featured_media":102246,"template":"","meta":{"_acf_changed":false},"product_brand":[11180],"product_cat":[14138,14168],"product_tag":[],"class_list":{"0":"post-45331","1":"product","2":"type-product","3":"status-publish","4":"has-post-thumbnail","6":"product_brand-calypso","7":"product_cat-godod","8":"product_cat-meters-tat-temp","10":"first","11":"outofstock","12":"taxable","13":"shipping-taxable","14":"purchasable","15":"product-type-simple"},"acf":[],"_links":{"self":[{"href":"https:\/\/nbg.eu\/mt\/wp-json\/wp\/v2\/product\/45331","targetHints":{"allow":["GET"]}}],"collection":[{"href":"https:\/\/nbg.eu\/mt\/wp-json\/wp\/v2\/product"}],"about":[{"href":"https:\/\/nbg.eu\/mt\/wp-json\/wp\/v2\/types\/product"}],"wp:featuredmedia":[{"embeddable":true,"href":"https:\/\/nbg.eu\/mt\/wp-json\/wp\/v2\/media\/102246"}],"wp:attachment":[{"href":"https:\/\/nbg.eu\/mt\/wp-json\/wp\/v2\/media?parent=45331"}],"wp:term":[{"taxonomy":"product_brand","embeddable":true,"href":"https:\/\/nbg.eu\/mt\/wp-json\/wp\/v2\/product_brand?post=45331"},{"taxonomy":"product_cat","embeddable":true,"href":"https:\/\/nbg.eu\/mt\/wp-json\/wp\/v2\/product_cat?post=45331"},{"taxonomy":"product_tag","embeddable":true,"href":"https:\/\/nbg.eu\/mt\/wp-json\/wp\/v2\/product_tag?post=45331"}],"curies":[{"name":"wp","href":"https:\/\/api.w.org\/{rel}","templated":true}]}}