{"id":45353,"date":"2024-08-16T18:05:19","date_gmt":"2024-08-16T18:05:19","guid":{"rendered":"https:\/\/nbg.eu\/product\/calypso-mini-weather-station-45m-s\/"},"modified":"2026-05-13T15:09:59","modified_gmt":"2026-05-13T12:09:59","slug":"calypso-mini-weather-station-45m-s","status":"publish","type":"product","link":"https:\/\/nbg.eu\/mt\/product\/calypso-mini-weather-station-45m-s\/","title":{"rendered":"Calypso Ultrasonic Portable Mini Wind Meter 45m\/s"},"content":{"rendered":"<h2>Anemometru Ultrasoniku Calypso Mini 45m\/s<\/h2>\n<p>Nippre\u017centaw il-Calypso Mini 45m\/s, soluzzjoni kompatta u versatili g\u0127all-kejl tar-ri\u0127. Dan l-anemometru ultrasoniku u arlo\u0121\u0121 tar-ri\u0127 miniatura jikkombina teknolo\u0121ija avvanzata mal-portabbilt\u00e0.<\/p>\n<h2>Karatteristi\u010bi Ewlenin:<\/h2>\n<ul>\n<li>Konnettivit\u00e0 Bluetooth g\u0127al re\u0121istrazzjoni fa\u010bli tad-data<\/li>\n<li>Ja\u0127dem bil-batterija b&#8217;\u010bar\u0121jar QI bla fili<\/li>\n<li>Sensuri ultrasoni\u010bi g\u0127al prestazzjoni robusta u affidabbli<\/li>\n<li>Ikejjel kemm il-velo\u010bit\u00e0 kif ukoll id-direzzjoni tar-ri\u0127<\/li>\n<li>Daqs kompatt: dijametru ta&#8217; 43mm biss<\/li>\n<li>Konnessjoni femminili ta&#8217; 1\/4&#8243; g\u0127al immuntar fuq tripied<\/li>\n<li>Kompatibbli mal-App Anemotracker<\/li>\n<li>A\u010b\u010bessorju ta&#8217; Munta\u0121\u0121 g\u0127at-Telefon disponibbli b&#8217;g\u0127a\u017cla<\/li>\n<\/ul>\n<p>Perfett g\u0127al diversi industriji u applikazzjonijiet, il-Calypso Mini 45m\/s joffri kejl tar-ri\u0127 ta&#8217; livell professjonali f&#8217;apparat li jin\u017camm fl-idejn. Id-disinn bla fili tieg\u0127u u l-kompatibbilt\u00e0 ma&#8217; gateways NMEA jag\u0127mluh g\u0127a\u017cla ideali kemm g\u0127al u\u017cu wa\u0127du kif ukoll g\u0127al integrazzjoni f&#8217;sistemi e\u017cistenti.<\/p>\n","protected":false},"excerpt":{"rendered":"<p>Anemometru kompatt, Bluetooth li jkejjel il-velo\u010bit\u00e0\/direzzjoni tar-ri\u0127. Jista&#8217; jintu\u017ca permezz ta&#8217; app.<\/p>\n","protected":false},"featured_media":101831,"template":"","meta":{"_acf_changed":false},"product_brand":[11180],"product_cat":[14138,14168],"product_tag":[],"class_list":{"0":"post-45353","1":"product","2":"type-product","3":"status-publish","4":"has-post-thumbnail","6":"product_brand-calypso","7":"product_cat-godod","8":"product_cat-meters-tat-temp","10":"first","11":"instock","12":"taxable","13":"shipping-taxable","14":"purchasable","15":"product-type-simple"},"acf":[],"_links":{"self":[{"href":"https:\/\/nbg.eu\/mt\/wp-json\/wp\/v2\/product\/45353","targetHints":{"allow":["GET"]}}],"collection":[{"href":"https:\/\/nbg.eu\/mt\/wp-json\/wp\/v2\/product"}],"about":[{"href":"https:\/\/nbg.eu\/mt\/wp-json\/wp\/v2\/types\/product"}],"wp:featuredmedia":[{"embeddable":true,"href":"https:\/\/nbg.eu\/mt\/wp-json\/wp\/v2\/media\/101831"}],"wp:attachment":[{"href":"https:\/\/nbg.eu\/mt\/wp-json\/wp\/v2\/media?parent=45353"}],"wp:term":[{"taxonomy":"product_brand","embeddable":true,"href":"https:\/\/nbg.eu\/mt\/wp-json\/wp\/v2\/product_brand?post=45353"},{"taxonomy":"product_cat","embeddable":true,"href":"https:\/\/nbg.eu\/mt\/wp-json\/wp\/v2\/product_cat?post=45353"},{"taxonomy":"product_tag","embeddable":true,"href":"https:\/\/nbg.eu\/mt\/wp-json\/wp\/v2\/product_tag?post=45353"}],"curies":[{"name":"wp","href":"https:\/\/api.w.org\/{rel}","templated":true}]}}