{"id":45477,"date":"2024-08-16T17:57:18","date_gmt":"2024-08-16T17:57:18","guid":{"rendered":"https:\/\/nbg.eu\/product\/clips-ulticlip-3\/"},"modified":"2026-01-21T12:05:01","modified_gmt":"2026-01-21T09:05:01","slug":"clips-ulticlip-3","status":"publish","type":"product","link":"https:\/\/nbg.eu\/mt\/product\/clips-ulticlip-3\/","title":{"rendered":"Clips Ulticlip 3+"},"content":{"rendered":"<div class=\"product-description\">\n<h2>Clips Ulticlip 3+: L-A\u0127jar \u0126abi u \u017bamma<\/h2>\n<p>Esperjenza \u0127abi u \u017camma bla paragun mal-Ulticlip3+. Dan il-klipp mag\u0127mul 100% fl-Amerika joffri:<\/p>\n<ul>\n<li>G\u0127a\u017cla superjuri ta&#8217; \u0121arr ming\u0127ajr \u010binturin<\/li>\n<li>Finitura ta&#8217; ossidu iswed ta&#8217; grad militari<\/li>\n<li>Azzar bil-molla C-1075 ittrattata bis-s\u0127ana (RC 42-49)<\/li>\n<li>Ittrattata bi\u017c-\u017cejt\/xama&#8217; g\u0127al operazzjoni bla xkiel u prevenzjoni tas-sadid<\/li>\n<li>Aktar minn 10 darbiet i\u017c-\u017camma meta mqabbel ma&#8217; klipps standard tal-holster<\/li>\n<\/ul>\n<p>L-Ulticlip3+ g\u0127andu \u017cona \u010batta ta&#8217; mmuntar b&#8217;2 slots u toqba wa\u0127da, li jippermettu g\u0127a\u017cliet versatili ta&#8217; rbit b&#8217;sa 1.70&#8243; spazju bejn it-toqob. B&#8217;tul ta&#8217; 3.5&#8243; x 7\/8&#8243; biss u ji\u017cen 0.78 oz biss, joffri profil minimu b&#8217;\u0127abi massimu.<\/p>\n<p>A\u0121\u0121orna s-sistema tieg\u0127ek ta&#8217; \u0121arr bl-Ulticlip3+ illum!<\/p>\n<\/div>\n","protected":false},"excerpt":{"rendered":"<p>Klipp sigur u rqiq g\u0127al \u0121arr ming\u0127ajr \u010binturin. G\u0127a\u017cliet diversi ta&#8217; mmuntar.<\/p>\n","protected":false},"featured_media":22723,"template":"","meta":{"_acf_changed":false},"product_brand":[14639],"product_cat":[14139,14166],"product_tag":[],"class_list":{"0":"post-45477","1":"product","2":"type-product","3":"status-publish","4":"has-post-thumbnail","6":"product_brand-ulticlip","7":"product_cat-accessorji-gall-holster","8":"product_cat-tagmir","10":"first","11":"outofstock","12":"taxable","13":"shipping-taxable","14":"purchasable","15":"product-type-simple"},"acf":[],"_links":{"self":[{"href":"https:\/\/nbg.eu\/mt\/wp-json\/wp\/v2\/product\/45477","targetHints":{"allow":["GET"]}}],"collection":[{"href":"https:\/\/nbg.eu\/mt\/wp-json\/wp\/v2\/product"}],"about":[{"href":"https:\/\/nbg.eu\/mt\/wp-json\/wp\/v2\/types\/product"}],"wp:featuredmedia":[{"embeddable":true,"href":"https:\/\/nbg.eu\/mt\/wp-json\/wp\/v2\/media\/22723"}],"wp:attachment":[{"href":"https:\/\/nbg.eu\/mt\/wp-json\/wp\/v2\/media?parent=45477"}],"wp:term":[{"taxonomy":"product_brand","embeddable":true,"href":"https:\/\/nbg.eu\/mt\/wp-json\/wp\/v2\/product_brand?post=45477"},{"taxonomy":"product_cat","embeddable":true,"href":"https:\/\/nbg.eu\/mt\/wp-json\/wp\/v2\/product_cat?post=45477"},{"taxonomy":"product_tag","embeddable":true,"href":"https:\/\/nbg.eu\/mt\/wp-json\/wp\/v2\/product_tag?post=45477"}],"curies":[{"name":"wp","href":"https:\/\/api.w.org\/{rel}","templated":true}]}}