{"id":45560,"date":"2024-08-16T11:10:46","date_gmt":"2024-08-16T11:10:46","guid":{"rendered":"https:\/\/nbg.eu\/product\/barwarus-knob-for-ak47-charging-handle\/"},"modified":"2026-01-21T12:22:14","modified_gmt":"2026-01-21T09:22:14","slug":"barwarus-knob-for-ak47-charging-handle","status":"publish","type":"product","link":"https:\/\/nbg.eu\/mt\/product\/barwarus-knob-for-ak47-charging-handle\/","title":{"rendered":"Barwarus\u00a0Knob for AK47 (charging handle)"},"content":{"rendered":"<div class=\"product-description\">\n<h2>Pum Barwarus g\u0127all-Manku tal-I\u010b\u010bar\u0121jar tal-AK47<\/h2>\n<p>A\u0121\u0121orna l-AK47 tieg\u0127ek bil-Pum Barwarus, it-titjib a\u0127\u0127ari g\u0127all-manku tal-i\u010b\u010bar\u0121jar tieg\u0127ek. Dan l-a\u010b\u010bessorju mfassal bi pre\u010bi\u017cjoni jitwa\u0127\u0127al fa\u010bilment mal-manku tal-i\u010b\u010bar\u0121jar e\u017cistenti tieg\u0127ek, u jipprovdi pum lixx u kbir g\u0127al operazzjoni tal-arma bla sforz.<\/p>\n<ul>\n<li>Imfassal b&#8217;attenzjoni biex joqg\u0127od mal-AK47 u mudelli simili<\/li>\n<li>Forma ergonomika toqg\u0127od komda fi kwalunkwe po\u017cizzjoni tas-swaba&#8217;<\/li>\n<li>Twa\u0127\u0127il sikur jipprevjeni problemi ta&#8217; \u0127ru\u0121 komuni ma&#8217; pumijiet o\u0127ra<\/li>\n<li>M&#8217;hemmx b\u017conn ta&#8217; wweldjar &#8211; ju\u017ca l-vit e\u017cistenti g\u0127al installazzjoni fa\u010bli<\/li>\n<li>Kompatibbli mal-bi\u010b\u010ba l-kbira tal-varjanti tal-AK47<\/li>\n<\/ul>\n<p>Esperjenza mani\u0121\u0121 u affidabilit\u00e0 mtejba bil-Pum Barwarus. G\u0127olli l-esperjenza tal-isparar tieg\u0127ek illum!<\/p>\n<\/div>\n","protected":false},"excerpt":{"rendered":"<p>Pum tal-mani\u0121\u0121 tal-i\u010b\u010bar\u0121jar AK47 imsa\u0127\u0127a\u0127 g\u0127al t\u0127addim aktar fa\u010bli<\/p>\n","protected":false},"featured_media":101463,"template":"","meta":{"_acf_changed":false},"product_brand":[11110],"product_cat":[14096,14119],"product_tag":[],"class_list":{"0":"post-45560","1":"product","2":"type-product","3":"status-publish","4":"has-post-thumbnail","6":"product_brand-barwarus","7":"product_cat-tuning-ak","8":"product_cat-tuning-tar-rifle","10":"first","11":"outofstock","12":"taxable","13":"shipping-taxable","14":"purchasable","15":"product-type-variable","16":"wvs-archive-product-wrapper"},"acf":[],"_links":{"self":[{"href":"https:\/\/nbg.eu\/mt\/wp-json\/wp\/v2\/product\/45560","targetHints":{"allow":["GET"]}}],"collection":[{"href":"https:\/\/nbg.eu\/mt\/wp-json\/wp\/v2\/product"}],"about":[{"href":"https:\/\/nbg.eu\/mt\/wp-json\/wp\/v2\/types\/product"}],"wp:featuredmedia":[{"embeddable":true,"href":"https:\/\/nbg.eu\/mt\/wp-json\/wp\/v2\/media\/101463"}],"wp:attachment":[{"href":"https:\/\/nbg.eu\/mt\/wp-json\/wp\/v2\/media?parent=45560"}],"wp:term":[{"taxonomy":"product_brand","embeddable":true,"href":"https:\/\/nbg.eu\/mt\/wp-json\/wp\/v2\/product_brand?post=45560"},{"taxonomy":"product_cat","embeddable":true,"href":"https:\/\/nbg.eu\/mt\/wp-json\/wp\/v2\/product_cat?post=45560"},{"taxonomy":"product_tag","embeddable":true,"href":"https:\/\/nbg.eu\/mt\/wp-json\/wp\/v2\/product_tag?post=45560"}],"curies":[{"name":"wp","href":"https:\/\/api.w.org\/{rel}","templated":true}]}}