{"id":45717,"date":"2024-08-03T14:57:22","date_gmt":"2024-09-10T14:56:53","guid":{"rendered":"https:\/\/nbg.eu\/product\/rh-sport-pistol-mag-holder\/"},"modified":"2026-01-21T11:33:04","modified_gmt":"2026-01-21T08:33:04","slug":"rh-sport-pistol-mag-holder","status":"publish","type":"product","link":"https:\/\/nbg.eu\/mt\/product\/rh-sport-pistol-mag-holder\/","title":{"rendered":"RH Sport Pistol Mag Holder"},"content":{"rendered":"<p>Il-RH Sport Pistol Mag Holder huwa soluzzjoni ta&#8217; kwalit\u00e0 g\u0127olja g\u0127all-\u0121arr mo\u0127bi u l-u\u017cu fil-kamp tal-isparar barra l-\u0127\u017ciem. Dan jinkludi:<\/p>\n<ul>\n<li>Kostruzzjoni ta&#8217; Kydex ta&#8217; 2mm mag\u0127mula b&#8217;vakwu<\/li>\n<li>Adattament pre\u010bi\u017c g\u0127all-\u0121arr ta&#8217; ma\u0121azin wie\u0127ed jew doppju<\/li>\n<li>Indentazzjonijiet \u010bari b&#8217;truf lixxi u maqtug\u0127in bl-idejn<\/li>\n<li>Kostruzzjoni b&#8217;rivits vojta re\u017cistenti<\/li>\n<li>A\u010b\u010bessibilit\u00e0 fa\u010bli g\u0127al rikarika rapida<\/li>\n<\/ul>\n<p>Ma\u0127dum g\u0127all-kumdit\u00e0 u l-affidabilit\u00e0, huwa l-kompanju perfett g\u0127all-arma tieg\u0127ek.<\/p>\n","protected":false},"excerpt":{"rendered":"<p>\u0126a\u017cna tal-magazin Kydex OWB sigura g\u0127al a\u010b\u010bess mg\u0127a\u0121\u0121el fil-kamp tal-isparar jew g\u0127al \u0121arr mo\u0127bi ta&#8217; arma.<\/p>\n","protected":false},"featured_media":45718,"template":"","meta":{"_acf_changed":false},"product_brand":[11637],"product_cat":[14164,14149],"product_tag":[],"class_list":{"0":"post-45717","1":"product","2":"type-product","3":"status-publish","4":"has-post-thumbnail","6":"product_brand-rh-holsters","7":"product_cat-holster","8":"product_cat-zamm-tal-magazines","9":"pa_model-kmr-spectra-mt","10":"pa_strong-hand-right-mt","12":"first","13":"instock","14":"taxable","15":"shipping-taxable","16":"purchasable","17":"product-type-variable","18":"wvs-archive-product-wrapper"},"acf":[],"_links":{"self":[{"href":"https:\/\/nbg.eu\/mt\/wp-json\/wp\/v2\/product\/45717","targetHints":{"allow":["GET"]}}],"collection":[{"href":"https:\/\/nbg.eu\/mt\/wp-json\/wp\/v2\/product"}],"about":[{"href":"https:\/\/nbg.eu\/mt\/wp-json\/wp\/v2\/types\/product"}],"wp:featuredmedia":[{"embeddable":true,"href":"https:\/\/nbg.eu\/mt\/wp-json\/wp\/v2\/media\/45718"}],"wp:attachment":[{"href":"https:\/\/nbg.eu\/mt\/wp-json\/wp\/v2\/media?parent=45717"}],"wp:term":[{"taxonomy":"product_brand","embeddable":true,"href":"https:\/\/nbg.eu\/mt\/wp-json\/wp\/v2\/product_brand?post=45717"},{"taxonomy":"product_cat","embeddable":true,"href":"https:\/\/nbg.eu\/mt\/wp-json\/wp\/v2\/product_cat?post=45717"},{"taxonomy":"product_tag","embeddable":true,"href":"https:\/\/nbg.eu\/mt\/wp-json\/wp\/v2\/product_tag?post=45717"}],"curies":[{"name":"wp","href":"https:\/\/api.w.org\/{rel}","templated":true}]}}