{"id":45965,"date":"2024-08-03T17:10:30","date_gmt":"2024-08-03T14:10:30","guid":{"rendered":"https:\/\/nbg.eu\/product\/rh-classic-iwb-holster\/"},"modified":"2026-05-13T17:05:16","modified_gmt":"2026-05-13T14:05:16","slug":"rh-classic-iwb-holster","status":"publish","type":"product","link":"https:\/\/nbg.eu\/mt\/product\/rh-classic-iwb-holster\/","title":{"rendered":"RH Classic IWB Holster"},"content":{"rendered":"<p>Il-RH Classic IWB Holster joffri kumdit\u00e0 g\u0127all-\u0121arr mo\u0127bi. Il-karatteristi\u010bi jinkludu:<\/p>\n<ul>\n<li>Kydex ippressat bil-vakwu g\u0127al qisien pre\u010bi\u017ci tal-arma<\/li>\n<li>Qabda u inklinazzjoni a\u0121\u0121ustabbli<\/li>\n<li>Attachments fakultattivi ta&#8217; claw u ERC<\/li>\n<li>Profil irqiq g\u0127al printing minimu<\/li>\n<li>Truf maqtug\u0127in bl-idejn g\u0127all-kumdit\u00e0<\/li>\n<li>Kostruzzjoni ta&#8217; bi\u010b\u010ba wa\u0127da<\/li>\n<li>Disinn b&#8217;qieg\u0127 miftu\u0127 g\u0127al versatilit\u00e0<\/li>\n<\/ul>\n<p>Adattat g\u0127all-\u0121arr ta&#8217; kuljum diskret.<\/p>\n","protected":false},"excerpt":{"rendered":"<p>Holster IWB irqiq: A\u0121\u0121ustabbli, \u0121arr mo\u0127bi b&#8217;g\u0127a\u017cliet ta&#8217; difer u ERC.<\/p>\n","protected":false},"featured_media":45967,"template":"","meta":{"_acf_changed":false},"product_brand":[11637],"product_cat":[14164,14131],"product_tag":[],"class_list":{"0":"post-45965","1":"product","2":"type-product","3":"status-publish","4":"has-post-thumbnail","6":"product_brand-rh-holsters","7":"product_cat-holster","8":"product_cat-holster-tattiku","9":"pa_belt-size-40mm-mt","10":"pa_claw-with-aiwb-mt","11":"pa_claw-without-standard-mt","12":"pa_clips-flushclip-mt","13":"pa_light-surefire-x300-ultra-a-mt","14":"pa_light-surefire-x300-a","15":"pa_light-without-light-mt","16":"pa_model-glock-17-mt","17":"pa_model-glock-19-34","18":"pa_model-glock-26-27-mt","19":"pa_strong-hand-right-mt","21":"first","22":"instock","23":"taxable","24":"shipping-taxable","25":"purchasable","26":"product-type-variable","27":"wvs-archive-product-wrapper"},"acf":[],"_links":{"self":[{"href":"https:\/\/nbg.eu\/mt\/wp-json\/wp\/v2\/product\/45965","targetHints":{"allow":["GET"]}}],"collection":[{"href":"https:\/\/nbg.eu\/mt\/wp-json\/wp\/v2\/product"}],"about":[{"href":"https:\/\/nbg.eu\/mt\/wp-json\/wp\/v2\/types\/product"}],"wp:featuredmedia":[{"embeddable":true,"href":"https:\/\/nbg.eu\/mt\/wp-json\/wp\/v2\/media\/45967"}],"wp:attachment":[{"href":"https:\/\/nbg.eu\/mt\/wp-json\/wp\/v2\/media?parent=45965"}],"wp:term":[{"taxonomy":"product_brand","embeddable":true,"href":"https:\/\/nbg.eu\/mt\/wp-json\/wp\/v2\/product_brand?post=45965"},{"taxonomy":"product_cat","embeddable":true,"href":"https:\/\/nbg.eu\/mt\/wp-json\/wp\/v2\/product_cat?post=45965"},{"taxonomy":"product_tag","embeddable":true,"href":"https:\/\/nbg.eu\/mt\/wp-json\/wp\/v2\/product_tag?post=45965"}],"curies":[{"name":"wp","href":"https:\/\/api.w.org\/{rel}","templated":true}]}}